{"id":2502,"date":"2025-10-06T17:06:55","date_gmt":"2025-10-06T17:06:55","guid":{"rendered":"https:\/\/red-carpet.rs\/?page_id=2502"},"modified":"2025-10-06T17:23:07","modified_gmt":"2025-10-06T17:23:07","slug":"saveti","status":"publish","type":"page","link":"https:\/\/red-carpet.rs\/en\/saveti\/","title":{"rendered":"Saveti"},"content":{"rendered":"<div data-elementor-type=\"wp-page\" data-elementor-id=\"2502\" class=\"elementor elementor-2502\">\n\t\t\t\t<div class=\"elementor-element elementor-element-0580161 e-flex e-con-boxed e-con e-parent\" data-id=\"0580161\" data-element_type=\"container\" data-e-type=\"container\">\n\t\t\t\t\t<div class=\"e-con-inner\">\n\t\t\t\t<div class=\"elementor-element elementor-element-706df05 elementor-widget elementor-widget-text-editor\" data-id=\"706df05\" data-element_type=\"widget\" data-e-type=\"widget\" data-widget_type=\"text-editor.default\">\n\t\t\t\t<div class=\"elementor-widget-container\">\n\t\t\t\t\t\t\t\t\t<p style=\"text-align: center;\"><strong>Kako \u010duvati jakne sa krznenim kragnama leti?<\/strong><\/p><p>Pravilno \u010duvanje jakni sa krznenim kragnama tokom leta je klju\u010dno za odr\u017eavanje njihovog kvaliteta i dugove\u010dnosti. Kao pouzdan dobavlja\u010d jakni sa krznenim kragnama, razumemo va\u017enost pru\u017eanja najboljih praksi za \u010duvanje ovih luksuznih predmeta. U ovom blog postu podelic\u0301u neke nau\u010dne i prakti\u010dne savete kako bismo osigurali da va\u0161e jakne sa krznenim kragnama ostanu u besprekornom stanju do sledec\u0301e hladne sezone.<\/p><p><strong><span style=\"font-style: inherit;\">Za\u0161to je pravilno skladi\u0161tenje va\u017eno<\/span><\/strong><\/p><p>Jakne sa krznenim kragnama su napravljene od visokokvalitetnih materijala, uklju\u010dujuc\u0301i punjenje od perja ili sintetike, i kragne od pravog ili ve\u0161ta\u010dkog krzna. Ovi materijali mogu biti osetljivi na faktore okoline kao \u0161to su toplota, vlaga i \u0161teto\u010dine. Nepravilno skladi\u0161tenje mo\u017ee dovesti do raznih problema, uklju\u010dujuc\u0301i gubitak elasti\u010dnosti punjenja, zapetljavanje krzna i rast bu\u0111i i plesni. Pratec\u0301i pravilne metode skladi\u0161tenja, mo\u017eete spre\u010diti ove probleme i odr\u017eati svoje jakne u najboljem moguc\u0301em stanju i [rijatno ih nosite godinama.<\/p><p><a href=\"https:\/\/www.elegant.rs\/\">\u010ci\u0161c\u0301enje pre skladi\u0161tenja<\/a><\/p><p>Pre skladi\u0161tenja jakni sa krznenim kragnama, klju\u010dno je da ih temeljno o\u010distite. Prljav\u0161tina, znoj i mrlje mogu privuc\u0301i \u0161teto\u010dine i vremenom prouzrokovati o\u0161tec\u0301enja. Za perjanu jaknu, proverite etiketu za negu. Vec\u0301ina perjanih ili sinteti\u010dkih jakni mo\u017ee se prati u ma\u0161ini na ne\u017enom ciklusu koristec\u0301i blagi deterd\u017eent posebno dizajniran za perje ili sinteti\u010dke tkanine. Izbegavajte upotrebu izbeljiva\u010da ili omek\u0161iva\u010da, jer mogu o\u0161tetiti punjenje i tkaninu.\u00a0<\/p><p>Za krznenu kragnu, ako je od pravog krzna, najbolje je da je odnesete <a href=\"https:\/\/www.elegant.rs\/\">profesionalnom \u010dista\u010du krzna<\/a>. Oni imaju stru\u010dnost i odgovarajuc\u0301a sredstva za \u010di\u0161c\u0301enje kako bi o\u010distili krzno bez o\u0161tec\u0301enja. Specijalizovane radnje koje smo isprobali i provereno dobro rade:<a href=\"https:\/\/www.elegant.rs\/\">\u00a0Elegant Plus Novi Sad<\/a>, Krznene kragne se obi\u010dno mogu \u010distiti vla\u017enom krpom i blagim rastvorom sapuna. Obavezno osu\u0161ite jaknu i krznenu kragnu pre nego \u0161to pre\u0111ete na korak skladi\u0161tenja.\u00a0<\/p><p><strong>Izbor pravog mesta za skladi\u0161tenje<\/strong><\/p><p>Mesto skladi\u0161tenja igra vitalnu ulogu u o\u010duvanju kvaliteta krznenih jakni sa krznenim kragnama. Evo nekoliko klju\u010dnih faktora koje treba uzeti u obzir:<\/p><p>Savremeni asimetri\u010dni tren\u010dkot u maslinastoj boji<\/p><p><strong>Temperatura<\/strong><\/p><p>Idealna temperatura skladi\u0161tenja krznenih i perjanih jakni je izme\u0111u 1,7\u00b0C i 10\u00b0C. Izbegavajte skladi\u0161tenje u prostorijama sklonim ekstremnim temperaturnim kolebanjima, kao \u0161to su tavan ili podrum. Visoke temperature mogu prouzrokovati da paperje ispuni tavan i da krzno postane suvo i krhko.<\/p><p><strong>Vla\u017enost<\/strong><\/p><p>Nivo vla\u017enosti treba odr\u017eavati izme\u0111u 40% i 55%. Prekomerna vla\u017enost mo\u017ee dovesti do pojave bu\u0111i i plesni, dok niska vla\u017enost mo\u017ee prouzrokovati isu\u0161ivanje krzna. Mo\u017eete koristiti odvla\u017eiva\u010d vazduha ili ovla\u017eiva\u010d vazduha da biste regulisali vla\u017enost u prostoru za skladi\u0161tenje, u zavisnosti od lokalne klime.<\/p><p><strong>Ventilacija<\/strong><\/p><p>Dobra ventilacija je neophodna kako bi se spre\u010dilo nakupljanje ustajalih mirisa i plesni. Izaberite prostor za skladi\u0161tenje sa odgovarajuc\u0301im protokom vazduha, kao \u0161to je ormar sa vratima sa letvicama ili dobro provetren prostor za skladi\u0161tenje.<\/p><p><strong>Kontejneri i ve\u0161alice<\/strong><\/p><p><strong>Kontejneri<\/strong><\/p><p>Koristite prozra\u010dne kontejnere za skladi\u0161tenje, kao \u0161to su pamu\u010dne kese za odec\u0301u, za skladi\u0161tenje krznenih jakni. Plasti\u010dne kese mogu zadr\u017eati vlagu, \u0161to mo\u017ee dovesti do pojave bu\u0111i. Pamu\u010dne kese omoguc\u0301avaju cirkulaciju vazduha oko jakne, odr\u017eavajuc\u0301i je sve\u017eom. Izbegavajte upotrebu vakuumskih kesa, jer se mogu sabiti i o\u0161tetiti krzno.<\/p><p><strong>Ogrlice<\/strong><\/p><p>Izaberite ve\u0161alice sa ramenima koja podr\u017eavaju oblik jakne. Uske ve\u0161alice mogu prouzrokovati istezanje i gubitak oblika ramena jakne tokom vremena. Za krznene ogrlice, uverite se da slobodno vise, a da nisu zgnje\u010dene ili savijene.<\/p><p>\u00a0<\/p><p><strong>Dodatne mere predostro\u017enosti<\/strong><\/p><ul><li>Suzbijanje \u0161teto\u010dina<\/li><\/ul><p>Da biste za\u0161titili svoje jakne od \u0161teto\u010dina poput moljaca i buba, stavite prirodni repelent protiv \u0161teto\u010dina u prostor za skladi\u0161tenje. Kedrovi komadic\u0301i, kesice lavande ili su\u0161eni ruzmarin mogu biti efikasni u odbijanju \u0161teto\u010dina. Izbegavajte upotrebu hemijskih kuglica protiv moljaca, jer mogu ostaviti jak miris na jakni i mogu biti \u0161tetni za krzno i tkaninu.<\/p><ul><li>Izbegavajte kompresiju<\/li><\/ul><p>Ne stavljajte te\u0161ke predmete na krznene ogrlice. Kompresija mo\u017ee spljo\u0161titi paperje i o\u0161tetiti krzno. Ako treba da skladi\u0161tite vi\u0161e jakni, oka\u010dite ih jednu pored druge sa dovoljno prostora izme\u0111u svake.<\/p><p><a href=\"https:\/\/red-carpet.rs\/en\/kontakt\/\">Kontaktirajte nas za kupovinu<\/a><\/p><p>Ponosni smo \u0161to preko 15 godina ditribuiramo visokokvalitetne krznene jakne.<\/p>\t\t\t\t\t\t\t\t<\/div>\n\t\t\t\t<\/div>\n\t\t\t\t\t<\/div>\n\t\t\t\t<\/div>\n\t\t\t\t<\/div>","protected":false},"excerpt":{"rendered":"<p>Kako \u010duvati jakne sa krznenim kragnama leti? Pravilno \u010duvanje jakni sa krznenim kragnama tokom leta je klju\u010dno za odr\u017eavanje njihovog kvaliteta i dugove\u010dnosti. Kao pouzdan dobavlja\u010d jakni sa krznenim kragnama, razumemo va\u017enost pru\u017eanja najboljih praksi za \u010duvanje ovih luksuznih predmeta. U ovom blog postu podelic\u0301u neke nau\u010dne i prakti\u010dne savete kako bismo osigurali da va\u0161e [&hellip;]<\/p>\n","protected":false},"author":1,"featured_media":0,"parent":0,"menu_order":0,"comment_status":"closed","ping_status":"closed","template":"","meta":{"site-sidebar-layout":"no-sidebar","site-content-layout":"page-builder","ast-site-content-layout":"full-width-container","site-content-style":"default","site-sidebar-style":"default","ast-global-header-display":"","ast-banner-title-visibility":"","ast-main-header-display":"","ast-hfb-above-header-display":"","ast-hfb-below-header-display":"","ast-hfb-mobile-header-display":"","site-post-title":"disabled","ast-breadcrumbs-content":"","ast-featured-img":"disabled","footer-sml-layout":"","theme-transparent-header-meta":"","adv-header-id-meta":"","stick-header-meta":"","header-above-stick-meta":"","header-main-stick-meta":"","header-below-stick-meta":"","astra-migrate-meta-layouts":"default","ast-page-background-enabled":"default","ast-page-background-meta":{"desktop":{"background-color":"var(--ast-global-color-4)","background-image":"","background-repeat":"repeat","background-position":"center center","background-size":"auto","background-attachment":"scroll","background-type":"","background-media":"","overlay-type":"","overlay-color":"","overlay-opacity":"","overlay-gradient":""},"tablet":{"background-color":"","background-image":"","background-repeat":"repeat","background-position":"center center","background-size":"auto","background-attachment":"scroll","background-type":"","background-media":"","overlay-type":"","overlay-color":"","overlay-opacity":"","overlay-gradient":""},"mobile":{"background-color":"","background-image":"","background-repeat":"repeat","background-position":"center center","background-size":"auto","background-attachment":"scroll","background-type":"","background-media":"","overlay-type":"","overlay-color":"","overlay-opacity":"","overlay-gradient":""}},"ast-content-background-meta":{"desktop":{"background-color":"var(--ast-global-color-5)","background-image":"","background-repeat":"repeat","background-position":"center center","background-size":"auto","background-attachment":"scroll","background-type":"","background-media":"","overlay-type":"","overlay-color":"","overlay-opacity":"","overlay-gradient":""},"tablet":{"background-color":"var(--ast-global-color-5)","background-image":"","background-repeat":"repeat","background-position":"center center","background-size":"auto","background-attachment":"scroll","background-type":"","background-media":"","overlay-type":"","overlay-color":"","overlay-opacity":"","overlay-gradient":""},"mobile":{"background-color":"var(--ast-global-color-5)","background-image":"","background-repeat":"repeat","background-position":"center center","background-size":"auto","background-attachment":"scroll","background-type":"","background-media":"","overlay-type":"","overlay-color":"","overlay-opacity":"","overlay-gradient":""}},"footnotes":""},"class_list":["post-2502","page","type-page","status-publish","hentry"],"yoast_head":"<!-- This site is optimized with the Yoast SEO plugin v27.4 - https:\/\/yoast.com\/product\/yoast-seo-wordpress\/ -->\n<title>Saveti - Red Carpet Novi Sad<\/title>\n<meta name=\"robots\" content=\"index, follow, max-snippet:-1, max-image-preview:large, max-video-preview:-1\" \/>\n<link rel=\"canonical\" href=\"https:\/\/red-carpet.rs\/en\/saveti\/\" \/>\n<meta property=\"og:locale\" content=\"en_GB\" \/>\n<meta property=\"og:type\" content=\"article\" \/>\n<meta property=\"og:title\" content=\"Saveti - Red Carpet Novi Sad\" \/>\n<meta property=\"og:description\" content=\"Kako \u010duvati jakne sa krznenim kragnama leti? Pravilno \u010duvanje jakni sa krznenim kragnama tokom leta je klju\u010dno za odr\u017eavanje njihovog kvaliteta i dugove\u010dnosti. Kao pouzdan dobavlja\u010d jakni sa krznenim kragnama, razumemo va\u017enost pru\u017eanja najboljih praksi za \u010duvanje ovih luksuznih predmeta. U ovom blog postu podelic\u0301u neke nau\u010dne i prakti\u010dne savete kako bismo osigurali da va\u0161e [&hellip;]\" \/>\n<meta property=\"og:url\" content=\"https:\/\/red-carpet.rs\/en\/saveti\/\" \/>\n<meta property=\"og:site_name\" content=\"Red Carpet Novi Sad\" \/>\n<meta property=\"article:publisher\" content=\"https:\/\/www.facebook.com\/RedCarpetItalianFashionStore\/\" \/>\n<meta property=\"article:modified_time\" content=\"2025-10-06T17:23:07+00:00\" \/>\n<meta name=\"twitter:card\" content=\"summary_large_image\" \/>\n<meta name=\"twitter:label1\" content=\"Estimated reading time\" \/>\n\t<meta name=\"twitter:data1\" content=\"4 minutes\" \/>\n<script type=\"application\/ld+json\" class=\"yoast-schema-graph\">{\"@context\":\"https:\\\/\\\/schema.org\",\"@graph\":[{\"@type\":\"WebPage\",\"@id\":\"https:\\\/\\\/red-carpet.rs\\\/saveti\\\/\",\"url\":\"https:\\\/\\\/red-carpet.rs\\\/saveti\\\/\",\"name\":\"Saveti - Red Carpet Novi Sad\",\"isPartOf\":{\"@id\":\"https:\\\/\\\/alu.zyc.temporary.site\\\/#website\"},\"datePublished\":\"2025-10-06T17:06:55+00:00\",\"dateModified\":\"2025-10-06T17:23:07+00:00\",\"breadcrumb\":{\"@id\":\"https:\\\/\\\/red-carpet.rs\\\/saveti\\\/#breadcrumb\"},\"inLanguage\":\"en-GB\",\"potentialAction\":[{\"@type\":\"ReadAction\",\"target\":[\"https:\\\/\\\/red-carpet.rs\\\/saveti\\\/\"]}]},{\"@type\":\"BreadcrumbList\",\"@id\":\"https:\\\/\\\/red-carpet.rs\\\/saveti\\\/#breadcrumb\",\"itemListElement\":[{\"@type\":\"ListItem\",\"position\":1,\"name\":\"Home\",\"item\":\"https:\\\/\\\/red-carpet.rs\\\/\"},{\"@type\":\"ListItem\",\"position\":2,\"name\":\"Saveti\"}]},{\"@type\":\"WebSite\",\"@id\":\"https:\\\/\\\/alu.zyc.temporary.site\\\/#website\",\"url\":\"https:\\\/\\\/alu.zyc.temporary.site\\\/\",\"name\":\"Red Carpet Novi Sad\",\"description\":\"italijanska odeca i obuca Novi Sad\",\"publisher\":{\"@id\":\"https:\\\/\\\/alu.zyc.temporary.site\\\/#organization\"},\"potentialAction\":[{\"@type\":\"SearchAction\",\"target\":{\"@type\":\"EntryPoint\",\"urlTemplate\":\"https:\\\/\\\/alu.zyc.temporary.site\\\/?s={search_term_string}\"},\"query-input\":{\"@type\":\"PropertyValueSpecification\",\"valueRequired\":true,\"valueName\":\"search_term_string\"}}],\"inLanguage\":\"en-GB\"},{\"@type\":\"Organization\",\"@id\":\"https:\\\/\\\/alu.zyc.temporary.site\\\/#organization\",\"name\":\"Red Carpet Novi Sad\",\"url\":\"https:\\\/\\\/alu.zyc.temporary.site\\\/\",\"logo\":{\"@type\":\"ImageObject\",\"inLanguage\":\"en-GB\",\"@id\":\"https:\\\/\\\/alu.zyc.temporary.site\\\/#\\\/schema\\\/logo\\\/image\\\/\",\"url\":\"https:\\\/\\\/i0.wp.com\\\/red-carpet.rs\\\/wp-content\\\/uploads\\\/2025\\\/06\\\/cropped-cropped-red-carpet-izmene-scaled-2.jpg?fit=1307%2C1117&ssl=1\",\"contentUrl\":\"https:\\\/\\\/i0.wp.com\\\/red-carpet.rs\\\/wp-content\\\/uploads\\\/2025\\\/06\\\/cropped-cropped-red-carpet-izmene-scaled-2.jpg?fit=1307%2C1117&ssl=1\",\"width\":1307,\"height\":1117,\"caption\":\"Red Carpet Novi Sad\"},\"image\":{\"@id\":\"https:\\\/\\\/alu.zyc.temporary.site\\\/#\\\/schema\\\/logo\\\/image\\\/\"},\"sameAs\":[\"https:\\\/\\\/www.facebook.com\\\/RedCarpetItalianFashionStore\\\/\",\"https:\\\/\\\/www.instagram.com\\\/redcarpetfashionstore\\\/\"]}]}<\/script>\n<!-- \/ Yoast SEO plugin. -->","yoast_head_json":{"title":"Saveti - Red Carpet Novi Sad","robots":{"index":"index","follow":"follow","max-snippet":"max-snippet:-1","max-image-preview":"max-image-preview:large","max-video-preview":"max-video-preview:-1"},"canonical":"https:\/\/red-carpet.rs\/en\/saveti\/","og_locale":"en_GB","og_type":"article","og_title":"Saveti - Red Carpet Novi Sad","og_description":"Kako \u010duvati jakne sa krznenim kragnama leti? Pravilno \u010duvanje jakni sa krznenim kragnama tokom leta je klju\u010dno za odr\u017eavanje njihovog kvaliteta i dugove\u010dnosti. Kao pouzdan dobavlja\u010d jakni sa krznenim kragnama, razumemo va\u017enost pru\u017eanja najboljih praksi za \u010duvanje ovih luksuznih predmeta. U ovom blog postu podelic\u0301u neke nau\u010dne i prakti\u010dne savete kako bismo osigurali da va\u0161e [&hellip;]","og_url":"https:\/\/red-carpet.rs\/en\/saveti\/","og_site_name":"Red Carpet Novi Sad","article_publisher":"https:\/\/www.facebook.com\/RedCarpetItalianFashionStore\/","article_modified_time":"2025-10-06T17:23:07+00:00","twitter_card":"summary_large_image","twitter_misc":{"Estimated reading time":"4 minutes"},"schema":{"@context":"https:\/\/schema.org","@graph":[{"@type":"WebPage","@id":"https:\/\/red-carpet.rs\/saveti\/","url":"https:\/\/red-carpet.rs\/saveti\/","name":"Saveti - Red Carpet Novi Sad","isPartOf":{"@id":"https:\/\/alu.zyc.temporary.site\/#website"},"datePublished":"2025-10-06T17:06:55+00:00","dateModified":"2025-10-06T17:23:07+00:00","breadcrumb":{"@id":"https:\/\/red-carpet.rs\/saveti\/#breadcrumb"},"inLanguage":"en-GB","potentialAction":[{"@type":"ReadAction","target":["https:\/\/red-carpet.rs\/saveti\/"]}]},{"@type":"BreadcrumbList","@id":"https:\/\/red-carpet.rs\/saveti\/#breadcrumb","itemListElement":[{"@type":"ListItem","position":1,"name":"Home","item":"https:\/\/red-carpet.rs\/"},{"@type":"ListItem","position":2,"name":"Saveti"}]},{"@type":"WebSite","@id":"https:\/\/alu.zyc.temporary.site\/#website","url":"https:\/\/alu.zyc.temporary.site\/","name":"Red Carpet Novi Sad","description":"italijanska odeca i obuca Novi Sad","publisher":{"@id":"https:\/\/alu.zyc.temporary.site\/#organization"},"potentialAction":[{"@type":"SearchAction","target":{"@type":"EntryPoint","urlTemplate":"https:\/\/alu.zyc.temporary.site\/?s={search_term_string}"},"query-input":{"@type":"PropertyValueSpecification","valueRequired":true,"valueName":"search_term_string"}}],"inLanguage":"en-GB"},{"@type":"Organization","@id":"https:\/\/alu.zyc.temporary.site\/#organization","name":"Red Carpet Novi Sad","url":"https:\/\/alu.zyc.temporary.site\/","logo":{"@type":"ImageObject","inLanguage":"en-GB","@id":"https:\/\/alu.zyc.temporary.site\/#\/schema\/logo\/image\/","url":"https:\/\/i0.wp.com\/red-carpet.rs\/wp-content\/uploads\/2025\/06\/cropped-cropped-red-carpet-izmene-scaled-2.jpg?fit=1307%2C1117&ssl=1","contentUrl":"https:\/\/i0.wp.com\/red-carpet.rs\/wp-content\/uploads\/2025\/06\/cropped-cropped-red-carpet-izmene-scaled-2.jpg?fit=1307%2C1117&ssl=1","width":1307,"height":1117,"caption":"Red Carpet Novi Sad"},"image":{"@id":"https:\/\/alu.zyc.temporary.site\/#\/schema\/logo\/image\/"},"sameAs":["https:\/\/www.facebook.com\/RedCarpetItalianFashionStore\/","https:\/\/www.instagram.com\/redcarpetfashionstore\/"]}]}},"jetpack_sharing_enabled":true,"_links":{"self":[{"href":"https:\/\/red-carpet.rs\/en\/wp-json\/wp\/v2\/pages\/2502","targetHints":{"allow":["GET"]}}],"collection":[{"href":"https:\/\/red-carpet.rs\/en\/wp-json\/wp\/v2\/pages"}],"about":[{"href":"https:\/\/red-carpet.rs\/en\/wp-json\/wp\/v2\/types\/page"}],"author":[{"embeddable":true,"href":"https:\/\/red-carpet.rs\/en\/wp-json\/wp\/v2\/users\/1"}],"replies":[{"embeddable":true,"href":"https:\/\/red-carpet.rs\/en\/wp-json\/wp\/v2\/comments?post=2502"}],"version-history":[{"count":9,"href":"https:\/\/red-carpet.rs\/en\/wp-json\/wp\/v2\/pages\/2502\/revisions"}],"predecessor-version":[{"id":11280,"href":"https:\/\/red-carpet.rs\/en\/wp-json\/wp\/v2\/pages\/2502\/revisions\/11280"}],"wp:attachment":[{"href":"https:\/\/red-carpet.rs\/en\/wp-json\/wp\/v2\/media?parent=2502"}],"curies":[{"name":"wp","href":"https:\/\/api.w.org\/{rel}","templated":true}]}}