{"id":10337,"date":"2025-12-18T13:45:34","date_gmt":"2025-12-18T13:45:34","guid":{"rendered":"https:\/\/red-carpet.rs\/?post_type=product&#038;p=10337"},"modified":"2026-03-09T11:31:10","modified_gmt":"2026-03-09T11:31:10","slug":"italijanske-crne-kozne-cizme-na-stiklu","status":"publish","type":"product","link":"https:\/\/red-carpet.rs\/en\/product\/italijanske-crne-kozne-cizme-na-stiklu\/","title":{"rendered":"Italijanske crne ko\u017ene  \u010dizme na \u0161tiklu"},"content":{"rendered":"<p>Kada udobnost susretne sofisticiranost, nastaju \u010dizme koje ne zna\u010de samo obu\u0107u \u2013 ve\u0107 stav. Na\u0161e <strong data-start=\"357\" data-end=\"402\">\u00a0\u010dizme od premium prirodne ko\u017ee<\/strong> dizajnirane su za \u017eene koje se usu\u0111uju da budu druga\u010dije.<\/p>\n<p>&nbsp;<\/p>\n<p>&nbsp;<\/p>\n<p>Nega proizvoda<br \/>\nKroz rigorozan proces selekcije, telec\u0301a i kravlja ko\u017ea se biraju zbog svoje prefinjenosti, gipkosti i svilenkastog dodira. Da bi se ispunili najvi\u0161i standardi kvaliteta, biraju se samo najbolje ko\u017ee. Mogu imati prirodne nedostatke, poput vena ili bora.<br \/>\nOve pa\u017eljivo odabrane ko\u017ee mogu se o\u0161tetiti upotrebom bilo kojih komercijalnih sredstava za \u010di\u0161c\u0301enje. Elementi poput ulja, \u0161minke, parfema, krema ili sredstava za dezinfekciju koji se nanose na ko\u017eu mogu ugroziti njenu prirodnu lepotu i performanse. Za povr\u0161inske mrlje preporu\u010dujemo \u010di\u0161c\u0301enje mekom, vla\u017enom krpom sa vodom.<br \/>\nPrika\u017ei manje<\/p>\n<p>Made in Italy<\/p>\n<p>Visina stikle:10,5cm<\/p>\n<p>Sastav: prirodna ko\u017ea<\/p>\n<p>Brend: Once<\/p>","protected":false},"excerpt":{"rendered":"<p>Kada udobnost susretne sofisticiranost, nastaju \u010dizme koje ne zna\u010de samo obu\u0107u \u2013 ve\u0107 stav. Na\u0161e \u00a0\u010dizme od premium prirodne ko\u017ee dizajnirane su za \u017eene koje se usu\u0111uju da budu druga\u010dije. &nbsp; &nbsp; Nega proizvoda Kroz rigorozan proces selekcije, telec\u0301a i kravlja ko\u017ea se biraju zbog svoje prefinjenosti, gipkosti i svilenkastog dodira. Da bi se ispunili [&hellip;]<\/p>\n","protected":false},"featured_media":10344,"comment_status":"open","ping_status":"closed","template":"","meta":{"site-sidebar-layout":"default","site-content-layout":"","ast-site-content-layout":"default","site-content-style":"default","site-sidebar-style":"default","ast-global-header-display":"","ast-banner-title-visibility":"","ast-main-header-display":"","ast-hfb-above-header-display":"","ast-hfb-below-header-display":"","ast-hfb-mobile-header-display":"","site-post-title":"","ast-breadcrumbs-content":"","ast-featured-img":"","footer-sml-layout":"","theme-transparent-header-meta":"default","adv-header-id-meta":"","stick-header-meta":"","header-above-stick-meta":"","header-main-stick-meta":"","header-below-stick-meta":"","astra-migrate-meta-layouts":"set","ast-page-background-enabled":"default","ast-page-background-meta":{"desktop":{"background-color":"var(--ast-global-color-4)","background-image":"","background-repeat":"repeat","background-position":"center center","background-size":"auto","background-attachment":"scroll","background-type":"","background-media":"","overlay-type":"","overlay-color":"","overlay-opacity":"","overlay-gradient":""},"tablet":{"background-color":"","background-image":"","background-repeat":"repeat","background-position":"center center","background-size":"auto","background-attachment":"scroll","background-type":"","background-media":"","overlay-type":"","overlay-color":"","overlay-opacity":"","overlay-gradient":""},"mobile":{"background-color":"","background-image":"","background-repeat":"repeat","background-position":"center center","background-size":"auto","background-attachment":"scroll","background-type":"","background-media":"","overlay-type":"","overlay-color":"","overlay-opacity":"","overlay-gradient":""}},"ast-content-background-meta":{"desktop":{"background-color":"var(--ast-global-color-5)","background-image":"","background-repeat":"repeat","background-position":"center center","background-size":"auto","background-attachment":"scroll","background-type":"","background-media":"","overlay-type":"","overlay-color":"","overlay-opacity":"","overlay-gradient":""},"tablet":{"background-color":"var(--ast-global-color-5)","background-image":"","background-repeat":"repeat","background-position":"center center","background-size":"auto","background-attachment":"scroll","background-type":"","background-media":"","overlay-type":"","overlay-color":"","overlay-opacity":"","overlay-gradient":""},"mobile":{"background-color":"var(--ast-global-color-5)","background-image":"","background-repeat":"repeat","background-position":"center center","background-size":"auto","background-attachment":"scroll","background-type":"","background-media":"","overlay-type":"","overlay-color":"","overlay-opacity":"","overlay-gradient":""}}},"product_brand":[279],"product_cat":[315,316,30,454],"product_tag":[336,334,333],"class_list":{"0":"post-10337","1":"product","2":"type-product","3":"status-publish","4":"has-post-thumbnail","6":"product_brand-altramarea","7":"product_cat-cizme-shoes","8":"product_cat-jesen-kolekcija","9":"product_cat-zenska-obuca","10":"product_cat-outlet","11":"product_tag-cizme-made-in-italy","12":"product_tag-italijanske-kozne-cizme","13":"product_tag-kozne-cizme","14":"desktop-align-center","15":"tablet-align-left","16":"mobile-align-left","18":"first","19":"instock","20":"sale","21":"shipping-taxable","22":"purchasable","23":"product-type-variable"},"yoast_head":"<!-- This site is optimized with the Yoast SEO plugin v27.4 - https:\/\/yoast.com\/product\/yoast-seo-wordpress\/ -->\n<title>Italijanske crne ko\u017ene \u010dizme na \u0161tiklu - Red Carpet Novi Sad<\/title>\n<meta name=\"robots\" content=\"index, follow, max-snippet:-1, max-image-preview:large, max-video-preview:-1\" \/>\n<link rel=\"canonical\" href=\"https:\/\/red-carpet.rs\/en\/product\/italijanske-crne-kozne-cizme-na-stiklu\/\" \/>\n<meta property=\"og:locale\" content=\"en_GB\" \/>\n<meta property=\"og:type\" content=\"article\" \/>\n<meta property=\"og:title\" content=\"Italijanske crne ko\u017ene \u010dizme na \u0161tiklu - Red Carpet Novi Sad\" \/>\n<meta property=\"og:description\" content=\"Kada udobnost susretne sofisticiranost, nastaju \u010dizme koje ne zna\u010de samo obu\u0107u \u2013 ve\u0107 stav. Na\u0161e \u00a0\u010dizme od premium prirodne ko\u017ee dizajnirane su za \u017eene koje se usu\u0111uju da budu druga\u010dije. &nbsp; &nbsp; Nega proizvoda Kroz rigorozan proces selekcije, telec\u0301a i kravlja ko\u017ea se biraju zbog svoje prefinjenosti, gipkosti i svilenkastog dodira. Da bi se ispunili [&hellip;]\" \/>\n<meta property=\"og:url\" content=\"https:\/\/red-carpet.rs\/en\/product\/italijanske-crne-kozne-cizme-na-stiklu\/\" \/>\n<meta property=\"og:site_name\" content=\"Red Carpet Novi Sad\" \/>\n<meta property=\"article:publisher\" content=\"https:\/\/www.facebook.com\/RedCarpetItalianFashionStore\/\" \/>\n<meta property=\"article:modified_time\" content=\"2026-03-09T11:31:10+00:00\" \/>\n<meta property=\"og:image\" content=\"https:\/\/red-carpet.rs\/wp-content\/uploads\/2025\/12\/photo_2025-12-18_14-44-34.jpg\" \/>\n\t<meta property=\"og:image:width\" content=\"960\" \/>\n\t<meta property=\"og:image:height\" content=\"1280\" \/>\n\t<meta property=\"og:image:type\" content=\"image\/jpeg\" \/>\n<meta name=\"twitter:card\" content=\"summary_large_image\" \/>\n<meta name=\"twitter:label1\" content=\"Estimated reading time\" \/>\n\t<meta name=\"twitter:data1\" content=\"1 minute\" \/>\n<script type=\"application\/ld+json\" class=\"yoast-schema-graph\">{\"@context\":\"https:\\\/\\\/schema.org\",\"@graph\":[{\"@type\":\"WebPage\",\"@id\":\"https:\\\/\\\/red-carpet.rs\\\/product\\\/italijanske-crne-kozne-cizme-na-stiklu\\\/\",\"url\":\"https:\\\/\\\/red-carpet.rs\\\/product\\\/italijanske-crne-kozne-cizme-na-stiklu\\\/\",\"name\":\"Italijanske crne ko\u017ene \u010dizme na \u0161tiklu - Red Carpet Novi Sad\",\"isPartOf\":{\"@id\":\"https:\\\/\\\/alu.zyc.temporary.site\\\/#website\"},\"primaryImageOfPage\":{\"@id\":\"https:\\\/\\\/red-carpet.rs\\\/product\\\/italijanske-crne-kozne-cizme-na-stiklu\\\/#primaryimage\"},\"image\":{\"@id\":\"https:\\\/\\\/red-carpet.rs\\\/product\\\/italijanske-crne-kozne-cizme-na-stiklu\\\/#primaryimage\"},\"thumbnailUrl\":\"https:\\\/\\\/i0.wp.com\\\/red-carpet.rs\\\/wp-content\\\/uploads\\\/2025\\\/12\\\/photo_2025-12-18_14-44-34.jpg?fit=960%2C1280&ssl=1\",\"datePublished\":\"2025-12-18T13:45:34+00:00\",\"dateModified\":\"2026-03-09T11:31:10+00:00\",\"breadcrumb\":{\"@id\":\"https:\\\/\\\/red-carpet.rs\\\/product\\\/italijanske-crne-kozne-cizme-na-stiklu\\\/#breadcrumb\"},\"inLanguage\":\"en-GB\",\"potentialAction\":[{\"@type\":\"ReadAction\",\"target\":[\"https:\\\/\\\/red-carpet.rs\\\/product\\\/italijanske-crne-kozne-cizme-na-stiklu\\\/\"]}]},{\"@type\":\"ImageObject\",\"inLanguage\":\"en-GB\",\"@id\":\"https:\\\/\\\/red-carpet.rs\\\/product\\\/italijanske-crne-kozne-cizme-na-stiklu\\\/#primaryimage\",\"url\":\"https:\\\/\\\/i0.wp.com\\\/red-carpet.rs\\\/wp-content\\\/uploads\\\/2025\\\/12\\\/photo_2025-12-18_14-44-34.jpg?fit=960%2C1280&ssl=1\",\"contentUrl\":\"https:\\\/\\\/i0.wp.com\\\/red-carpet.rs\\\/wp-content\\\/uploads\\\/2025\\\/12\\\/photo_2025-12-18_14-44-34.jpg?fit=960%2C1280&ssl=1\",\"width\":960,\"height\":1280},{\"@type\":\"BreadcrumbList\",\"@id\":\"https:\\\/\\\/red-carpet.rs\\\/product\\\/italijanske-crne-kozne-cizme-na-stiklu\\\/#breadcrumb\",\"itemListElement\":[{\"@type\":\"ListItem\",\"position\":1,\"name\":\"Home\",\"item\":\"https:\\\/\\\/red-carpet.rs\\\/\"},{\"@type\":\"ListItem\",\"position\":2,\"name\":\"Kupovina\",\"item\":\"https:\\\/\\\/red-carpet.rs\\\/kupovina\\\/\"},{\"@type\":\"ListItem\",\"position\":3,\"name\":\"Italijanske crne ko\u017ene \u010dizme na \u0161tiklu\"}]},{\"@type\":\"WebSite\",\"@id\":\"https:\\\/\\\/alu.zyc.temporary.site\\\/#website\",\"url\":\"https:\\\/\\\/alu.zyc.temporary.site\\\/\",\"name\":\"Red Carpet Novi Sad\",\"description\":\"italijanska odeca i obuca Novi Sad\",\"publisher\":{\"@id\":\"https:\\\/\\\/alu.zyc.temporary.site\\\/#organization\"},\"potentialAction\":[{\"@type\":\"SearchAction\",\"target\":{\"@type\":\"EntryPoint\",\"urlTemplate\":\"https:\\\/\\\/alu.zyc.temporary.site\\\/?s={search_term_string}\"},\"query-input\":{\"@type\":\"PropertyValueSpecification\",\"valueRequired\":true,\"valueName\":\"search_term_string\"}}],\"inLanguage\":\"en-GB\"},{\"@type\":\"Organization\",\"@id\":\"https:\\\/\\\/alu.zyc.temporary.site\\\/#organization\",\"name\":\"Red Carpet Novi Sad\",\"url\":\"https:\\\/\\\/alu.zyc.temporary.site\\\/\",\"logo\":{\"@type\":\"ImageObject\",\"inLanguage\":\"en-GB\",\"@id\":\"https:\\\/\\\/alu.zyc.temporary.site\\\/#\\\/schema\\\/logo\\\/image\\\/\",\"url\":\"https:\\\/\\\/i0.wp.com\\\/red-carpet.rs\\\/wp-content\\\/uploads\\\/2025\\\/06\\\/cropped-cropped-red-carpet-izmene-scaled-2.jpg?fit=1307%2C1117&ssl=1\",\"contentUrl\":\"https:\\\/\\\/i0.wp.com\\\/red-carpet.rs\\\/wp-content\\\/uploads\\\/2025\\\/06\\\/cropped-cropped-red-carpet-izmene-scaled-2.jpg?fit=1307%2C1117&ssl=1\",\"width\":1307,\"height\":1117,\"caption\":\"Red Carpet Novi Sad\"},\"image\":{\"@id\":\"https:\\\/\\\/alu.zyc.temporary.site\\\/#\\\/schema\\\/logo\\\/image\\\/\"},\"sameAs\":[\"https:\\\/\\\/www.facebook.com\\\/RedCarpetItalianFashionStore\\\/\",\"https:\\\/\\\/www.instagram.com\\\/redcarpetfashionstore\\\/\"]}]}<\/script>\n<!-- \/ Yoast SEO plugin. -->","yoast_head_json":{"title":"Italijanske crne ko\u017ene \u010dizme na \u0161tiklu - Red Carpet Novi Sad","robots":{"index":"index","follow":"follow","max-snippet":"max-snippet:-1","max-image-preview":"max-image-preview:large","max-video-preview":"max-video-preview:-1"},"canonical":"https:\/\/red-carpet.rs\/en\/product\/italijanske-crne-kozne-cizme-na-stiklu\/","og_locale":"en_GB","og_type":"article","og_title":"Italijanske crne ko\u017ene \u010dizme na \u0161tiklu - Red Carpet Novi Sad","og_description":"Kada udobnost susretne sofisticiranost, nastaju \u010dizme koje ne zna\u010de samo obu\u0107u \u2013 ve\u0107 stav. Na\u0161e \u00a0\u010dizme od premium prirodne ko\u017ee dizajnirane su za \u017eene koje se usu\u0111uju da budu druga\u010dije. &nbsp; &nbsp; Nega proizvoda Kroz rigorozan proces selekcije, telec\u0301a i kravlja ko\u017ea se biraju zbog svoje prefinjenosti, gipkosti i svilenkastog dodira. Da bi se ispunili [&hellip;]","og_url":"https:\/\/red-carpet.rs\/en\/product\/italijanske-crne-kozne-cizme-na-stiklu\/","og_site_name":"Red Carpet Novi Sad","article_publisher":"https:\/\/www.facebook.com\/RedCarpetItalianFashionStore\/","article_modified_time":"2026-03-09T11:31:10+00:00","og_image":[{"width":960,"height":1280,"url":"https:\/\/red-carpet.rs\/wp-content\/uploads\/2025\/12\/photo_2025-12-18_14-44-34.jpg","type":"image\/jpeg"}],"twitter_card":"summary_large_image","twitter_misc":{"Estimated reading time":"1 minute"},"schema":{"@context":"https:\/\/schema.org","@graph":[{"@type":"WebPage","@id":"https:\/\/red-carpet.rs\/product\/italijanske-crne-kozne-cizme-na-stiklu\/","url":"https:\/\/red-carpet.rs\/product\/italijanske-crne-kozne-cizme-na-stiklu\/","name":"Italijanske crne ko\u017ene \u010dizme na \u0161tiklu - Red Carpet Novi Sad","isPartOf":{"@id":"https:\/\/alu.zyc.temporary.site\/#website"},"primaryImageOfPage":{"@id":"https:\/\/red-carpet.rs\/product\/italijanske-crne-kozne-cizme-na-stiklu\/#primaryimage"},"image":{"@id":"https:\/\/red-carpet.rs\/product\/italijanske-crne-kozne-cizme-na-stiklu\/#primaryimage"},"thumbnailUrl":"https:\/\/i0.wp.com\/red-carpet.rs\/wp-content\/uploads\/2025\/12\/photo_2025-12-18_14-44-34.jpg?fit=960%2C1280&ssl=1","datePublished":"2025-12-18T13:45:34+00:00","dateModified":"2026-03-09T11:31:10+00:00","breadcrumb":{"@id":"https:\/\/red-carpet.rs\/product\/italijanske-crne-kozne-cizme-na-stiklu\/#breadcrumb"},"inLanguage":"en-GB","potentialAction":[{"@type":"ReadAction","target":["https:\/\/red-carpet.rs\/product\/italijanske-crne-kozne-cizme-na-stiklu\/"]}]},{"@type":"ImageObject","inLanguage":"en-GB","@id":"https:\/\/red-carpet.rs\/product\/italijanske-crne-kozne-cizme-na-stiklu\/#primaryimage","url":"https:\/\/i0.wp.com\/red-carpet.rs\/wp-content\/uploads\/2025\/12\/photo_2025-12-18_14-44-34.jpg?fit=960%2C1280&ssl=1","contentUrl":"https:\/\/i0.wp.com\/red-carpet.rs\/wp-content\/uploads\/2025\/12\/photo_2025-12-18_14-44-34.jpg?fit=960%2C1280&ssl=1","width":960,"height":1280},{"@type":"BreadcrumbList","@id":"https:\/\/red-carpet.rs\/product\/italijanske-crne-kozne-cizme-na-stiklu\/#breadcrumb","itemListElement":[{"@type":"ListItem","position":1,"name":"Home","item":"https:\/\/red-carpet.rs\/"},{"@type":"ListItem","position":2,"name":"Kupovina","item":"https:\/\/red-carpet.rs\/kupovina\/"},{"@type":"ListItem","position":3,"name":"Italijanske crne ko\u017ene \u010dizme na \u0161tiklu"}]},{"@type":"WebSite","@id":"https:\/\/alu.zyc.temporary.site\/#website","url":"https:\/\/alu.zyc.temporary.site\/","name":"Red Carpet Novi Sad","description":"italijanska odeca i obuca Novi Sad","publisher":{"@id":"https:\/\/alu.zyc.temporary.site\/#organization"},"potentialAction":[{"@type":"SearchAction","target":{"@type":"EntryPoint","urlTemplate":"https:\/\/alu.zyc.temporary.site\/?s={search_term_string}"},"query-input":{"@type":"PropertyValueSpecification","valueRequired":true,"valueName":"search_term_string"}}],"inLanguage":"en-GB"},{"@type":"Organization","@id":"https:\/\/alu.zyc.temporary.site\/#organization","name":"Red Carpet Novi Sad","url":"https:\/\/alu.zyc.temporary.site\/","logo":{"@type":"ImageObject","inLanguage":"en-GB","@id":"https:\/\/alu.zyc.temporary.site\/#\/schema\/logo\/image\/","url":"https:\/\/i0.wp.com\/red-carpet.rs\/wp-content\/uploads\/2025\/06\/cropped-cropped-red-carpet-izmene-scaled-2.jpg?fit=1307%2C1117&ssl=1","contentUrl":"https:\/\/i0.wp.com\/red-carpet.rs\/wp-content\/uploads\/2025\/06\/cropped-cropped-red-carpet-izmene-scaled-2.jpg?fit=1307%2C1117&ssl=1","width":1307,"height":1117,"caption":"Red Carpet Novi Sad"},"image":{"@id":"https:\/\/alu.zyc.temporary.site\/#\/schema\/logo\/image\/"},"sameAs":["https:\/\/www.facebook.com\/RedCarpetItalianFashionStore\/","https:\/\/www.instagram.com\/redcarpetfashionstore\/"]}]}},"jetpack_sharing_enabled":true,"_links":{"self":[{"href":"https:\/\/red-carpet.rs\/en\/wp-json\/wp\/v2\/product\/10337","targetHints":{"allow":["GET"]}}],"collection":[{"href":"https:\/\/red-carpet.rs\/en\/wp-json\/wp\/v2\/product"}],"about":[{"href":"https:\/\/red-carpet.rs\/en\/wp-json\/wp\/v2\/types\/product"}],"replies":[{"embeddable":true,"href":"https:\/\/red-carpet.rs\/en\/wp-json\/wp\/v2\/comments?post=10337"}],"wp:featuredmedia":[{"embeddable":true,"href":"https:\/\/red-carpet.rs\/en\/wp-json\/wp\/v2\/media\/10344"}],"wp:attachment":[{"href":"https:\/\/red-carpet.rs\/en\/wp-json\/wp\/v2\/media?parent=10337"}],"wp:term":[{"taxonomy":"product_brand","embeddable":true,"href":"https:\/\/red-carpet.rs\/en\/wp-json\/wp\/v2\/product_brand?post=10337"},{"taxonomy":"product_cat","embeddable":true,"href":"https:\/\/red-carpet.rs\/en\/wp-json\/wp\/v2\/product_cat?post=10337"},{"taxonomy":"product_tag","embeddable":true,"href":"https:\/\/red-carpet.rs\/en\/wp-json\/wp\/v2\/product_tag?post=10337"}],"curies":[{"name":"wp","href":"https:\/\/api.w.org\/{rel}","templated":true}]}}