{"id":10527,"date":"2025-12-22T10:13:07","date_gmt":"2025-12-22T10:13:07","guid":{"rendered":"https:\/\/red-carpet.rs\/?post_type=product&#038;p=10527"},"modified":"2026-02-12T11:37:24","modified_gmt":"2026-02-12T11:37:24","slug":"kaput-rinascimento-bordo-dvoredno-kopcanje","status":"publish","type":"product","link":"https:\/\/red-carpet.rs\/en\/product\/kaput-rinascimento-bordo-dvoredno-kopcanje\/","title":{"rendered":"Kaput Rinascimento bordo dvoredno kop\u010danje"},"content":{"rendered":"<pre id=\"tw-target-rmn\" class=\"tw-data-text tw-text-small tw-ta\" dir=\"ltr\" role=\"text\" data-placeholder=\"\"><span class=\"Y2IQFc\">Opis i kroj\r\n\r\nOsnovni element garderobe koji opstaje kroz godi\u0161nja doba sa nepokolebljivim \u0161armom: dvoredno kopcanje- kaput od me\u0161avine vune u kamilj be\u017e boji prepisuje kodove svakodnevne gornje odec\u0301e sa notom stroge \u017eenstvenosti.\r\nIzra\u0111en od tople me\u0161avine vune, idealan za borbu sa zimskim temperaturama, ovaj stil se isti\u010de svojom strukturiranom siluetom koja miluje figuru. Dizajn srednje du\u017eine odlikuje se uskom siluetom, ve\u0161to nagla\u0161enom \u010distim strukom i umetanjem bo\u010dnih d\u017eepova sa preklopima koji odec\u0301i daju geometrijski izgled. Prednja strana ima dvoredno zakop\u010davanje sa \u010detiri odgovarajuc\u0301a dugmeta i klasi\u010dnu kragnu sa reverom, \u0161to joj daje smiren i prefinjen izgled.\r\nDvoredni kaput od me\u0161avine vune u kamilj be\u017e boji je savr\u0161en saveznik za pobolj\u0161anje svakodnevnog zimskog izgleda: nosite ga preko kancelarijske odec\u0301e za profesionalni dodir ili ga kombinujte sa mekim d\u017eemperima za slobodno vreme u gradu. Odevni predmet koji kombinuje funkcionalnost i stil, dizajniran za one koji tra\u017ee strukturu bez \u017ertvovanja prakti\u010dnosti.\r\n\u2022 Odevni predmet je proizveden u Italiji\r\n\u2022 Model je visok 1,77 m i nosi veli\u010dinu S.<\/span><\/pre>\n<p>&nbsp;<\/p>\n<p>Sezona: Autuno Inverno 2025<br \/>\nSpolja\u0161nji deo:<span style=\"font-size: 16px\"> 56% Vuna 28% Poliester 13% Poliammid 3% Akril<\/span><br \/>\nUnutra\u0161nji deo: 100% Poliester<\/p>","protected":false},"excerpt":{"rendered":"<p>Veli\u010dina<br \/>\nManekenka je visoka 172 cm i nosi veli\u010dinu S.<\/p>\n<p>Sastav<br \/>\nSpolja\u0161nji deo: 51% vuna, 45% poliester, 2% poliamid, 2% akril<br \/>\nUnutra\u0161nji deo: 100% najlon<br \/>\nPunjenje: 100% poliester<\/p>","protected":false},"featured_media":10517,"comment_status":"open","ping_status":"closed","template":"","meta":{"site-sidebar-layout":"default","site-content-layout":"","ast-site-content-layout":"default","site-content-style":"default","site-sidebar-style":"default","ast-global-header-display":"","ast-banner-title-visibility":"","ast-main-header-display":"","ast-hfb-above-header-display":"","ast-hfb-below-header-display":"","ast-hfb-mobile-header-display":"","site-post-title":"","ast-breadcrumbs-content":"","ast-featured-img":"","footer-sml-layout":"","theme-transparent-header-meta":"default","adv-header-id-meta":"","stick-header-meta":"","header-above-stick-meta":"","header-main-stick-meta":"","header-below-stick-meta":"","astra-migrate-meta-layouts":"set","ast-page-background-enabled":"default","ast-page-background-meta":{"desktop":{"background-color":"var(--ast-global-color-4)","background-image":"","background-repeat":"repeat","background-position":"center center","background-size":"auto","background-attachment":"scroll","background-type":"","background-media":"","overlay-type":"","overlay-color":"","overlay-opacity":"","overlay-gradient":""},"tablet":{"background-color":"","background-image":"","background-repeat":"repeat","background-position":"center center","background-size":"auto","background-attachment":"scroll","background-type":"","background-media":"","overlay-type":"","overlay-color":"","overlay-opacity":"","overlay-gradient":""},"mobile":{"background-color":"","background-image":"","background-repeat":"repeat","background-position":"center center","background-size":"auto","background-attachment":"scroll","background-type":"","background-media":"","overlay-type":"","overlay-color":"","overlay-opacity":"","overlay-gradient":""}},"ast-content-background-meta":{"desktop":{"background-color":"var(--ast-global-color-5)","background-image":"","background-repeat":"repeat","background-position":"center center","background-size":"auto","background-attachment":"scroll","background-type":"","background-media":"","overlay-type":"","overlay-color":"","overlay-opacity":"","overlay-gradient":""},"tablet":{"background-color":"var(--ast-global-color-5)","background-image":"","background-repeat":"repeat","background-position":"center center","background-size":"auto","background-attachment":"scroll","background-type":"","background-media":"","overlay-type":"","overlay-color":"","overlay-opacity":"","overlay-gradient":""},"mobile":{"background-color":"var(--ast-global-color-5)","background-image":"","background-repeat":"repeat","background-position":"center center","background-size":"auto","background-attachment":"scroll","background-type":"","background-media":"","overlay-type":"","overlay-color":"","overlay-opacity":"","overlay-gradient":""}}},"product_brand":[128],"product_cat":[89,316,330],"product_tag":[340,367,369,371,370,342,430],"class_list":{"0":"post-10527","1":"product","2":"type-product","3":"status-publish","4":"has-post-thumbnail","6":"product_brand-rinascimento","7":"product_cat-zenske-jakne","8":"product_cat-jesen-kolekcija","9":"product_cat-kaputi","10":"product_tag-bez-kaput","11":"product_tag-cni-kaput","12":"product_tag-dvoredno-kopcanje","13":"product_tag-italijanski-kaput","14":"product_tag-kaput","15":"product_tag-rinascimento-coat","16":"product_tag-sivi-kaput","17":"desktop-align-center","18":"tablet-align-left","19":"mobile-align-left","21":"first","22":"instock","23":"sale","24":"shipping-taxable","25":"purchasable","26":"product-type-variable","27":"has-default-attributes"},"yoast_head":"<!-- This site is optimized with the Yoast SEO plugin v27.4 - https:\/\/yoast.com\/product\/yoast-seo-wordpress\/ -->\n<title>Kaput Rinascimento bordo dvoredno kop\u010danje - Red Carpet Novi Sad<\/title>\n<meta name=\"robots\" content=\"index, follow, max-snippet:-1, max-image-preview:large, max-video-preview:-1\" \/>\n<link rel=\"canonical\" href=\"https:\/\/red-carpet.rs\/en\/product\/kaput-rinascimento-bordo-dvoredno-kopcanje\/\" \/>\n<meta property=\"og:locale\" content=\"en_GB\" \/>\n<meta property=\"og:type\" content=\"article\" \/>\n<meta property=\"og:title\" content=\"Kaput Rinascimento bordo dvoredno kop\u010danje - Red Carpet Novi Sad\" \/>\n<meta property=\"og:description\" content=\"Veli\u010dina Manekenka je visoka 172 cm i nosi veli\u010dinu S.  Sastav Spolja\u0161nji deo: 51% vuna, 45% poliester, 2% poliamid, 2% akril Unutra\u0161nji deo: 100% najlon Punjenje: 100% poliester\" \/>\n<meta property=\"og:url\" content=\"https:\/\/red-carpet.rs\/en\/product\/kaput-rinascimento-bordo-dvoredno-kopcanje\/\" \/>\n<meta property=\"og:site_name\" content=\"Red Carpet Novi Sad\" \/>\n<meta property=\"article:publisher\" content=\"https:\/\/www.facebook.com\/RedCarpetItalianFashionStore\/\" \/>\n<meta property=\"article:modified_time\" content=\"2026-02-12T11:37:24+00:00\" \/>\n<meta property=\"og:image\" content=\"https:\/\/red-carpet.rs\/wp-content\/uploads\/2025\/12\/24ba1465a2b6daaae85c003ef05fefdfe7b11ca2_WORNG_CFC0126801003_B098_DETAIL1.webp\" \/>\n\t<meta property=\"og:image:width\" content=\"1536\" \/>\n\t<meta property=\"og:image:height\" content=\"2048\" \/>\n\t<meta property=\"og:image:type\" content=\"image\/webp\" \/>\n<meta name=\"twitter:card\" content=\"summary_large_image\" \/>\n<meta name=\"twitter:label1\" content=\"Estimated reading time\" \/>\n\t<meta name=\"twitter:data1\" content=\"1 minute\" \/>\n<script type=\"application\/ld+json\" class=\"yoast-schema-graph\">{\"@context\":\"https:\\\/\\\/schema.org\",\"@graph\":[{\"@type\":\"WebPage\",\"@id\":\"https:\\\/\\\/red-carpet.rs\\\/product\\\/kaput-rinascimento-bordo-dvoredno-kopcanje\\\/\",\"url\":\"https:\\\/\\\/red-carpet.rs\\\/product\\\/kaput-rinascimento-bordo-dvoredno-kopcanje\\\/\",\"name\":\"Kaput Rinascimento bordo dvoredno kop\u010danje - Red Carpet Novi Sad\",\"isPartOf\":{\"@id\":\"https:\\\/\\\/alu.zyc.temporary.site\\\/#website\"},\"primaryImageOfPage\":{\"@id\":\"https:\\\/\\\/red-carpet.rs\\\/product\\\/kaput-rinascimento-bordo-dvoredno-kopcanje\\\/#primaryimage\"},\"image\":{\"@id\":\"https:\\\/\\\/red-carpet.rs\\\/product\\\/kaput-rinascimento-bordo-dvoredno-kopcanje\\\/#primaryimage\"},\"thumbnailUrl\":\"https:\\\/\\\/i0.wp.com\\\/red-carpet.rs\\\/wp-content\\\/uploads\\\/2025\\\/12\\\/24ba1465a2b6daaae85c003ef05fefdfe7b11ca2_WORNG_CFC0126801003_B098_DETAIL1.webp?fit=1536%2C2048&ssl=1\",\"datePublished\":\"2025-12-22T10:13:07+00:00\",\"dateModified\":\"2026-02-12T11:37:24+00:00\",\"breadcrumb\":{\"@id\":\"https:\\\/\\\/red-carpet.rs\\\/product\\\/kaput-rinascimento-bordo-dvoredno-kopcanje\\\/#breadcrumb\"},\"inLanguage\":\"en-GB\",\"potentialAction\":[{\"@type\":\"ReadAction\",\"target\":[\"https:\\\/\\\/red-carpet.rs\\\/product\\\/kaput-rinascimento-bordo-dvoredno-kopcanje\\\/\"]}]},{\"@type\":\"ImageObject\",\"inLanguage\":\"en-GB\",\"@id\":\"https:\\\/\\\/red-carpet.rs\\\/product\\\/kaput-rinascimento-bordo-dvoredno-kopcanje\\\/#primaryimage\",\"url\":\"https:\\\/\\\/i0.wp.com\\\/red-carpet.rs\\\/wp-content\\\/uploads\\\/2025\\\/12\\\/24ba1465a2b6daaae85c003ef05fefdfe7b11ca2_WORNG_CFC0126801003_B098_DETAIL1.webp?fit=1536%2C2048&ssl=1\",\"contentUrl\":\"https:\\\/\\\/i0.wp.com\\\/red-carpet.rs\\\/wp-content\\\/uploads\\\/2025\\\/12\\\/24ba1465a2b6daaae85c003ef05fefdfe7b11ca2_WORNG_CFC0126801003_B098_DETAIL1.webp?fit=1536%2C2048&ssl=1\",\"width\":1536,\"height\":2048},{\"@type\":\"BreadcrumbList\",\"@id\":\"https:\\\/\\\/red-carpet.rs\\\/product\\\/kaput-rinascimento-bordo-dvoredno-kopcanje\\\/#breadcrumb\",\"itemListElement\":[{\"@type\":\"ListItem\",\"position\":1,\"name\":\"Home\",\"item\":\"https:\\\/\\\/red-carpet.rs\\\/\"},{\"@type\":\"ListItem\",\"position\":2,\"name\":\"Kupovina\",\"item\":\"https:\\\/\\\/red-carpet.rs\\\/kupovina\\\/\"},{\"@type\":\"ListItem\",\"position\":3,\"name\":\"Kaput Rinascimento bordo dvoredno kop\u010danje\"}]},{\"@type\":\"WebSite\",\"@id\":\"https:\\\/\\\/alu.zyc.temporary.site\\\/#website\",\"url\":\"https:\\\/\\\/alu.zyc.temporary.site\\\/\",\"name\":\"Red Carpet Novi Sad\",\"description\":\"italijanska odeca i obuca Novi Sad\",\"publisher\":{\"@id\":\"https:\\\/\\\/alu.zyc.temporary.site\\\/#organization\"},\"potentialAction\":[{\"@type\":\"SearchAction\",\"target\":{\"@type\":\"EntryPoint\",\"urlTemplate\":\"https:\\\/\\\/alu.zyc.temporary.site\\\/?s={search_term_string}\"},\"query-input\":{\"@type\":\"PropertyValueSpecification\",\"valueRequired\":true,\"valueName\":\"search_term_string\"}}],\"inLanguage\":\"en-GB\"},{\"@type\":\"Organization\",\"@id\":\"https:\\\/\\\/alu.zyc.temporary.site\\\/#organization\",\"name\":\"Red Carpet Novi Sad\",\"url\":\"https:\\\/\\\/alu.zyc.temporary.site\\\/\",\"logo\":{\"@type\":\"ImageObject\",\"inLanguage\":\"en-GB\",\"@id\":\"https:\\\/\\\/alu.zyc.temporary.site\\\/#\\\/schema\\\/logo\\\/image\\\/\",\"url\":\"https:\\\/\\\/i0.wp.com\\\/red-carpet.rs\\\/wp-content\\\/uploads\\\/2025\\\/06\\\/cropped-cropped-red-carpet-izmene-scaled-2.jpg?fit=1307%2C1117&ssl=1\",\"contentUrl\":\"https:\\\/\\\/i0.wp.com\\\/red-carpet.rs\\\/wp-content\\\/uploads\\\/2025\\\/06\\\/cropped-cropped-red-carpet-izmene-scaled-2.jpg?fit=1307%2C1117&ssl=1\",\"width\":1307,\"height\":1117,\"caption\":\"Red Carpet Novi Sad\"},\"image\":{\"@id\":\"https:\\\/\\\/alu.zyc.temporary.site\\\/#\\\/schema\\\/logo\\\/image\\\/\"},\"sameAs\":[\"https:\\\/\\\/www.facebook.com\\\/RedCarpetItalianFashionStore\\\/\",\"https:\\\/\\\/www.instagram.com\\\/redcarpetfashionstore\\\/\"]}]}<\/script>\n<!-- \/ Yoast SEO plugin. -->","yoast_head_json":{"title":"Kaput Rinascimento bordo dvoredno kop\u010danje - Red Carpet Novi Sad","robots":{"index":"index","follow":"follow","max-snippet":"max-snippet:-1","max-image-preview":"max-image-preview:large","max-video-preview":"max-video-preview:-1"},"canonical":"https:\/\/red-carpet.rs\/en\/product\/kaput-rinascimento-bordo-dvoredno-kopcanje\/","og_locale":"en_GB","og_type":"article","og_title":"Kaput Rinascimento bordo dvoredno kop\u010danje - Red Carpet Novi Sad","og_description":"Veli\u010dina Manekenka je visoka 172 cm i nosi veli\u010dinu S.  Sastav Spolja\u0161nji deo: 51% vuna, 45% poliester, 2% poliamid, 2% akril Unutra\u0161nji deo: 100% najlon Punjenje: 100% poliester","og_url":"https:\/\/red-carpet.rs\/en\/product\/kaput-rinascimento-bordo-dvoredno-kopcanje\/","og_site_name":"Red Carpet Novi Sad","article_publisher":"https:\/\/www.facebook.com\/RedCarpetItalianFashionStore\/","article_modified_time":"2026-02-12T11:37:24+00:00","og_image":[{"width":1536,"height":2048,"url":"https:\/\/red-carpet.rs\/wp-content\/uploads\/2025\/12\/24ba1465a2b6daaae85c003ef05fefdfe7b11ca2_WORNG_CFC0126801003_B098_DETAIL1.webp","type":"image\/webp"}],"twitter_card":"summary_large_image","twitter_misc":{"Estimated reading time":"1 minute"},"schema":{"@context":"https:\/\/schema.org","@graph":[{"@type":"WebPage","@id":"https:\/\/red-carpet.rs\/product\/kaput-rinascimento-bordo-dvoredno-kopcanje\/","url":"https:\/\/red-carpet.rs\/product\/kaput-rinascimento-bordo-dvoredno-kopcanje\/","name":"Kaput Rinascimento bordo dvoredno kop\u010danje - Red Carpet Novi Sad","isPartOf":{"@id":"https:\/\/alu.zyc.temporary.site\/#website"},"primaryImageOfPage":{"@id":"https:\/\/red-carpet.rs\/product\/kaput-rinascimento-bordo-dvoredno-kopcanje\/#primaryimage"},"image":{"@id":"https:\/\/red-carpet.rs\/product\/kaput-rinascimento-bordo-dvoredno-kopcanje\/#primaryimage"},"thumbnailUrl":"https:\/\/i0.wp.com\/red-carpet.rs\/wp-content\/uploads\/2025\/12\/24ba1465a2b6daaae85c003ef05fefdfe7b11ca2_WORNG_CFC0126801003_B098_DETAIL1.webp?fit=1536%2C2048&ssl=1","datePublished":"2025-12-22T10:13:07+00:00","dateModified":"2026-02-12T11:37:24+00:00","breadcrumb":{"@id":"https:\/\/red-carpet.rs\/product\/kaput-rinascimento-bordo-dvoredno-kopcanje\/#breadcrumb"},"inLanguage":"en-GB","potentialAction":[{"@type":"ReadAction","target":["https:\/\/red-carpet.rs\/product\/kaput-rinascimento-bordo-dvoredno-kopcanje\/"]}]},{"@type":"ImageObject","inLanguage":"en-GB","@id":"https:\/\/red-carpet.rs\/product\/kaput-rinascimento-bordo-dvoredno-kopcanje\/#primaryimage","url":"https:\/\/i0.wp.com\/red-carpet.rs\/wp-content\/uploads\/2025\/12\/24ba1465a2b6daaae85c003ef05fefdfe7b11ca2_WORNG_CFC0126801003_B098_DETAIL1.webp?fit=1536%2C2048&ssl=1","contentUrl":"https:\/\/i0.wp.com\/red-carpet.rs\/wp-content\/uploads\/2025\/12\/24ba1465a2b6daaae85c003ef05fefdfe7b11ca2_WORNG_CFC0126801003_B098_DETAIL1.webp?fit=1536%2C2048&ssl=1","width":1536,"height":2048},{"@type":"BreadcrumbList","@id":"https:\/\/red-carpet.rs\/product\/kaput-rinascimento-bordo-dvoredno-kopcanje\/#breadcrumb","itemListElement":[{"@type":"ListItem","position":1,"name":"Home","item":"https:\/\/red-carpet.rs\/"},{"@type":"ListItem","position":2,"name":"Kupovina","item":"https:\/\/red-carpet.rs\/kupovina\/"},{"@type":"ListItem","position":3,"name":"Kaput Rinascimento bordo dvoredno kop\u010danje"}]},{"@type":"WebSite","@id":"https:\/\/alu.zyc.temporary.site\/#website","url":"https:\/\/alu.zyc.temporary.site\/","name":"Red Carpet Novi Sad","description":"italijanska odeca i obuca Novi Sad","publisher":{"@id":"https:\/\/alu.zyc.temporary.site\/#organization"},"potentialAction":[{"@type":"SearchAction","target":{"@type":"EntryPoint","urlTemplate":"https:\/\/alu.zyc.temporary.site\/?s={search_term_string}"},"query-input":{"@type":"PropertyValueSpecification","valueRequired":true,"valueName":"search_term_string"}}],"inLanguage":"en-GB"},{"@type":"Organization","@id":"https:\/\/alu.zyc.temporary.site\/#organization","name":"Red Carpet Novi Sad","url":"https:\/\/alu.zyc.temporary.site\/","logo":{"@type":"ImageObject","inLanguage":"en-GB","@id":"https:\/\/alu.zyc.temporary.site\/#\/schema\/logo\/image\/","url":"https:\/\/i0.wp.com\/red-carpet.rs\/wp-content\/uploads\/2025\/06\/cropped-cropped-red-carpet-izmene-scaled-2.jpg?fit=1307%2C1117&ssl=1","contentUrl":"https:\/\/i0.wp.com\/red-carpet.rs\/wp-content\/uploads\/2025\/06\/cropped-cropped-red-carpet-izmene-scaled-2.jpg?fit=1307%2C1117&ssl=1","width":1307,"height":1117,"caption":"Red Carpet Novi Sad"},"image":{"@id":"https:\/\/alu.zyc.temporary.site\/#\/schema\/logo\/image\/"},"sameAs":["https:\/\/www.facebook.com\/RedCarpetItalianFashionStore\/","https:\/\/www.instagram.com\/redcarpetfashionstore\/"]}]}},"jetpack_sharing_enabled":true,"_links":{"self":[{"href":"https:\/\/red-carpet.rs\/en\/wp-json\/wp\/v2\/product\/10527","targetHints":{"allow":["GET"]}}],"collection":[{"href":"https:\/\/red-carpet.rs\/en\/wp-json\/wp\/v2\/product"}],"about":[{"href":"https:\/\/red-carpet.rs\/en\/wp-json\/wp\/v2\/types\/product"}],"replies":[{"embeddable":true,"href":"https:\/\/red-carpet.rs\/en\/wp-json\/wp\/v2\/comments?post=10527"}],"wp:featuredmedia":[{"embeddable":true,"href":"https:\/\/red-carpet.rs\/en\/wp-json\/wp\/v2\/media\/10517"}],"wp:attachment":[{"href":"https:\/\/red-carpet.rs\/en\/wp-json\/wp\/v2\/media?parent=10527"}],"wp:term":[{"taxonomy":"product_brand","embeddable":true,"href":"https:\/\/red-carpet.rs\/en\/wp-json\/wp\/v2\/product_brand?post=10527"},{"taxonomy":"product_cat","embeddable":true,"href":"https:\/\/red-carpet.rs\/en\/wp-json\/wp\/v2\/product_cat?post=10527"},{"taxonomy":"product_tag","embeddable":true,"href":"https:\/\/red-carpet.rs\/en\/wp-json\/wp\/v2\/product_tag?post=10527"}],"curies":[{"name":"wp","href":"https:\/\/api.w.org\/{rel}","templated":true}]}}