{"id":10628,"date":"2025-12-23T10:48:00","date_gmt":"2025-12-23T10:48:00","guid":{"rendered":"https:\/\/red-carpet.rs\/?post_type=product&#038;p=10628"},"modified":"2026-03-14T12:09:23","modified_gmt":"2026-03-14T12:09:23","slug":"sako-sa-jednim-strasom-mleko-boja","status":"publish","type":"product","link":"https:\/\/red-carpet.rs\/en\/product\/sako-sa-jednim-strasom-mleko-boja\/","title":{"rendered":"Sako sa strasom mleko boja"},"content":{"rendered":"<div class=\"product attribute description\">\n<div class=\"value\">\n<pre class=\"tw-data-text tw-text-small tw-ta\" dir=\"ltr\" role=\"text\" data-placeholder=\"\"><span class=\"Y2IQFc\">Opis i kroj:  strukirani sako\r\nSako sa jednim dugmetom od tehni\u010dke tkanine je kultni komad koji defini\u0161e va\u0161u formalnu garderobu sa dodirom savremene \u017eenstvenosti.\r\nIzra\u0111en od tehni\u010dke tkanine, sako sa jednim dugmetom od tehni\u010dke tkanine ima strukturirani kroj sa blago podstavljenim ramenima, \u0161iljatim reverima, rupama sa d\u017eepovima i unutra\u0161njom postavom. Karakteristi\u010dni detalj je zlatno kru\u017eno dugme koje dodaje prefinjen i blistav dodir silueti.\r\nSako sa jednim dugmetom od tehni\u010dke tkanine savr\u0161eno se uklapa sa odgovarajuc\u0301im pantalonama, stvarajuc\u0301i besprekoran ansambl. Upotpunite ga obuc\u0301om i dodacima iz kolekcije. Za besprekoran kroj Nosite ga za ceremonije, formalne prilike, mature ili kao sofisticiranu kancelarijsku odec\u0301u.\r\n\u2022 Ovaj odevni predmet je proizveden u Italiji \u2022 Model je visok 1,77 m i nosi veli\u010dinu S.\r\n\r\n<\/span><\/pre>\n<pre id=\"tw-target-rmn\" class=\"tw-data-text tw-text-small tw-ta\" dir=\"ltr\" role=\"text\" data-placeholder=\"\"><span class=\"Y2IQFc\">Sastav\r\nGlavna tkanina: 90% poliester 10% elastan Postava: 100% poliester<\/span><\/pre>\n<pre id=\"tw-target-rmn\" class=\"tw-data-text tw-text-small tw-ta\" dir=\"ltr\" role=\"text\" data-placeholder=\"\"><span class=\"Y2IQFc\">\u00a0<\/span><\/pre>\n<\/div>\n<\/div>\n<div class=\"product attribute short_description\">\n<div class=\"value translation-block\">Country of manufacture: Italy<br>\r\nCare: specialized cleaning<\/div>\n<\/div>\n<div class=\"product_view_category\">Category:\u00a0<a href=\"https:\/\/red-carpet.rs\/en\/product-category\/clothes\/jackets\/\"> jacket<\/a><\/div>\n<div class=\"product_view_brand_characteristic_link\">Brand: Rinascimento<\/div>\n<div class=\"product_view_sku\"><\/div>","protected":false},"excerpt":{"rendered":"<p>Opis i kroj: strukirani sako Sako sa jednim dugmetom od tehni\u010dke tkanine je kultni komad koji defini\u0161e va\u0161u formalnu garderobu sa dodirom savremene \u017eenstvenosti. Izra\u0111en od tehni\u010dke tkanine, sako sa jednim dugmetom od tehni\u010dke tkanine ima strukturirani kroj sa blago podstavljenim ramenima, \u0161iljatim reverima, rupama sa d\u017eepovima i unutra\u0161njom postavom. Karakteristi\u010dni detalj je zlatno kru\u017eno [&hellip;]<\/p>\n","protected":false},"featured_media":10630,"comment_status":"open","ping_status":"closed","template":"","meta":{"site-sidebar-layout":"default","site-content-layout":"","ast-site-content-layout":"default","site-content-style":"default","site-sidebar-style":"default","ast-global-header-display":"","ast-banner-title-visibility":"","ast-main-header-display":"","ast-hfb-above-header-display":"","ast-hfb-below-header-display":"","ast-hfb-mobile-header-display":"","site-post-title":"","ast-breadcrumbs-content":"","ast-featured-img":"","footer-sml-layout":"","theme-transparent-header-meta":"default","adv-header-id-meta":"","stick-header-meta":"","header-above-stick-meta":"","header-main-stick-meta":"","header-below-stick-meta":"","astra-migrate-meta-layouts":"set","ast-page-background-enabled":"default","ast-page-background-meta":{"desktop":{"background-color":"var(--ast-global-color-4)","background-image":"","background-repeat":"repeat","background-position":"center center","background-size":"auto","background-attachment":"scroll","background-type":"","background-media":"","overlay-type":"","overlay-color":"","overlay-opacity":"","overlay-gradient":""},"tablet":{"background-color":"","background-image":"","background-repeat":"repeat","background-position":"center center","background-size":"auto","background-attachment":"scroll","background-type":"","background-media":"","overlay-type":"","overlay-color":"","overlay-opacity":"","overlay-gradient":""},"mobile":{"background-color":"","background-image":"","background-repeat":"repeat","background-position":"center center","background-size":"auto","background-attachment":"scroll","background-type":"","background-media":"","overlay-type":"","overlay-color":"","overlay-opacity":"","overlay-gradient":""}},"ast-content-background-meta":{"desktop":{"background-color":"var(--ast-global-color-5)","background-image":"","background-repeat":"repeat","background-position":"center center","background-size":"auto","background-attachment":"scroll","background-type":"","background-media":"","overlay-type":"","overlay-color":"","overlay-opacity":"","overlay-gradient":""},"tablet":{"background-color":"var(--ast-global-color-5)","background-image":"","background-repeat":"repeat","background-position":"center center","background-size":"auto","background-attachment":"scroll","background-type":"","background-media":"","overlay-type":"","overlay-color":"","overlay-opacity":"","overlay-gradient":""},"mobile":{"background-color":"var(--ast-global-color-5)","background-image":"","background-repeat":"repeat","background-position":"center center","background-size":"auto","background-attachment":"scroll","background-type":"","background-media":"","overlay-type":"","overlay-color":"","overlay-opacity":"","overlay-gradient":""}}},"product_brand":[128],"product_cat":[83,316],"product_tag":[147,102,146,148],"class_list":{"0":"post-10628","1":"product","2":"type-product","3":"status-publish","4":"has-post-thumbnail","6":"product_brand-rinascimento","7":"product_cat-blejzeri","8":"product_cat-jesen-kolekcija","9":"product_tag-blazer","10":"product_tag-italijanske-odeca","11":"product_tag-jacket","12":"product_tag-sako","13":"desktop-align-center","14":"tablet-align-left","15":"mobile-align-left","17":"first","18":"instock","19":"sale","20":"shipping-taxable","21":"purchasable","22":"product-type-simple"},"yoast_head":"<!-- This site is optimized with the Yoast SEO plugin v27.4 - https:\/\/yoast.com\/product\/yoast-seo-wordpress\/ -->\n<title>Sako sa strasom mleko boja - Red Carpet Novi Sad<\/title>\n<meta name=\"robots\" content=\"index, follow, max-snippet:-1, max-image-preview:large, max-video-preview:-1\" \/>\n<link rel=\"canonical\" href=\"https:\/\/red-carpet.rs\/en\/product\/sako-sa-jednim-strasom-mleko-boja\/\" \/>\n<meta property=\"og:locale\" content=\"en_GB\" \/>\n<meta property=\"og:type\" content=\"article\" \/>\n<meta property=\"og:title\" content=\"Sako sa strasom mleko boja - Red Carpet Novi Sad\" \/>\n<meta property=\"og:description\" content=\"Opis i kroj: strukirani sako Sako sa jednim dugmetom od tehni\u010dke tkanine je kultni komad koji defini\u0161e va\u0161u formalnu garderobu sa dodirom savremene \u017eenstvenosti. Izra\u0111en od tehni\u010dke tkanine, sako sa jednim dugmetom od tehni\u010dke tkanine ima strukturirani kroj sa blago podstavljenim ramenima, \u0161iljatim reverima, rupama sa d\u017eepovima i unutra\u0161njom postavom. Karakteristi\u010dni detalj je zlatno kru\u017eno [&hellip;]\" \/>\n<meta property=\"og:url\" content=\"https:\/\/red-carpet.rs\/en\/product\/sako-sa-jednim-strasom-mleko-boja\/\" \/>\n<meta property=\"og:site_name\" content=\"Red Carpet Novi Sad\" \/>\n<meta property=\"article:publisher\" content=\"https:\/\/www.facebook.com\/RedCarpetItalianFashionStore\/\" \/>\n<meta property=\"article:modified_time\" content=\"2026-03-14T12:09:23+00:00\" \/>\n<meta property=\"og:image\" content=\"https:\/\/red-carpet.rs\/wp-content\/uploads\/2025\/12\/photo_2025-12-23_11-30-32.jpg\" \/>\n\t<meta property=\"og:image:width\" content=\"960\" \/>\n\t<meta property=\"og:image:height\" content=\"1280\" \/>\n\t<meta property=\"og:image:type\" content=\"image\/jpeg\" \/>\n<meta name=\"twitter:card\" content=\"summary_large_image\" \/>\n<meta name=\"twitter:label1\" content=\"Estimated reading time\" \/>\n\t<meta name=\"twitter:data1\" content=\"1 minute\" \/>\n<script type=\"application\/ld+json\" class=\"yoast-schema-graph\">{\"@context\":\"https:\\\/\\\/schema.org\",\"@graph\":[{\"@type\":\"WebPage\",\"@id\":\"https:\\\/\\\/red-carpet.rs\\\/product\\\/sako-sa-jednim-strasom-mleko-boja\\\/\",\"url\":\"https:\\\/\\\/red-carpet.rs\\\/product\\\/sako-sa-jednim-strasom-mleko-boja\\\/\",\"name\":\"Sako sa strasom mleko boja - Red Carpet Novi Sad\",\"isPartOf\":{\"@id\":\"https:\\\/\\\/alu.zyc.temporary.site\\\/#website\"},\"primaryImageOfPage\":{\"@id\":\"https:\\\/\\\/red-carpet.rs\\\/product\\\/sako-sa-jednim-strasom-mleko-boja\\\/#primaryimage\"},\"image\":{\"@id\":\"https:\\\/\\\/red-carpet.rs\\\/product\\\/sako-sa-jednim-strasom-mleko-boja\\\/#primaryimage\"},\"thumbnailUrl\":\"https:\\\/\\\/i0.wp.com\\\/red-carpet.rs\\\/wp-content\\\/uploads\\\/2025\\\/12\\\/photo_2025-12-23_11-30-32.jpg?fit=960%2C1280&ssl=1\",\"datePublished\":\"2025-12-23T10:48:00+00:00\",\"dateModified\":\"2026-03-14T12:09:23+00:00\",\"breadcrumb\":{\"@id\":\"https:\\\/\\\/red-carpet.rs\\\/product\\\/sako-sa-jednim-strasom-mleko-boja\\\/#breadcrumb\"},\"inLanguage\":\"en-GB\",\"potentialAction\":[{\"@type\":\"ReadAction\",\"target\":[\"https:\\\/\\\/red-carpet.rs\\\/product\\\/sako-sa-jednim-strasom-mleko-boja\\\/\"]}]},{\"@type\":\"ImageObject\",\"inLanguage\":\"en-GB\",\"@id\":\"https:\\\/\\\/red-carpet.rs\\\/product\\\/sako-sa-jednim-strasom-mleko-boja\\\/#primaryimage\",\"url\":\"https:\\\/\\\/i0.wp.com\\\/red-carpet.rs\\\/wp-content\\\/uploads\\\/2025\\\/12\\\/photo_2025-12-23_11-30-32.jpg?fit=960%2C1280&ssl=1\",\"contentUrl\":\"https:\\\/\\\/i0.wp.com\\\/red-carpet.rs\\\/wp-content\\\/uploads\\\/2025\\\/12\\\/photo_2025-12-23_11-30-32.jpg?fit=960%2C1280&ssl=1\",\"width\":960,\"height\":1280},{\"@type\":\"BreadcrumbList\",\"@id\":\"https:\\\/\\\/red-carpet.rs\\\/product\\\/sako-sa-jednim-strasom-mleko-boja\\\/#breadcrumb\",\"itemListElement\":[{\"@type\":\"ListItem\",\"position\":1,\"name\":\"Home\",\"item\":\"https:\\\/\\\/red-carpet.rs\\\/\"},{\"@type\":\"ListItem\",\"position\":2,\"name\":\"Kupovina\",\"item\":\"https:\\\/\\\/red-carpet.rs\\\/kupovina\\\/\"},{\"@type\":\"ListItem\",\"position\":3,\"name\":\"Sako sa strasom mleko boja\"}]},{\"@type\":\"WebSite\",\"@id\":\"https:\\\/\\\/alu.zyc.temporary.site\\\/#website\",\"url\":\"https:\\\/\\\/alu.zyc.temporary.site\\\/\",\"name\":\"Red Carpet Novi Sad\",\"description\":\"italijanska odeca i obuca Novi Sad\",\"publisher\":{\"@id\":\"https:\\\/\\\/alu.zyc.temporary.site\\\/#organization\"},\"potentialAction\":[{\"@type\":\"SearchAction\",\"target\":{\"@type\":\"EntryPoint\",\"urlTemplate\":\"https:\\\/\\\/alu.zyc.temporary.site\\\/?s={search_term_string}\"},\"query-input\":{\"@type\":\"PropertyValueSpecification\",\"valueRequired\":true,\"valueName\":\"search_term_string\"}}],\"inLanguage\":\"en-GB\"},{\"@type\":\"Organization\",\"@id\":\"https:\\\/\\\/alu.zyc.temporary.site\\\/#organization\",\"name\":\"Red Carpet Novi Sad\",\"url\":\"https:\\\/\\\/alu.zyc.temporary.site\\\/\",\"logo\":{\"@type\":\"ImageObject\",\"inLanguage\":\"en-GB\",\"@id\":\"https:\\\/\\\/alu.zyc.temporary.site\\\/#\\\/schema\\\/logo\\\/image\\\/\",\"url\":\"https:\\\/\\\/i0.wp.com\\\/red-carpet.rs\\\/wp-content\\\/uploads\\\/2025\\\/06\\\/cropped-cropped-red-carpet-izmene-scaled-2.jpg?fit=1307%2C1117&ssl=1\",\"contentUrl\":\"https:\\\/\\\/i0.wp.com\\\/red-carpet.rs\\\/wp-content\\\/uploads\\\/2025\\\/06\\\/cropped-cropped-red-carpet-izmene-scaled-2.jpg?fit=1307%2C1117&ssl=1\",\"width\":1307,\"height\":1117,\"caption\":\"Red Carpet Novi Sad\"},\"image\":{\"@id\":\"https:\\\/\\\/alu.zyc.temporary.site\\\/#\\\/schema\\\/logo\\\/image\\\/\"},\"sameAs\":[\"https:\\\/\\\/www.facebook.com\\\/RedCarpetItalianFashionStore\\\/\",\"https:\\\/\\\/www.instagram.com\\\/redcarpetfashionstore\\\/\"]}]}<\/script>\n<!-- \/ Yoast SEO plugin. -->","yoast_head_json":{"title":"Sako sa strasom mleko boja - Red Carpet Novi Sad","robots":{"index":"index","follow":"follow","max-snippet":"max-snippet:-1","max-image-preview":"max-image-preview:large","max-video-preview":"max-video-preview:-1"},"canonical":"https:\/\/red-carpet.rs\/en\/product\/sako-sa-jednim-strasom-mleko-boja\/","og_locale":"en_GB","og_type":"article","og_title":"Sako sa strasom mleko boja - Red Carpet Novi Sad","og_description":"Opis i kroj: strukirani sako Sako sa jednim dugmetom od tehni\u010dke tkanine je kultni komad koji defini\u0161e va\u0161u formalnu garderobu sa dodirom savremene \u017eenstvenosti. Izra\u0111en od tehni\u010dke tkanine, sako sa jednim dugmetom od tehni\u010dke tkanine ima strukturirani kroj sa blago podstavljenim ramenima, \u0161iljatim reverima, rupama sa d\u017eepovima i unutra\u0161njom postavom. Karakteristi\u010dni detalj je zlatno kru\u017eno [&hellip;]","og_url":"https:\/\/red-carpet.rs\/en\/product\/sako-sa-jednim-strasom-mleko-boja\/","og_site_name":"Red Carpet Novi Sad","article_publisher":"https:\/\/www.facebook.com\/RedCarpetItalianFashionStore\/","article_modified_time":"2026-03-14T12:09:23+00:00","og_image":[{"width":960,"height":1280,"url":"https:\/\/red-carpet.rs\/wp-content\/uploads\/2025\/12\/photo_2025-12-23_11-30-32.jpg","type":"image\/jpeg"}],"twitter_card":"summary_large_image","twitter_misc":{"Estimated reading time":"1 minute"},"schema":{"@context":"https:\/\/schema.org","@graph":[{"@type":"WebPage","@id":"https:\/\/red-carpet.rs\/product\/sako-sa-jednim-strasom-mleko-boja\/","url":"https:\/\/red-carpet.rs\/product\/sako-sa-jednim-strasom-mleko-boja\/","name":"Sako sa strasom mleko boja - Red Carpet Novi Sad","isPartOf":{"@id":"https:\/\/alu.zyc.temporary.site\/#website"},"primaryImageOfPage":{"@id":"https:\/\/red-carpet.rs\/product\/sako-sa-jednim-strasom-mleko-boja\/#primaryimage"},"image":{"@id":"https:\/\/red-carpet.rs\/product\/sako-sa-jednim-strasom-mleko-boja\/#primaryimage"},"thumbnailUrl":"https:\/\/i0.wp.com\/red-carpet.rs\/wp-content\/uploads\/2025\/12\/photo_2025-12-23_11-30-32.jpg?fit=960%2C1280&ssl=1","datePublished":"2025-12-23T10:48:00+00:00","dateModified":"2026-03-14T12:09:23+00:00","breadcrumb":{"@id":"https:\/\/red-carpet.rs\/product\/sako-sa-jednim-strasom-mleko-boja\/#breadcrumb"},"inLanguage":"en-GB","potentialAction":[{"@type":"ReadAction","target":["https:\/\/red-carpet.rs\/product\/sako-sa-jednim-strasom-mleko-boja\/"]}]},{"@type":"ImageObject","inLanguage":"en-GB","@id":"https:\/\/red-carpet.rs\/product\/sako-sa-jednim-strasom-mleko-boja\/#primaryimage","url":"https:\/\/i0.wp.com\/red-carpet.rs\/wp-content\/uploads\/2025\/12\/photo_2025-12-23_11-30-32.jpg?fit=960%2C1280&ssl=1","contentUrl":"https:\/\/i0.wp.com\/red-carpet.rs\/wp-content\/uploads\/2025\/12\/photo_2025-12-23_11-30-32.jpg?fit=960%2C1280&ssl=1","width":960,"height":1280},{"@type":"BreadcrumbList","@id":"https:\/\/red-carpet.rs\/product\/sako-sa-jednim-strasom-mleko-boja\/#breadcrumb","itemListElement":[{"@type":"ListItem","position":1,"name":"Home","item":"https:\/\/red-carpet.rs\/"},{"@type":"ListItem","position":2,"name":"Kupovina","item":"https:\/\/red-carpet.rs\/kupovina\/"},{"@type":"ListItem","position":3,"name":"Sako sa strasom mleko boja"}]},{"@type":"WebSite","@id":"https:\/\/alu.zyc.temporary.site\/#website","url":"https:\/\/alu.zyc.temporary.site\/","name":"Red Carpet Novi Sad","description":"italijanska odeca i obuca Novi Sad","publisher":{"@id":"https:\/\/alu.zyc.temporary.site\/#organization"},"potentialAction":[{"@type":"SearchAction","target":{"@type":"EntryPoint","urlTemplate":"https:\/\/alu.zyc.temporary.site\/?s={search_term_string}"},"query-input":{"@type":"PropertyValueSpecification","valueRequired":true,"valueName":"search_term_string"}}],"inLanguage":"en-GB"},{"@type":"Organization","@id":"https:\/\/alu.zyc.temporary.site\/#organization","name":"Red Carpet Novi Sad","url":"https:\/\/alu.zyc.temporary.site\/","logo":{"@type":"ImageObject","inLanguage":"en-GB","@id":"https:\/\/alu.zyc.temporary.site\/#\/schema\/logo\/image\/","url":"https:\/\/i0.wp.com\/red-carpet.rs\/wp-content\/uploads\/2025\/06\/cropped-cropped-red-carpet-izmene-scaled-2.jpg?fit=1307%2C1117&ssl=1","contentUrl":"https:\/\/i0.wp.com\/red-carpet.rs\/wp-content\/uploads\/2025\/06\/cropped-cropped-red-carpet-izmene-scaled-2.jpg?fit=1307%2C1117&ssl=1","width":1307,"height":1117,"caption":"Red Carpet Novi Sad"},"image":{"@id":"https:\/\/alu.zyc.temporary.site\/#\/schema\/logo\/image\/"},"sameAs":["https:\/\/www.facebook.com\/RedCarpetItalianFashionStore\/","https:\/\/www.instagram.com\/redcarpetfashionstore\/"]}]}},"jetpack_sharing_enabled":true,"_links":{"self":[{"href":"https:\/\/red-carpet.rs\/en\/wp-json\/wp\/v2\/product\/10628","targetHints":{"allow":["GET"]}}],"collection":[{"href":"https:\/\/red-carpet.rs\/en\/wp-json\/wp\/v2\/product"}],"about":[{"href":"https:\/\/red-carpet.rs\/en\/wp-json\/wp\/v2\/types\/product"}],"replies":[{"embeddable":true,"href":"https:\/\/red-carpet.rs\/en\/wp-json\/wp\/v2\/comments?post=10628"}],"wp:featuredmedia":[{"embeddable":true,"href":"https:\/\/red-carpet.rs\/en\/wp-json\/wp\/v2\/media\/10630"}],"wp:attachment":[{"href":"https:\/\/red-carpet.rs\/en\/wp-json\/wp\/v2\/media?parent=10628"}],"wp:term":[{"taxonomy":"product_brand","embeddable":true,"href":"https:\/\/red-carpet.rs\/en\/wp-json\/wp\/v2\/product_brand?post=10628"},{"taxonomy":"product_cat","embeddable":true,"href":"https:\/\/red-carpet.rs\/en\/wp-json\/wp\/v2\/product_cat?post=10628"},{"taxonomy":"product_tag","embeddable":true,"href":"https:\/\/red-carpet.rs\/en\/wp-json\/wp\/v2\/product_tag?post=10628"}],"curies":[{"name":"wp","href":"https:\/\/api.w.org\/{rel}","templated":true}]}}