{"id":10798,"date":"2025-12-27T09:55:38","date_gmt":"2025-12-27T09:55:38","guid":{"rendered":"https:\/\/red-carpet.rs\/?post_type=product&#038;p=10798"},"modified":"2026-02-12T11:37:08","modified_gmt":"2026-02-12T11:37:08","slug":"haljina-od-trikotaze-i-kasmira-kontatto-kamel","status":"publish","type":"product","link":"https:\/\/red-carpet.rs\/en\/product\/haljina-od-trikotaze-i-kasmira-kontatto-kamel\/","title":{"rendered":"haljina od trikotaze i kasmira kontatto kamel"},"content":{"rendered":"<p data-start=\"89\" data-end=\"190\">Uroni u sezonu stila sa <strong data-start=\"143\" data-end=\"189\">kompletom koji spaja eleganciju i udobnost<\/strong>.<\/p>\n<p data-start=\"192\" data-end=\"458\">Na\u0161 jesenji komplet u bezvremenskoj <strong data-start=\"228\" data-end=\"240\">braon boji<\/strong> savr\u0161en je izbor za svaki dan \u2013 bilo da \u0161eta\u0161 gradom, pije\u0161 kafu s prijateljicama ili planira\u0161 vikend beg iz grada.\u00a0<strong data-start=\"362\" data-end=\"393\">Topao, mekan i lako uklopiv<\/strong>, ovaj komplet \u0107e postati tvoj omiljeni saveznik za jesenje dane.<\/p>\n<p data-start=\"192\" data-end=\"458\">Model je visok 183cm<\/p>\n<p data-start=\"192\" data-end=\"458\">Sastav: 30% viskoza,30% vuna, 35% poliester, 5% kasmir<\/p>\n<p data-start=\"192\" data-end=\"458\">Brend Rinascimento<\/p>","protected":false},"excerpt":{"rendered":"<p>Uroni u sezonu stila sa kompletom koji spaja eleganciju i udobnost. Na\u0161 jesenji komplet u bezvremenskoj braon boji savr\u0161en je izbor za svaki dan \u2013 bilo da \u0161eta\u0161 gradom, pije\u0161 kafu s prijateljicama ili planira\u0161 vikend beg iz grada.\u00a0Topao, mekan i lako uklopiv, ovaj komplet \u0107e postati tvoj omiljeni saveznik za jesenje dane. Model je [&hellip;]<\/p>\n","protected":false},"featured_media":10808,"comment_status":"open","ping_status":"closed","template":"","meta":{"site-sidebar-layout":"default","site-content-layout":"","ast-site-content-layout":"default","site-content-style":"default","site-sidebar-style":"default","ast-global-header-display":"","ast-banner-title-visibility":"","ast-main-header-display":"","ast-hfb-above-header-display":"","ast-hfb-below-header-display":"","ast-hfb-mobile-header-display":"","site-post-title":"","ast-breadcrumbs-content":"","ast-featured-img":"","footer-sml-layout":"","theme-transparent-header-meta":"default","adv-header-id-meta":"","stick-header-meta":"","header-above-stick-meta":"","header-main-stick-meta":"","header-below-stick-meta":"","astra-migrate-meta-layouts":"set","ast-page-background-enabled":"default","ast-page-background-meta":{"desktop":{"background-color":"var(--ast-global-color-4)","background-image":"","background-repeat":"repeat","background-position":"center center","background-size":"auto","background-attachment":"scroll","background-type":"","background-media":"","overlay-type":"","overlay-color":"","overlay-opacity":"","overlay-gradient":""},"tablet":{"background-color":"","background-image":"","background-repeat":"repeat","background-position":"center center","background-size":"auto","background-attachment":"scroll","background-type":"","background-media":"","overlay-type":"","overlay-color":"","overlay-opacity":"","overlay-gradient":""},"mobile":{"background-color":"","background-image":"","background-repeat":"repeat","background-position":"center center","background-size":"auto","background-attachment":"scroll","background-type":"","background-media":"","overlay-type":"","overlay-color":"","overlay-opacity":"","overlay-gradient":""}},"ast-content-background-meta":{"desktop":{"background-color":"var(--ast-global-color-5)","background-image":"","background-repeat":"repeat","background-position":"center center","background-size":"auto","background-attachment":"scroll","background-type":"","background-media":"","overlay-type":"","overlay-color":"","overlay-opacity":"","overlay-gradient":""},"tablet":{"background-color":"var(--ast-global-color-5)","background-image":"","background-repeat":"repeat","background-position":"center center","background-size":"auto","background-attachment":"scroll","background-type":"","background-media":"","overlay-type":"","overlay-color":"","overlay-opacity":"","overlay-gradient":""},"mobile":{"background-color":"var(--ast-global-color-5)","background-image":"","background-repeat":"repeat","background-position":"center center","background-size":"auto","background-attachment":"scroll","background-type":"","background-media":"","overlay-type":"","overlay-color":"","overlay-opacity":"","overlay-gradient":""}}},"product_brand":[166],"product_cat":[80,316,90],"product_tag":[414,412,413,415],"class_list":{"0":"post-10798","1":"product","2":"type-product","3":"status-publish","4":"has-post-thumbnail","6":"product_brand-kontatto","7":"product_cat-haljine","8":"product_cat-jesen-kolekcija","9":"product_cat-knitwear","10":"product_tag-haljina-italija","11":"product_tag-haljina-od-trikotaze","12":"product_tag-haljine-novi-sad","13":"product_tag-trikotaza-braon-haljina","14":"desktop-align-center","15":"tablet-align-left","16":"mobile-align-left","18":"first","19":"instock","20":"sale","21":"shipping-taxable","22":"purchasable","23":"product-type-simple"},"yoast_head":"<!-- This site is optimized with the Yoast SEO plugin v27.4 - https:\/\/yoast.com\/product\/yoast-seo-wordpress\/ -->\n<title>haljina od trikotaze i kasmira kontatto kamel - Red Carpet Novi Sad<\/title>\n<meta name=\"robots\" content=\"index, follow, max-snippet:-1, max-image-preview:large, max-video-preview:-1\" \/>\n<link rel=\"canonical\" href=\"https:\/\/red-carpet.rs\/en\/product\/haljina-od-trikotaze-i-kasmira-kontatto-kamel\/\" \/>\n<meta property=\"og:locale\" content=\"en_GB\" \/>\n<meta property=\"og:type\" content=\"article\" \/>\n<meta property=\"og:title\" content=\"haljina od trikotaze i kasmira kontatto kamel - Red Carpet Novi Sad\" \/>\n<meta property=\"og:description\" content=\"Uroni u sezonu stila sa kompletom koji spaja eleganciju i udobnost. Na\u0161 jesenji komplet u bezvremenskoj braon boji savr\u0161en je izbor za svaki dan \u2013 bilo da \u0161eta\u0161 gradom, pije\u0161 kafu s prijateljicama ili planira\u0161 vikend beg iz grada.\u00a0Topao, mekan i lako uklopiv, ovaj komplet \u0107e postati tvoj omiljeni saveznik za jesenje dane. Model je [&hellip;]\" \/>\n<meta property=\"og:url\" content=\"https:\/\/red-carpet.rs\/en\/product\/haljina-od-trikotaze-i-kasmira-kontatto-kamel\/\" \/>\n<meta property=\"og:site_name\" content=\"Red Carpet Novi Sad\" \/>\n<meta property=\"article:publisher\" content=\"https:\/\/www.facebook.com\/RedCarpetItalianFashionStore\/\" \/>\n<meta property=\"article:modified_time\" content=\"2026-02-12T11:37:08+00:00\" \/>\n<meta property=\"og:image\" content=\"https:\/\/red-carpet.rs\/wp-content\/uploads\/2025\/12\/photo-2025-12-27-10-41-24.jpg\" \/>\n\t<meta property=\"og:image:width\" content=\"960\" \/>\n\t<meta property=\"og:image:height\" content=\"1280\" \/>\n\t<meta property=\"og:image:type\" content=\"image\/jpeg\" \/>\n<meta name=\"twitter:card\" content=\"summary_large_image\" \/>\n<script type=\"application\/ld+json\" class=\"yoast-schema-graph\">{\"@context\":\"https:\\\/\\\/schema.org\",\"@graph\":[{\"@type\":\"WebPage\",\"@id\":\"https:\\\/\\\/red-carpet.rs\\\/product\\\/haljina-od-trikotaze-i-kasmira-kontatto-kamel\\\/\",\"url\":\"https:\\\/\\\/red-carpet.rs\\\/product\\\/haljina-od-trikotaze-i-kasmira-kontatto-kamel\\\/\",\"name\":\"haljina od trikotaze i kasmira kontatto kamel - Red Carpet Novi Sad\",\"isPartOf\":{\"@id\":\"https:\\\/\\\/alu.zyc.temporary.site\\\/#website\"},\"primaryImageOfPage\":{\"@id\":\"https:\\\/\\\/red-carpet.rs\\\/product\\\/haljina-od-trikotaze-i-kasmira-kontatto-kamel\\\/#primaryimage\"},\"image\":{\"@id\":\"https:\\\/\\\/red-carpet.rs\\\/product\\\/haljina-od-trikotaze-i-kasmira-kontatto-kamel\\\/#primaryimage\"},\"thumbnailUrl\":\"https:\\\/\\\/i0.wp.com\\\/red-carpet.rs\\\/wp-content\\\/uploads\\\/2025\\\/12\\\/photo-2025-12-27-10-41-24.jpg?fit=960%2C1280&ssl=1\",\"datePublished\":\"2025-12-27T09:55:38+00:00\",\"dateModified\":\"2026-02-12T11:37:08+00:00\",\"breadcrumb\":{\"@id\":\"https:\\\/\\\/red-carpet.rs\\\/product\\\/haljina-od-trikotaze-i-kasmira-kontatto-kamel\\\/#breadcrumb\"},\"inLanguage\":\"en-GB\",\"potentialAction\":[{\"@type\":\"ReadAction\",\"target\":[\"https:\\\/\\\/red-carpet.rs\\\/product\\\/haljina-od-trikotaze-i-kasmira-kontatto-kamel\\\/\"]}]},{\"@type\":\"ImageObject\",\"inLanguage\":\"en-GB\",\"@id\":\"https:\\\/\\\/red-carpet.rs\\\/product\\\/haljina-od-trikotaze-i-kasmira-kontatto-kamel\\\/#primaryimage\",\"url\":\"https:\\\/\\\/i0.wp.com\\\/red-carpet.rs\\\/wp-content\\\/uploads\\\/2025\\\/12\\\/photo-2025-12-27-10-41-24.jpg?fit=960%2C1280&ssl=1\",\"contentUrl\":\"https:\\\/\\\/i0.wp.com\\\/red-carpet.rs\\\/wp-content\\\/uploads\\\/2025\\\/12\\\/photo-2025-12-27-10-41-24.jpg?fit=960%2C1280&ssl=1\",\"width\":960,\"height\":1280},{\"@type\":\"BreadcrumbList\",\"@id\":\"https:\\\/\\\/red-carpet.rs\\\/product\\\/haljina-od-trikotaze-i-kasmira-kontatto-kamel\\\/#breadcrumb\",\"itemListElement\":[{\"@type\":\"ListItem\",\"position\":1,\"name\":\"Home\",\"item\":\"https:\\\/\\\/red-carpet.rs\\\/\"},{\"@type\":\"ListItem\",\"position\":2,\"name\":\"Kupovina\",\"item\":\"https:\\\/\\\/red-carpet.rs\\\/kupovina\\\/\"},{\"@type\":\"ListItem\",\"position\":3,\"name\":\"haljina od trikotaze i kasmira kontatto kamel\"}]},{\"@type\":\"WebSite\",\"@id\":\"https:\\\/\\\/alu.zyc.temporary.site\\\/#website\",\"url\":\"https:\\\/\\\/alu.zyc.temporary.site\\\/\",\"name\":\"Red Carpet Novi Sad\",\"description\":\"italijanska odeca i obuca Novi Sad\",\"publisher\":{\"@id\":\"https:\\\/\\\/alu.zyc.temporary.site\\\/#organization\"},\"potentialAction\":[{\"@type\":\"SearchAction\",\"target\":{\"@type\":\"EntryPoint\",\"urlTemplate\":\"https:\\\/\\\/alu.zyc.temporary.site\\\/?s={search_term_string}\"},\"query-input\":{\"@type\":\"PropertyValueSpecification\",\"valueRequired\":true,\"valueName\":\"search_term_string\"}}],\"inLanguage\":\"en-GB\"},{\"@type\":\"Organization\",\"@id\":\"https:\\\/\\\/alu.zyc.temporary.site\\\/#organization\",\"name\":\"Red Carpet Novi Sad\",\"url\":\"https:\\\/\\\/alu.zyc.temporary.site\\\/\",\"logo\":{\"@type\":\"ImageObject\",\"inLanguage\":\"en-GB\",\"@id\":\"https:\\\/\\\/alu.zyc.temporary.site\\\/#\\\/schema\\\/logo\\\/image\\\/\",\"url\":\"https:\\\/\\\/i0.wp.com\\\/red-carpet.rs\\\/wp-content\\\/uploads\\\/2025\\\/06\\\/cropped-cropped-red-carpet-izmene-scaled-2.jpg?fit=1307%2C1117&ssl=1\",\"contentUrl\":\"https:\\\/\\\/i0.wp.com\\\/red-carpet.rs\\\/wp-content\\\/uploads\\\/2025\\\/06\\\/cropped-cropped-red-carpet-izmene-scaled-2.jpg?fit=1307%2C1117&ssl=1\",\"width\":1307,\"height\":1117,\"caption\":\"Red Carpet Novi Sad\"},\"image\":{\"@id\":\"https:\\\/\\\/alu.zyc.temporary.site\\\/#\\\/schema\\\/logo\\\/image\\\/\"},\"sameAs\":[\"https:\\\/\\\/www.facebook.com\\\/RedCarpetItalianFashionStore\\\/\",\"https:\\\/\\\/www.instagram.com\\\/redcarpetfashionstore\\\/\"]}]}<\/script>\n<!-- \/ Yoast SEO plugin. -->","yoast_head_json":{"title":"haljina od trikotaze i kasmira kontatto kamel - Red Carpet Novi Sad","robots":{"index":"index","follow":"follow","max-snippet":"max-snippet:-1","max-image-preview":"max-image-preview:large","max-video-preview":"max-video-preview:-1"},"canonical":"https:\/\/red-carpet.rs\/en\/product\/haljina-od-trikotaze-i-kasmira-kontatto-kamel\/","og_locale":"en_GB","og_type":"article","og_title":"haljina od trikotaze i kasmira kontatto kamel - Red Carpet Novi Sad","og_description":"Uroni u sezonu stila sa kompletom koji spaja eleganciju i udobnost. Na\u0161 jesenji komplet u bezvremenskoj braon boji savr\u0161en je izbor za svaki dan \u2013 bilo da \u0161eta\u0161 gradom, pije\u0161 kafu s prijateljicama ili planira\u0161 vikend beg iz grada.\u00a0Topao, mekan i lako uklopiv, ovaj komplet \u0107e postati tvoj omiljeni saveznik za jesenje dane. Model je [&hellip;]","og_url":"https:\/\/red-carpet.rs\/en\/product\/haljina-od-trikotaze-i-kasmira-kontatto-kamel\/","og_site_name":"Red Carpet Novi Sad","article_publisher":"https:\/\/www.facebook.com\/RedCarpetItalianFashionStore\/","article_modified_time":"2026-02-12T11:37:08+00:00","og_image":[{"width":960,"height":1280,"url":"https:\/\/red-carpet.rs\/wp-content\/uploads\/2025\/12\/photo-2025-12-27-10-41-24.jpg","type":"image\/jpeg"}],"twitter_card":"summary_large_image","schema":{"@context":"https:\/\/schema.org","@graph":[{"@type":"WebPage","@id":"https:\/\/red-carpet.rs\/product\/haljina-od-trikotaze-i-kasmira-kontatto-kamel\/","url":"https:\/\/red-carpet.rs\/product\/haljina-od-trikotaze-i-kasmira-kontatto-kamel\/","name":"haljina od trikotaze i kasmira kontatto kamel - Red Carpet Novi Sad","isPartOf":{"@id":"https:\/\/alu.zyc.temporary.site\/#website"},"primaryImageOfPage":{"@id":"https:\/\/red-carpet.rs\/product\/haljina-od-trikotaze-i-kasmira-kontatto-kamel\/#primaryimage"},"image":{"@id":"https:\/\/red-carpet.rs\/product\/haljina-od-trikotaze-i-kasmira-kontatto-kamel\/#primaryimage"},"thumbnailUrl":"https:\/\/i0.wp.com\/red-carpet.rs\/wp-content\/uploads\/2025\/12\/photo-2025-12-27-10-41-24.jpg?fit=960%2C1280&ssl=1","datePublished":"2025-12-27T09:55:38+00:00","dateModified":"2026-02-12T11:37:08+00:00","breadcrumb":{"@id":"https:\/\/red-carpet.rs\/product\/haljina-od-trikotaze-i-kasmira-kontatto-kamel\/#breadcrumb"},"inLanguage":"en-GB","potentialAction":[{"@type":"ReadAction","target":["https:\/\/red-carpet.rs\/product\/haljina-od-trikotaze-i-kasmira-kontatto-kamel\/"]}]},{"@type":"ImageObject","inLanguage":"en-GB","@id":"https:\/\/red-carpet.rs\/product\/haljina-od-trikotaze-i-kasmira-kontatto-kamel\/#primaryimage","url":"https:\/\/i0.wp.com\/red-carpet.rs\/wp-content\/uploads\/2025\/12\/photo-2025-12-27-10-41-24.jpg?fit=960%2C1280&ssl=1","contentUrl":"https:\/\/i0.wp.com\/red-carpet.rs\/wp-content\/uploads\/2025\/12\/photo-2025-12-27-10-41-24.jpg?fit=960%2C1280&ssl=1","width":960,"height":1280},{"@type":"BreadcrumbList","@id":"https:\/\/red-carpet.rs\/product\/haljina-od-trikotaze-i-kasmira-kontatto-kamel\/#breadcrumb","itemListElement":[{"@type":"ListItem","position":1,"name":"Home","item":"https:\/\/red-carpet.rs\/"},{"@type":"ListItem","position":2,"name":"Kupovina","item":"https:\/\/red-carpet.rs\/kupovina\/"},{"@type":"ListItem","position":3,"name":"haljina od trikotaze i kasmira kontatto kamel"}]},{"@type":"WebSite","@id":"https:\/\/alu.zyc.temporary.site\/#website","url":"https:\/\/alu.zyc.temporary.site\/","name":"Red Carpet Novi Sad","description":"italijanska odeca i obuca Novi Sad","publisher":{"@id":"https:\/\/alu.zyc.temporary.site\/#organization"},"potentialAction":[{"@type":"SearchAction","target":{"@type":"EntryPoint","urlTemplate":"https:\/\/alu.zyc.temporary.site\/?s={search_term_string}"},"query-input":{"@type":"PropertyValueSpecification","valueRequired":true,"valueName":"search_term_string"}}],"inLanguage":"en-GB"},{"@type":"Organization","@id":"https:\/\/alu.zyc.temporary.site\/#organization","name":"Red Carpet Novi Sad","url":"https:\/\/alu.zyc.temporary.site\/","logo":{"@type":"ImageObject","inLanguage":"en-GB","@id":"https:\/\/alu.zyc.temporary.site\/#\/schema\/logo\/image\/","url":"https:\/\/i0.wp.com\/red-carpet.rs\/wp-content\/uploads\/2025\/06\/cropped-cropped-red-carpet-izmene-scaled-2.jpg?fit=1307%2C1117&ssl=1","contentUrl":"https:\/\/i0.wp.com\/red-carpet.rs\/wp-content\/uploads\/2025\/06\/cropped-cropped-red-carpet-izmene-scaled-2.jpg?fit=1307%2C1117&ssl=1","width":1307,"height":1117,"caption":"Red Carpet Novi Sad"},"image":{"@id":"https:\/\/alu.zyc.temporary.site\/#\/schema\/logo\/image\/"},"sameAs":["https:\/\/www.facebook.com\/RedCarpetItalianFashionStore\/","https:\/\/www.instagram.com\/redcarpetfashionstore\/"]}]}},"jetpack_sharing_enabled":true,"_links":{"self":[{"href":"https:\/\/red-carpet.rs\/en\/wp-json\/wp\/v2\/product\/10798","targetHints":{"allow":["GET"]}}],"collection":[{"href":"https:\/\/red-carpet.rs\/en\/wp-json\/wp\/v2\/product"}],"about":[{"href":"https:\/\/red-carpet.rs\/en\/wp-json\/wp\/v2\/types\/product"}],"replies":[{"embeddable":true,"href":"https:\/\/red-carpet.rs\/en\/wp-json\/wp\/v2\/comments?post=10798"}],"wp:featuredmedia":[{"embeddable":true,"href":"https:\/\/red-carpet.rs\/en\/wp-json\/wp\/v2\/media\/10808"}],"wp:attachment":[{"href":"https:\/\/red-carpet.rs\/en\/wp-json\/wp\/v2\/media?parent=10798"}],"wp:term":[{"taxonomy":"product_brand","embeddable":true,"href":"https:\/\/red-carpet.rs\/en\/wp-json\/wp\/v2\/product_brand?post=10798"},{"taxonomy":"product_cat","embeddable":true,"href":"https:\/\/red-carpet.rs\/en\/wp-json\/wp\/v2\/product_cat?post=10798"},{"taxonomy":"product_tag","embeddable":true,"href":"https:\/\/red-carpet.rs\/en\/wp-json\/wp\/v2\/product_tag?post=10798"}],"curies":[{"name":"wp","href":"https:\/\/api.w.org\/{rel}","templated":true}]}}