{"id":11492,"date":"2026-01-14T16:46:38","date_gmt":"2026-01-14T16:46:38","guid":{"rendered":"https:\/\/red-carpet.rs\/?post_type=product&#038;p=11492"},"modified":"2026-02-12T11:36:44","modified_gmt":"2026-02-12T11:36:44","slug":"tasna-od-koze-manje-dimenzije","status":"publish","type":"product","link":"https:\/\/red-carpet.rs\/en\/product\/tasna-od-koze-manje-dimenzije\/","title":{"rendered":"ta\u0161na od  ko\u017ee manje dimenzije"},"content":{"rendered":"<div id=\"accordion-product-details\" class=\"product-details-nav-product-details accordion-item accordion-item-mutually-exclusive accordion-item-default accordion-item-standard accordion-item-medium accordion-item-small _close _ready\">\n<p>Sastav: Spolja\u0161njost: Prava ko\u017ea 100%, Postava: Poliester 100%.<\/p>\n<p>Dimenzije: D 20 cm x \u0160 29cm x V 6cm<\/p>\n<p>Du\u017eina kai\u0161a za rame (tanji): 56,5 cm<\/p>\n<p>&nbsp;<\/p>\n<p>Nega materijala<\/p>\n<p>Dr\u017eati dalje od direktne svetlosti, toplote i ki\u0161e. Ako se pokvasi, odmah osu\u0161iti mekom krpom. Ne stavljati u kontakt sa obojenim materijalima. Proizvod mo\u017ee da upije boju.<\/p>\n<div id=\"product-details\" class=\"accordion-drawer\">\n<div class=\"product-detail\">\n<ul>\n<li style=\"list-style-type: none\"><\/li>\n<\/ul>\n<div id=\"appProdDetailTab\" data-v-app=\"\">\n<div class=\"\"><\/div>\n<\/div>\n<\/div>\n<\/div>\n<div id=\"product-details\" class=\"accordion-drawer\">\n<div class=\"product-detail\">\n<ul>\n<li style=\"list-style-type: none\"><\/li>\n<\/ul>\n<div id=\"appProdDetailTab\" data-v-app=\"\">\n<div class=\"\"><\/div>\n<\/div>\n<\/div>\n<\/div>\n<\/div>","protected":false},"excerpt":{"rendered":"<p>Sastav: Spolja\u0161njost: Prava ko\u017ea 100%, Postava: Poliester 100%. Dimenzije: D 20 cm x \u0160 29cm x V 6cm Du\u017eina kai\u0161a za rame (tanji): 56,5 cm &nbsp; Nega materijala Dr\u017eati dalje od direktne svetlosti, toplote i ki\u0161e. Ako se pokvasi, odmah osu\u0161iti mekom krpom. Ne stavljati u kontakt sa obojenim materijalima. Proizvod mo\u017ee da upije boju.<\/p>","protected":false},"featured_media":11514,"comment_status":"open","ping_status":"closed","template":"","meta":{"site-sidebar-layout":"default","site-content-layout":"","ast-site-content-layout":"default","site-content-style":"default","site-sidebar-style":"default","ast-global-header-display":"","ast-banner-title-visibility":"","ast-main-header-display":"","ast-hfb-above-header-display":"","ast-hfb-below-header-display":"","ast-hfb-mobile-header-display":"","site-post-title":"","ast-breadcrumbs-content":"","ast-featured-img":"","footer-sml-layout":"","theme-transparent-header-meta":"default","adv-header-id-meta":"","stick-header-meta":"","header-above-stick-meta":"","header-main-stick-meta":"","header-below-stick-meta":"","astra-migrate-meta-layouts":"set","ast-page-background-enabled":"default","ast-page-background-meta":{"desktop":{"background-color":"var(--ast-global-color-4)","background-image":"","background-repeat":"repeat","background-position":"center center","background-size":"auto","background-attachment":"scroll","background-type":"","background-media":"","overlay-type":"","overlay-color":"","overlay-opacity":"","overlay-gradient":""},"tablet":{"background-color":"","background-image":"","background-repeat":"repeat","background-position":"center center","background-size":"auto","background-attachment":"scroll","background-type":"","background-media":"","overlay-type":"","overlay-color":"","overlay-opacity":"","overlay-gradient":""},"mobile":{"background-color":"","background-image":"","background-repeat":"repeat","background-position":"center center","background-size":"auto","background-attachment":"scroll","background-type":"","background-media":"","overlay-type":"","overlay-color":"","overlay-opacity":"","overlay-gradient":""}},"ast-content-background-meta":{"desktop":{"background-color":"var(--ast-global-color-5)","background-image":"","background-repeat":"repeat","background-position":"center center","background-size":"auto","background-attachment":"scroll","background-type":"","background-media":"","overlay-type":"","overlay-color":"","overlay-opacity":"","overlay-gradient":""},"tablet":{"background-color":"var(--ast-global-color-5)","background-image":"","background-repeat":"repeat","background-position":"center center","background-size":"auto","background-attachment":"scroll","background-type":"","background-media":"","overlay-type":"","overlay-color":"","overlay-opacity":"","overlay-gradient":""},"mobile":{"background-color":"var(--ast-global-color-5)","background-image":"","background-repeat":"repeat","background-position":"center center","background-size":"auto","background-attachment":"scroll","background-type":"","background-media":"","overlay-type":"","overlay-color":"","overlay-opacity":"","overlay-gradient":""}}},"product_brand":[],"product_cat":[31,316,121],"product_tag":[118,119],"class_list":{"0":"post-11492","1":"product","2":"type-product","3":"status-publish","4":"has-post-thumbnail","6":"product_cat-asesoar","7":"product_cat-jesen-kolekcija","8":"product_cat-zenske-torbe","9":"product_tag-kozna-tasna","10":"product_tag-leather-bag","11":"desktop-align-center","12":"tablet-align-left","13":"mobile-align-left","15":"first","16":"instock","17":"sale","18":"shipping-taxable","19":"purchasable","20":"product-type-variable"},"yoast_head":"<!-- This site is optimized with the Yoast SEO plugin v27.4 - https:\/\/yoast.com\/product\/yoast-seo-wordpress\/ -->\n<title>ta\u0161na od ko\u017ee manje dimenzije - Red Carpet Novi Sad<\/title>\n<meta name=\"robots\" content=\"index, follow, max-snippet:-1, max-image-preview:large, max-video-preview:-1\" \/>\n<link rel=\"canonical\" href=\"https:\/\/red-carpet.rs\/en\/product\/tasna-od-koze-manje-dimenzije\/\" \/>\n<meta property=\"og:locale\" content=\"en_GB\" \/>\n<meta property=\"og:type\" content=\"article\" \/>\n<meta property=\"og:title\" content=\"ta\u0161na od ko\u017ee manje dimenzije - Red Carpet Novi Sad\" \/>\n<meta property=\"og:description\" content=\"Sastav: Spolja\u0161njost: Prava ko\u017ea 100%, Postava: Poliester 100%. Dimenzije: D 20 cm x \u0160 29cm x V 6cm Du\u017eina kai\u0161a za rame (tanji): 56,5 cm &nbsp; Nega materijala Dr\u017eati dalje od direktne svetlosti, toplote i ki\u0161e. Ako se pokvasi, odmah osu\u0161iti mekom krpom. Ne stavljati u kontakt sa obojenim materijalima. Proizvod mo\u017ee da upije boju.\" \/>\n<meta property=\"og:url\" content=\"https:\/\/red-carpet.rs\/en\/product\/tasna-od-koze-manje-dimenzije\/\" \/>\n<meta property=\"og:site_name\" content=\"Red Carpet Novi Sad\" \/>\n<meta property=\"article:publisher\" content=\"https:\/\/www.facebook.com\/RedCarpetItalianFashionStore\/\" \/>\n<meta property=\"article:modified_time\" content=\"2026-02-12T11:36:44+00:00\" \/>\n<meta property=\"og:image\" content=\"https:\/\/red-carpet.rs\/wp-content\/uploads\/2026\/01\/photo-2026-01-14-18-27-40-e1768411827583.jpg\" \/>\n\t<meta property=\"og:image:width\" content=\"655\" \/>\n\t<meta property=\"og:image:height\" content=\"623\" \/>\n\t<meta property=\"og:image:type\" content=\"image\/jpeg\" \/>\n<meta name=\"twitter:card\" content=\"summary_large_image\" \/>\n<script type=\"application\/ld+json\" class=\"yoast-schema-graph\">{\"@context\":\"https:\\\/\\\/schema.org\",\"@graph\":[{\"@type\":\"WebPage\",\"@id\":\"https:\\\/\\\/red-carpet.rs\\\/product\\\/tasna-od-koze-manje-dimenzije\\\/\",\"url\":\"https:\\\/\\\/red-carpet.rs\\\/product\\\/tasna-od-koze-manje-dimenzije\\\/\",\"name\":\"ta\u0161na od ko\u017ee manje dimenzije - Red Carpet Novi Sad\",\"isPartOf\":{\"@id\":\"https:\\\/\\\/alu.zyc.temporary.site\\\/#website\"},\"primaryImageOfPage\":{\"@id\":\"https:\\\/\\\/red-carpet.rs\\\/product\\\/tasna-od-koze-manje-dimenzije\\\/#primaryimage\"},\"image\":{\"@id\":\"https:\\\/\\\/red-carpet.rs\\\/product\\\/tasna-od-koze-manje-dimenzije\\\/#primaryimage\"},\"thumbnailUrl\":\"https:\\\/\\\/i0.wp.com\\\/red-carpet.rs\\\/wp-content\\\/uploads\\\/2026\\\/01\\\/photo-2026-01-14-18-27-40-e1768411827583.jpg?fit=655%2C623&ssl=1\",\"datePublished\":\"2026-01-14T16:46:38+00:00\",\"dateModified\":\"2026-02-12T11:36:44+00:00\",\"breadcrumb\":{\"@id\":\"https:\\\/\\\/red-carpet.rs\\\/product\\\/tasna-od-koze-manje-dimenzije\\\/#breadcrumb\"},\"inLanguage\":\"en-GB\",\"potentialAction\":[{\"@type\":\"ReadAction\",\"target\":[\"https:\\\/\\\/red-carpet.rs\\\/product\\\/tasna-od-koze-manje-dimenzije\\\/\"]}]},{\"@type\":\"ImageObject\",\"inLanguage\":\"en-GB\",\"@id\":\"https:\\\/\\\/red-carpet.rs\\\/product\\\/tasna-od-koze-manje-dimenzije\\\/#primaryimage\",\"url\":\"https:\\\/\\\/i0.wp.com\\\/red-carpet.rs\\\/wp-content\\\/uploads\\\/2026\\\/01\\\/photo-2026-01-14-18-27-40-e1768411827583.jpg?fit=655%2C623&ssl=1\",\"contentUrl\":\"https:\\\/\\\/i0.wp.com\\\/red-carpet.rs\\\/wp-content\\\/uploads\\\/2026\\\/01\\\/photo-2026-01-14-18-27-40-e1768411827583.jpg?fit=655%2C623&ssl=1\",\"width\":655,\"height\":623},{\"@type\":\"BreadcrumbList\",\"@id\":\"https:\\\/\\\/red-carpet.rs\\\/product\\\/tasna-od-koze-manje-dimenzije\\\/#breadcrumb\",\"itemListElement\":[{\"@type\":\"ListItem\",\"position\":1,\"name\":\"Home\",\"item\":\"https:\\\/\\\/red-carpet.rs\\\/\"},{\"@type\":\"ListItem\",\"position\":2,\"name\":\"Kupovina\",\"item\":\"https:\\\/\\\/red-carpet.rs\\\/kupovina\\\/\"},{\"@type\":\"ListItem\",\"position\":3,\"name\":\"ta\u0161na od ko\u017ee manje dimenzije\"}]},{\"@type\":\"WebSite\",\"@id\":\"https:\\\/\\\/alu.zyc.temporary.site\\\/#website\",\"url\":\"https:\\\/\\\/alu.zyc.temporary.site\\\/\",\"name\":\"Red Carpet Novi Sad\",\"description\":\"italijanska odeca i obuca Novi Sad\",\"publisher\":{\"@id\":\"https:\\\/\\\/alu.zyc.temporary.site\\\/#organization\"},\"potentialAction\":[{\"@type\":\"SearchAction\",\"target\":{\"@type\":\"EntryPoint\",\"urlTemplate\":\"https:\\\/\\\/alu.zyc.temporary.site\\\/?s={search_term_string}\"},\"query-input\":{\"@type\":\"PropertyValueSpecification\",\"valueRequired\":true,\"valueName\":\"search_term_string\"}}],\"inLanguage\":\"en-GB\"},{\"@type\":\"Organization\",\"@id\":\"https:\\\/\\\/alu.zyc.temporary.site\\\/#organization\",\"name\":\"Red Carpet Novi Sad\",\"url\":\"https:\\\/\\\/alu.zyc.temporary.site\\\/\",\"logo\":{\"@type\":\"ImageObject\",\"inLanguage\":\"en-GB\",\"@id\":\"https:\\\/\\\/alu.zyc.temporary.site\\\/#\\\/schema\\\/logo\\\/image\\\/\",\"url\":\"https:\\\/\\\/i0.wp.com\\\/red-carpet.rs\\\/wp-content\\\/uploads\\\/2025\\\/06\\\/cropped-cropped-red-carpet-izmene-scaled-2.jpg?fit=1307%2C1117&ssl=1\",\"contentUrl\":\"https:\\\/\\\/i0.wp.com\\\/red-carpet.rs\\\/wp-content\\\/uploads\\\/2025\\\/06\\\/cropped-cropped-red-carpet-izmene-scaled-2.jpg?fit=1307%2C1117&ssl=1\",\"width\":1307,\"height\":1117,\"caption\":\"Red Carpet Novi Sad\"},\"image\":{\"@id\":\"https:\\\/\\\/alu.zyc.temporary.site\\\/#\\\/schema\\\/logo\\\/image\\\/\"},\"sameAs\":[\"https:\\\/\\\/www.facebook.com\\\/RedCarpetItalianFashionStore\\\/\",\"https:\\\/\\\/www.instagram.com\\\/redcarpetfashionstore\\\/\"]}]}<\/script>\n<!-- \/ Yoast SEO plugin. -->","yoast_head_json":{"title":"ta\u0161na od ko\u017ee manje dimenzije - Red Carpet Novi Sad","robots":{"index":"index","follow":"follow","max-snippet":"max-snippet:-1","max-image-preview":"max-image-preview:large","max-video-preview":"max-video-preview:-1"},"canonical":"https:\/\/red-carpet.rs\/en\/product\/tasna-od-koze-manje-dimenzije\/","og_locale":"en_GB","og_type":"article","og_title":"ta\u0161na od ko\u017ee manje dimenzije - Red Carpet Novi Sad","og_description":"Sastav: Spolja\u0161njost: Prava ko\u017ea 100%, Postava: Poliester 100%. Dimenzije: D 20 cm x \u0160 29cm x V 6cm Du\u017eina kai\u0161a za rame (tanji): 56,5 cm &nbsp; Nega materijala Dr\u017eati dalje od direktne svetlosti, toplote i ki\u0161e. Ako se pokvasi, odmah osu\u0161iti mekom krpom. Ne stavljati u kontakt sa obojenim materijalima. Proizvod mo\u017ee da upije boju.","og_url":"https:\/\/red-carpet.rs\/en\/product\/tasna-od-koze-manje-dimenzije\/","og_site_name":"Red Carpet Novi Sad","article_publisher":"https:\/\/www.facebook.com\/RedCarpetItalianFashionStore\/","article_modified_time":"2026-02-12T11:36:44+00:00","og_image":[{"width":655,"height":623,"url":"https:\/\/red-carpet.rs\/wp-content\/uploads\/2026\/01\/photo-2026-01-14-18-27-40-e1768411827583.jpg","type":"image\/jpeg"}],"twitter_card":"summary_large_image","schema":{"@context":"https:\/\/schema.org","@graph":[{"@type":"WebPage","@id":"https:\/\/red-carpet.rs\/product\/tasna-od-koze-manje-dimenzije\/","url":"https:\/\/red-carpet.rs\/product\/tasna-od-koze-manje-dimenzije\/","name":"ta\u0161na od ko\u017ee manje dimenzije - Red Carpet Novi Sad","isPartOf":{"@id":"https:\/\/alu.zyc.temporary.site\/#website"},"primaryImageOfPage":{"@id":"https:\/\/red-carpet.rs\/product\/tasna-od-koze-manje-dimenzije\/#primaryimage"},"image":{"@id":"https:\/\/red-carpet.rs\/product\/tasna-od-koze-manje-dimenzije\/#primaryimage"},"thumbnailUrl":"https:\/\/i0.wp.com\/red-carpet.rs\/wp-content\/uploads\/2026\/01\/photo-2026-01-14-18-27-40-e1768411827583.jpg?fit=655%2C623&ssl=1","datePublished":"2026-01-14T16:46:38+00:00","dateModified":"2026-02-12T11:36:44+00:00","breadcrumb":{"@id":"https:\/\/red-carpet.rs\/product\/tasna-od-koze-manje-dimenzije\/#breadcrumb"},"inLanguage":"en-GB","potentialAction":[{"@type":"ReadAction","target":["https:\/\/red-carpet.rs\/product\/tasna-od-koze-manje-dimenzije\/"]}]},{"@type":"ImageObject","inLanguage":"en-GB","@id":"https:\/\/red-carpet.rs\/product\/tasna-od-koze-manje-dimenzije\/#primaryimage","url":"https:\/\/i0.wp.com\/red-carpet.rs\/wp-content\/uploads\/2026\/01\/photo-2026-01-14-18-27-40-e1768411827583.jpg?fit=655%2C623&ssl=1","contentUrl":"https:\/\/i0.wp.com\/red-carpet.rs\/wp-content\/uploads\/2026\/01\/photo-2026-01-14-18-27-40-e1768411827583.jpg?fit=655%2C623&ssl=1","width":655,"height":623},{"@type":"BreadcrumbList","@id":"https:\/\/red-carpet.rs\/product\/tasna-od-koze-manje-dimenzije\/#breadcrumb","itemListElement":[{"@type":"ListItem","position":1,"name":"Home","item":"https:\/\/red-carpet.rs\/"},{"@type":"ListItem","position":2,"name":"Kupovina","item":"https:\/\/red-carpet.rs\/kupovina\/"},{"@type":"ListItem","position":3,"name":"ta\u0161na od ko\u017ee manje dimenzije"}]},{"@type":"WebSite","@id":"https:\/\/alu.zyc.temporary.site\/#website","url":"https:\/\/alu.zyc.temporary.site\/","name":"Red Carpet Novi Sad","description":"italijanska odeca i obuca Novi Sad","publisher":{"@id":"https:\/\/alu.zyc.temporary.site\/#organization"},"potentialAction":[{"@type":"SearchAction","target":{"@type":"EntryPoint","urlTemplate":"https:\/\/alu.zyc.temporary.site\/?s={search_term_string}"},"query-input":{"@type":"PropertyValueSpecification","valueRequired":true,"valueName":"search_term_string"}}],"inLanguage":"en-GB"},{"@type":"Organization","@id":"https:\/\/alu.zyc.temporary.site\/#organization","name":"Red Carpet Novi Sad","url":"https:\/\/alu.zyc.temporary.site\/","logo":{"@type":"ImageObject","inLanguage":"en-GB","@id":"https:\/\/alu.zyc.temporary.site\/#\/schema\/logo\/image\/","url":"https:\/\/i0.wp.com\/red-carpet.rs\/wp-content\/uploads\/2025\/06\/cropped-cropped-red-carpet-izmene-scaled-2.jpg?fit=1307%2C1117&ssl=1","contentUrl":"https:\/\/i0.wp.com\/red-carpet.rs\/wp-content\/uploads\/2025\/06\/cropped-cropped-red-carpet-izmene-scaled-2.jpg?fit=1307%2C1117&ssl=1","width":1307,"height":1117,"caption":"Red Carpet Novi Sad"},"image":{"@id":"https:\/\/alu.zyc.temporary.site\/#\/schema\/logo\/image\/"},"sameAs":["https:\/\/www.facebook.com\/RedCarpetItalianFashionStore\/","https:\/\/www.instagram.com\/redcarpetfashionstore\/"]}]}},"jetpack_sharing_enabled":true,"_links":{"self":[{"href":"https:\/\/red-carpet.rs\/en\/wp-json\/wp\/v2\/product\/11492","targetHints":{"allow":["GET"]}}],"collection":[{"href":"https:\/\/red-carpet.rs\/en\/wp-json\/wp\/v2\/product"}],"about":[{"href":"https:\/\/red-carpet.rs\/en\/wp-json\/wp\/v2\/types\/product"}],"replies":[{"embeddable":true,"href":"https:\/\/red-carpet.rs\/en\/wp-json\/wp\/v2\/comments?post=11492"}],"wp:featuredmedia":[{"embeddable":true,"href":"https:\/\/red-carpet.rs\/en\/wp-json\/wp\/v2\/media\/11514"}],"wp:attachment":[{"href":"https:\/\/red-carpet.rs\/en\/wp-json\/wp\/v2\/media?parent=11492"}],"wp:term":[{"taxonomy":"product_brand","embeddable":true,"href":"https:\/\/red-carpet.rs\/en\/wp-json\/wp\/v2\/product_brand?post=11492"},{"taxonomy":"product_cat","embeddable":true,"href":"https:\/\/red-carpet.rs\/en\/wp-json\/wp\/v2\/product_cat?post=11492"},{"taxonomy":"product_tag","embeddable":true,"href":"https:\/\/red-carpet.rs\/en\/wp-json\/wp\/v2\/product_tag?post=11492"}],"curies":[{"name":"wp","href":"https:\/\/api.w.org\/{rel}","templated":true}]}}