{"id":11831,"date":"2026-01-31T08:34:39","date_gmt":"2026-01-31T08:34:39","guid":{"rendered":"https:\/\/red-carpet.rs\/?post_type=product&#038;p=11831"},"modified":"2026-02-12T11:36:34","modified_gmt":"2026-02-12T11:36:34","slug":"vicolo-dzemper-od-kasmira-i-vune","status":"publish","type":"product","link":"https:\/\/red-carpet.rs\/en\/product\/vicolo-dzemper-od-kasmira-i-vune\/","title":{"rendered":"Vicolo dzemper od kasmira i vune"},"content":{"rendered":"<div class=\"product attribute description\">\n<div class=\"value\">\n<p data-start=\"114\" data-end=\"355\"><span style=\"font-size: 16px;\">\u00a0\u2022 poreklo: Made in Italy<\/span><\/p>\n<p>Ovaj d\u017eemper sa \u010detiri dugmeta je elegantan i \u017eenstven komad, savr\u0161en za dodavanje da\u0161ka sofisticiranosti va\u0161oj odec\u0301i.<\/p>\n<p>Napravljen od meke vune, i kasmira.<\/p>\n<p>Dugmad sa 4 rupe<\/p>\n<p>Model je visok 172 cm i nosi veli\u010dinu U.<\/p>\n<p>Idealan za posebne prilike ili le\u017eerne ve\u010deri, kombinuje udobnost i stil sa klasom<\/p>\n<pre id=\"tw-target-rmn\" class=\"tw-data-text tw-text-small tw-ta\" dir=\"ltr\" role=\"text\" data-placeholder=\"\"><span class=\"Y2IQFc\">Sastav: 55% vuna, 45% ka\u0161mir\r\n\r\n<\/span><\/pre>\n<p dir=\"ltr\" data-placeholder=\"Traduzione\" data-ved=\"2ahUKEwjW5tzxgLqNAxUOHxAIHYAoFx4Q3ewLegQICRAV\" aria-label=\"Testo tradotto: Paisley Print Long Dress is a feminine and fluid proposal, designed to elegantly enhance every special moment. Made of light satin with a paisley print on aqua green base, the Paisley Print Long Dress stands out for its halter neckline and elastic waist that defines the silhouette with naturalness. Paisley Print Long Dress is completed with footwear and accessories from the collection and, for an impeccable fit, can be combined with the Rinascimento Lingerie collection. Perfect for ceremonies if worn with elegant accessories, the Paisley Print Long Dress is also suitable for more casual occasions, combined with an oversized jacket and a pair of Texan boots. \u2022 The garment is Made in Italy \u2022 The model is 1.78 m tall and wears size S\">\n<\/div>\n<\/div>","protected":false},"excerpt":{"rendered":"<p>\u00a0\u2022 poreklo: Made in Italy Ovaj d\u017eemper sa \u010detiri dugmeta je elegantan i \u017eenstven komad, savr\u0161en za dodavanje da\u0161ka sofisticiranosti va\u0161oj odec\u0301i. Napravljen od meke vune, i kasmira. Dugmad sa 4 rupe Model je visok 172 cm i nosi veli\u010dinu U. Idealan za posebne prilike ili le\u017eerne ve\u010deri, kombinuje udobnost i stil sa klasom Sastav: [&hellip;]<\/p>\n","protected":false},"featured_media":11834,"comment_status":"open","ping_status":"closed","template":"","meta":{"site-sidebar-layout":"default","site-content-layout":"","ast-site-content-layout":"default","site-content-style":"default","site-sidebar-style":"default","ast-global-header-display":"","ast-banner-title-visibility":"","ast-main-header-display":"","ast-hfb-above-header-display":"","ast-hfb-below-header-display":"","ast-hfb-mobile-header-display":"","site-post-title":"","ast-breadcrumbs-content":"","ast-featured-img":"","footer-sml-layout":"","theme-transparent-header-meta":"default","adv-header-id-meta":"","stick-header-meta":"","header-above-stick-meta":"","header-main-stick-meta":"","header-below-stick-meta":"","astra-migrate-meta-layouts":"set","ast-page-background-enabled":"default","ast-page-background-meta":{"desktop":{"background-color":"var(--ast-global-color-4)","background-image":"","background-repeat":"repeat","background-position":"center center","background-size":"auto","background-attachment":"scroll","background-type":"","background-media":"","overlay-type":"","overlay-color":"","overlay-opacity":"","overlay-gradient":""},"tablet":{"background-color":"","background-image":"","background-repeat":"repeat","background-position":"center center","background-size":"auto","background-attachment":"scroll","background-type":"","background-media":"","overlay-type":"","overlay-color":"","overlay-opacity":"","overlay-gradient":""},"mobile":{"background-color":"","background-image":"","background-repeat":"repeat","background-position":"center center","background-size":"auto","background-attachment":"scroll","background-type":"","background-media":"","overlay-type":"","overlay-color":"","overlay-opacity":"","overlay-gradient":""}},"ast-content-background-meta":{"desktop":{"background-color":"var(--ast-global-color-5)","background-image":"","background-repeat":"repeat","background-position":"center center","background-size":"auto","background-attachment":"scroll","background-type":"","background-media":"","overlay-type":"","overlay-color":"","overlay-opacity":"","overlay-gradient":""},"tablet":{"background-color":"var(--ast-global-color-5)","background-image":"","background-repeat":"repeat","background-position":"center center","background-size":"auto","background-attachment":"scroll","background-type":"","background-media":"","overlay-type":"","overlay-color":"","overlay-opacity":"","overlay-gradient":""},"mobile":{"background-color":"var(--ast-global-color-5)","background-image":"","background-repeat":"repeat","background-position":"center center","background-size":"auto","background-attachment":"scroll","background-type":"","background-media":"","overlay-type":"","overlay-color":"","overlay-opacity":"","overlay-gradient":""}}},"product_brand":[75],"product_cat":[159,316,90],"product_tag":[377,380,378],"class_list":{"0":"post-11831","1":"product","2":"type-product","3":"status-publish","4":"has-post-thumbnail","6":"product_brand-vicolo","7":"product_cat-sweaters","8":"product_cat-jesen-kolekcija","9":"product_cat-knitwear","10":"product_tag-dzemper","11":"product_tag-italijanski-dzemper","12":"product_tag-vicolo-dzemper","13":"desktop-align-center","14":"tablet-align-left","15":"mobile-align-left","17":"first","18":"instock","19":"sale","20":"shipping-taxable","21":"purchasable","22":"product-type-simple"},"yoast_head":"<!-- This site is optimized with the Yoast SEO plugin v27.4 - https:\/\/yoast.com\/product\/yoast-seo-wordpress\/ -->\n<title>Vicolo dzemper od kasmira i vune - Red Carpet Novi Sad<\/title>\n<meta name=\"robots\" content=\"index, follow, max-snippet:-1, max-image-preview:large, max-video-preview:-1\" \/>\n<link rel=\"canonical\" href=\"https:\/\/red-carpet.rs\/en\/product\/vicolo-dzemper-od-kasmira-i-vune\/\" \/>\n<meta property=\"og:locale\" content=\"en_GB\" \/>\n<meta property=\"og:type\" content=\"article\" \/>\n<meta property=\"og:title\" content=\"Vicolo dzemper od kasmira i vune - Red Carpet Novi Sad\" \/>\n<meta property=\"og:description\" content=\"\u00a0\u2022 poreklo: Made in Italy Ovaj d\u017eemper sa \u010detiri dugmeta je elegantan i \u017eenstven komad, savr\u0161en za dodavanje da\u0161ka sofisticiranosti va\u0161oj odec\u0301i. Napravljen od meke vune, i kasmira. Dugmad sa 4 rupe Model je visok 172 cm i nosi veli\u010dinu U. Idealan za posebne prilike ili le\u017eerne ve\u010deri, kombinuje udobnost i stil sa klasom Sastav: [&hellip;]\" \/>\n<meta property=\"og:url\" content=\"https:\/\/red-carpet.rs\/en\/product\/vicolo-dzemper-od-kasmira-i-vune\/\" \/>\n<meta property=\"og:site_name\" content=\"Red Carpet Novi Sad\" \/>\n<meta property=\"article:publisher\" content=\"https:\/\/www.facebook.com\/RedCarpetItalianFashionStore\/\" \/>\n<meta property=\"article:modified_time\" content=\"2026-02-12T11:36:34+00:00\" \/>\n<meta property=\"og:image\" content=\"https:\/\/red-carpet.rs\/wp-content\/uploads\/2026\/01\/CARDIGAN-MISTO-CASHMERE-VICOLO-77023F-FW2526-SIMY-6-600x900-1.webp\" \/>\n\t<meta property=\"og:image:width\" content=\"600\" \/>\n\t<meta property=\"og:image:height\" content=\"900\" \/>\n\t<meta property=\"og:image:type\" content=\"image\/webp\" \/>\n<meta name=\"twitter:card\" content=\"summary_large_image\" \/>\n<script type=\"application\/ld+json\" class=\"yoast-schema-graph\">{\"@context\":\"https:\\\/\\\/schema.org\",\"@graph\":[{\"@type\":\"WebPage\",\"@id\":\"https:\\\/\\\/red-carpet.rs\\\/product\\\/vicolo-dzemper-od-kasmira-i-vune\\\/\",\"url\":\"https:\\\/\\\/red-carpet.rs\\\/product\\\/vicolo-dzemper-od-kasmira-i-vune\\\/\",\"name\":\"Vicolo dzemper od kasmira i vune - Red Carpet Novi Sad\",\"isPartOf\":{\"@id\":\"https:\\\/\\\/alu.zyc.temporary.site\\\/#website\"},\"primaryImageOfPage\":{\"@id\":\"https:\\\/\\\/red-carpet.rs\\\/product\\\/vicolo-dzemper-od-kasmira-i-vune\\\/#primaryimage\"},\"image\":{\"@id\":\"https:\\\/\\\/red-carpet.rs\\\/product\\\/vicolo-dzemper-od-kasmira-i-vune\\\/#primaryimage\"},\"thumbnailUrl\":\"https:\\\/\\\/i0.wp.com\\\/red-carpet.rs\\\/wp-content\\\/uploads\\\/2026\\\/01\\\/CARDIGAN-MISTO-CASHMERE-VICOLO-77023F-FW2526-SIMY-6-600x900-1.webp?fit=600%2C900&ssl=1\",\"datePublished\":\"2026-01-31T08:34:39+00:00\",\"dateModified\":\"2026-02-12T11:36:34+00:00\",\"breadcrumb\":{\"@id\":\"https:\\\/\\\/red-carpet.rs\\\/product\\\/vicolo-dzemper-od-kasmira-i-vune\\\/#breadcrumb\"},\"inLanguage\":\"en-GB\",\"potentialAction\":[{\"@type\":\"ReadAction\",\"target\":[\"https:\\\/\\\/red-carpet.rs\\\/product\\\/vicolo-dzemper-od-kasmira-i-vune\\\/\"]}]},{\"@type\":\"ImageObject\",\"inLanguage\":\"en-GB\",\"@id\":\"https:\\\/\\\/red-carpet.rs\\\/product\\\/vicolo-dzemper-od-kasmira-i-vune\\\/#primaryimage\",\"url\":\"https:\\\/\\\/i0.wp.com\\\/red-carpet.rs\\\/wp-content\\\/uploads\\\/2026\\\/01\\\/CARDIGAN-MISTO-CASHMERE-VICOLO-77023F-FW2526-SIMY-6-600x900-1.webp?fit=600%2C900&ssl=1\",\"contentUrl\":\"https:\\\/\\\/i0.wp.com\\\/red-carpet.rs\\\/wp-content\\\/uploads\\\/2026\\\/01\\\/CARDIGAN-MISTO-CASHMERE-VICOLO-77023F-FW2526-SIMY-6-600x900-1.webp?fit=600%2C900&ssl=1\",\"width\":600,\"height\":900},{\"@type\":\"BreadcrumbList\",\"@id\":\"https:\\\/\\\/red-carpet.rs\\\/product\\\/vicolo-dzemper-od-kasmira-i-vune\\\/#breadcrumb\",\"itemListElement\":[{\"@type\":\"ListItem\",\"position\":1,\"name\":\"Home\",\"item\":\"https:\\\/\\\/red-carpet.rs\\\/\"},{\"@type\":\"ListItem\",\"position\":2,\"name\":\"Kupovina\",\"item\":\"https:\\\/\\\/red-carpet.rs\\\/kupovina\\\/\"},{\"@type\":\"ListItem\",\"position\":3,\"name\":\"Vicolo dzemper od kasmira i vune\"}]},{\"@type\":\"WebSite\",\"@id\":\"https:\\\/\\\/alu.zyc.temporary.site\\\/#website\",\"url\":\"https:\\\/\\\/alu.zyc.temporary.site\\\/\",\"name\":\"Red Carpet Novi Sad\",\"description\":\"italijanska odeca i obuca Novi Sad\",\"publisher\":{\"@id\":\"https:\\\/\\\/alu.zyc.temporary.site\\\/#organization\"},\"potentialAction\":[{\"@type\":\"SearchAction\",\"target\":{\"@type\":\"EntryPoint\",\"urlTemplate\":\"https:\\\/\\\/alu.zyc.temporary.site\\\/?s={search_term_string}\"},\"query-input\":{\"@type\":\"PropertyValueSpecification\",\"valueRequired\":true,\"valueName\":\"search_term_string\"}}],\"inLanguage\":\"en-GB\"},{\"@type\":\"Organization\",\"@id\":\"https:\\\/\\\/alu.zyc.temporary.site\\\/#organization\",\"name\":\"Red Carpet Novi Sad\",\"url\":\"https:\\\/\\\/alu.zyc.temporary.site\\\/\",\"logo\":{\"@type\":\"ImageObject\",\"inLanguage\":\"en-GB\",\"@id\":\"https:\\\/\\\/alu.zyc.temporary.site\\\/#\\\/schema\\\/logo\\\/image\\\/\",\"url\":\"https:\\\/\\\/i0.wp.com\\\/red-carpet.rs\\\/wp-content\\\/uploads\\\/2025\\\/06\\\/cropped-cropped-red-carpet-izmene-scaled-2.jpg?fit=1307%2C1117&ssl=1\",\"contentUrl\":\"https:\\\/\\\/i0.wp.com\\\/red-carpet.rs\\\/wp-content\\\/uploads\\\/2025\\\/06\\\/cropped-cropped-red-carpet-izmene-scaled-2.jpg?fit=1307%2C1117&ssl=1\",\"width\":1307,\"height\":1117,\"caption\":\"Red Carpet Novi Sad\"},\"image\":{\"@id\":\"https:\\\/\\\/alu.zyc.temporary.site\\\/#\\\/schema\\\/logo\\\/image\\\/\"},\"sameAs\":[\"https:\\\/\\\/www.facebook.com\\\/RedCarpetItalianFashionStore\\\/\",\"https:\\\/\\\/www.instagram.com\\\/redcarpetfashionstore\\\/\"]}]}<\/script>\n<!-- \/ Yoast SEO plugin. -->","yoast_head_json":{"title":"Vicolo dzemper od kasmira i vune - Red Carpet Novi Sad","robots":{"index":"index","follow":"follow","max-snippet":"max-snippet:-1","max-image-preview":"max-image-preview:large","max-video-preview":"max-video-preview:-1"},"canonical":"https:\/\/red-carpet.rs\/en\/product\/vicolo-dzemper-od-kasmira-i-vune\/","og_locale":"en_GB","og_type":"article","og_title":"Vicolo dzemper od kasmira i vune - Red Carpet Novi Sad","og_description":"\u00a0\u2022 poreklo: Made in Italy Ovaj d\u017eemper sa \u010detiri dugmeta je elegantan i \u017eenstven komad, savr\u0161en za dodavanje da\u0161ka sofisticiranosti va\u0161oj odec\u0301i. Napravljen od meke vune, i kasmira. Dugmad sa 4 rupe Model je visok 172 cm i nosi veli\u010dinu U. Idealan za posebne prilike ili le\u017eerne ve\u010deri, kombinuje udobnost i stil sa klasom Sastav: [&hellip;]","og_url":"https:\/\/red-carpet.rs\/en\/product\/vicolo-dzemper-od-kasmira-i-vune\/","og_site_name":"Red Carpet Novi Sad","article_publisher":"https:\/\/www.facebook.com\/RedCarpetItalianFashionStore\/","article_modified_time":"2026-02-12T11:36:34+00:00","og_image":[{"width":600,"height":900,"url":"https:\/\/red-carpet.rs\/wp-content\/uploads\/2026\/01\/CARDIGAN-MISTO-CASHMERE-VICOLO-77023F-FW2526-SIMY-6-600x900-1.webp","type":"image\/webp"}],"twitter_card":"summary_large_image","schema":{"@context":"https:\/\/schema.org","@graph":[{"@type":"WebPage","@id":"https:\/\/red-carpet.rs\/product\/vicolo-dzemper-od-kasmira-i-vune\/","url":"https:\/\/red-carpet.rs\/product\/vicolo-dzemper-od-kasmira-i-vune\/","name":"Vicolo dzemper od kasmira i vune - Red Carpet Novi Sad","isPartOf":{"@id":"https:\/\/alu.zyc.temporary.site\/#website"},"primaryImageOfPage":{"@id":"https:\/\/red-carpet.rs\/product\/vicolo-dzemper-od-kasmira-i-vune\/#primaryimage"},"image":{"@id":"https:\/\/red-carpet.rs\/product\/vicolo-dzemper-od-kasmira-i-vune\/#primaryimage"},"thumbnailUrl":"https:\/\/i0.wp.com\/red-carpet.rs\/wp-content\/uploads\/2026\/01\/CARDIGAN-MISTO-CASHMERE-VICOLO-77023F-FW2526-SIMY-6-600x900-1.webp?fit=600%2C900&ssl=1","datePublished":"2026-01-31T08:34:39+00:00","dateModified":"2026-02-12T11:36:34+00:00","breadcrumb":{"@id":"https:\/\/red-carpet.rs\/product\/vicolo-dzemper-od-kasmira-i-vune\/#breadcrumb"},"inLanguage":"en-GB","potentialAction":[{"@type":"ReadAction","target":["https:\/\/red-carpet.rs\/product\/vicolo-dzemper-od-kasmira-i-vune\/"]}]},{"@type":"ImageObject","inLanguage":"en-GB","@id":"https:\/\/red-carpet.rs\/product\/vicolo-dzemper-od-kasmira-i-vune\/#primaryimage","url":"https:\/\/i0.wp.com\/red-carpet.rs\/wp-content\/uploads\/2026\/01\/CARDIGAN-MISTO-CASHMERE-VICOLO-77023F-FW2526-SIMY-6-600x900-1.webp?fit=600%2C900&ssl=1","contentUrl":"https:\/\/i0.wp.com\/red-carpet.rs\/wp-content\/uploads\/2026\/01\/CARDIGAN-MISTO-CASHMERE-VICOLO-77023F-FW2526-SIMY-6-600x900-1.webp?fit=600%2C900&ssl=1","width":600,"height":900},{"@type":"BreadcrumbList","@id":"https:\/\/red-carpet.rs\/product\/vicolo-dzemper-od-kasmira-i-vune\/#breadcrumb","itemListElement":[{"@type":"ListItem","position":1,"name":"Home","item":"https:\/\/red-carpet.rs\/"},{"@type":"ListItem","position":2,"name":"Kupovina","item":"https:\/\/red-carpet.rs\/kupovina\/"},{"@type":"ListItem","position":3,"name":"Vicolo dzemper od kasmira i vune"}]},{"@type":"WebSite","@id":"https:\/\/alu.zyc.temporary.site\/#website","url":"https:\/\/alu.zyc.temporary.site\/","name":"Red Carpet Novi Sad","description":"italijanska odeca i obuca Novi Sad","publisher":{"@id":"https:\/\/alu.zyc.temporary.site\/#organization"},"potentialAction":[{"@type":"SearchAction","target":{"@type":"EntryPoint","urlTemplate":"https:\/\/alu.zyc.temporary.site\/?s={search_term_string}"},"query-input":{"@type":"PropertyValueSpecification","valueRequired":true,"valueName":"search_term_string"}}],"inLanguage":"en-GB"},{"@type":"Organization","@id":"https:\/\/alu.zyc.temporary.site\/#organization","name":"Red Carpet Novi Sad","url":"https:\/\/alu.zyc.temporary.site\/","logo":{"@type":"ImageObject","inLanguage":"en-GB","@id":"https:\/\/alu.zyc.temporary.site\/#\/schema\/logo\/image\/","url":"https:\/\/i0.wp.com\/red-carpet.rs\/wp-content\/uploads\/2025\/06\/cropped-cropped-red-carpet-izmene-scaled-2.jpg?fit=1307%2C1117&ssl=1","contentUrl":"https:\/\/i0.wp.com\/red-carpet.rs\/wp-content\/uploads\/2025\/06\/cropped-cropped-red-carpet-izmene-scaled-2.jpg?fit=1307%2C1117&ssl=1","width":1307,"height":1117,"caption":"Red Carpet Novi Sad"},"image":{"@id":"https:\/\/alu.zyc.temporary.site\/#\/schema\/logo\/image\/"},"sameAs":["https:\/\/www.facebook.com\/RedCarpetItalianFashionStore\/","https:\/\/www.instagram.com\/redcarpetfashionstore\/"]}]}},"jetpack_sharing_enabled":true,"_links":{"self":[{"href":"https:\/\/red-carpet.rs\/en\/wp-json\/wp\/v2\/product\/11831","targetHints":{"allow":["GET"]}}],"collection":[{"href":"https:\/\/red-carpet.rs\/en\/wp-json\/wp\/v2\/product"}],"about":[{"href":"https:\/\/red-carpet.rs\/en\/wp-json\/wp\/v2\/types\/product"}],"replies":[{"embeddable":true,"href":"https:\/\/red-carpet.rs\/en\/wp-json\/wp\/v2\/comments?post=11831"}],"wp:featuredmedia":[{"embeddable":true,"href":"https:\/\/red-carpet.rs\/en\/wp-json\/wp\/v2\/media\/11834"}],"wp:attachment":[{"href":"https:\/\/red-carpet.rs\/en\/wp-json\/wp\/v2\/media?parent=11831"}],"wp:term":[{"taxonomy":"product_brand","embeddable":true,"href":"https:\/\/red-carpet.rs\/en\/wp-json\/wp\/v2\/product_brand?post=11831"},{"taxonomy":"product_cat","embeddable":true,"href":"https:\/\/red-carpet.rs\/en\/wp-json\/wp\/v2\/product_cat?post=11831"},{"taxonomy":"product_tag","embeddable":true,"href":"https:\/\/red-carpet.rs\/en\/wp-json\/wp\/v2\/product_tag?post=11831"}],"curies":[{"name":"wp","href":"https:\/\/api.w.org\/{rel}","templated":true}]}}