{"id":13316,"date":"2026-03-17T17:07:09","date_gmt":"2026-03-17T17:07:09","guid":{"rendered":"https:\/\/red-carpet.rs\/?post_type=product&#038;p=13316"},"modified":"2026-03-22T17:25:14","modified_gmt":"2026-03-22T17:25:14","slug":"flo-clo-zelena-prolecna-kozna-jakna","status":"publish","type":"product","link":"https:\/\/red-carpet.rs\/en\/product\/flo-clo-zelena-prolecna-kozna-jakna\/","title":{"rendered":"Flo Clo zelena prole\u0107na ko\u017ena jakna"},"content":{"rendered":"<p>Flo Clo zelena prole\u0107na ko\u017ena jakna<\/p>\n<p>Moderan kroj koji isti\u010de siluetu<br data-start=\"590\" data-end=\"593\" \/>Savr\u0161ena za prelazne sezone<\/p>\n<p class=\"tw-data-text tw-text-large tw-ta\" dir=\"ltr\" data-placeholder=\"Traduzione\" data-ved=\"2ahUKEwjW5tzxgLqNAxUOHxAIHYAoFx4Q3ewLegQICRAV\" aria-label=\"Testo tradotto: Paisley Print Long Dress is a feminine and fluid proposal, designed to elegantly enhance every special moment. Made of light satin with a paisley print on aqua green base, the Paisley Print Long Dress stands out for its halter neckline and elastic waist that defines the silhouette with naturalness. Paisley Print Long Dress is completed with footwear and accessories from the collection and, for an impeccable fit, can be combined with the Rinascimento Lingerie collection. Perfect for ceremonies if worn with elegant accessories, the Paisley Print Long Dress is also suitable for more casual occasions, combined with an oversized jacket and a pair of Texan boots. \u2022 The garment is Made in Italy \u2022 The model is 1.78 m tall and wears size S\">\u2022 poreklo: Made in Italy<\/p>\n<p class=\"tw-data-text tw-text-large tw-ta\" dir=\"ltr\" data-placeholder=\"Traduzione\" data-ved=\"2ahUKEwjW5tzxgLqNAxUOHxAIHYAoFx4Q3ewLegQICRAV\" aria-label=\"Testo tradotto: Paisley Print Long Dress is a feminine and fluid proposal, designed to elegantly enhance every special moment. Made of light satin with a paisley print on aqua green base, the Paisley Print Long Dress stands out for its halter neckline and elastic waist that defines the silhouette with naturalness. Paisley Print Long Dress is completed with footwear and accessories from the collection and, for an impeccable fit, can be combined with the Rinascimento Lingerie collection. Perfect for ceremonies if worn with elegant accessories, the Paisley Print Long Dress is also suitable for more casual occasions, combined with an oversized jacket and a pair of Texan boots. \u2022 The garment is Made in Italy \u2022 The model is 1.78 m tall and wears size S\">\u2022 Manekenka je 1.80 m visoka i nosi S<\/p>\n<p class=\"tw-data-text tw-text-large tw-ta\" dir=\"ltr\" data-placeholder=\"Traduzione\" data-ved=\"2ahUKEwjW5tzxgLqNAxUOHxAIHYAoFx4Q3ewLegQICRAV\" aria-label=\"Testo tradotto: Paisley Print Long Dress is a feminine and fluid proposal, designed to elegantly enhance every special moment. Made of light satin with a paisley print on aqua green base, the Paisley Print Long Dress stands out for its halter neckline and elastic waist that defines the silhouette with naturalness. Paisley Print Long Dress is completed with footwear and accessories from the collection and, for an impeccable fit, can be combined with the Rinascimento Lingerie collection. Perfect for ceremonies if worn with elegant accessories, the Paisley Print Long Dress is also suitable for more casual occasions, combined with an oversized jacket and a pair of Texan boots. \u2022 The garment is Made in Italy \u2022 The model is 1.78 m tall and wears size S\">Sastav: prirodna koza<\/p>","protected":false},"excerpt":{"rendered":"<p>Flo Clo zelena prole\u0107na ko\u017ena jakna Moderan kroj koji isti\u010de siluetuSavr\u0161ena za prelazne sezone \u2022 poreklo: Made in Italy \u2022 Manekenka je 1.80 m visoka i nosi S Sastav: prirodna koza<\/p>","protected":false},"featured_media":13318,"comment_status":"open","ping_status":"closed","template":"","meta":{"site-sidebar-layout":"default","site-content-layout":"","ast-site-content-layout":"default","site-content-style":"default","site-sidebar-style":"default","ast-global-header-display":"","ast-banner-title-visibility":"","ast-main-header-display":"","ast-hfb-above-header-display":"","ast-hfb-below-header-display":"","ast-hfb-mobile-header-display":"","site-post-title":"","ast-breadcrumbs-content":"","ast-featured-img":"","footer-sml-layout":"","theme-transparent-header-meta":"default","adv-header-id-meta":"","stick-header-meta":"","header-above-stick-meta":"","header-main-stick-meta":"","header-below-stick-meta":"","astra-migrate-meta-layouts":"set","ast-page-background-enabled":"default","ast-page-background-meta":{"desktop":{"background-color":"var(--ast-global-color-4)","background-image":"","background-repeat":"repeat","background-position":"center center","background-size":"auto","background-attachment":"scroll","background-type":"","background-media":"","overlay-type":"","overlay-color":"","overlay-opacity":"","overlay-gradient":""},"tablet":{"background-color":"","background-image":"","background-repeat":"repeat","background-position":"center center","background-size":"auto","background-attachment":"scroll","background-type":"","background-media":"","overlay-type":"","overlay-color":"","overlay-opacity":"","overlay-gradient":""},"mobile":{"background-color":"","background-image":"","background-repeat":"repeat","background-position":"center center","background-size":"auto","background-attachment":"scroll","background-type":"","background-media":"","overlay-type":"","overlay-color":"","overlay-opacity":"","overlay-gradient":""}},"ast-content-background-meta":{"desktop":{"background-color":"var(--ast-global-color-5)","background-image":"","background-repeat":"repeat","background-position":"center center","background-size":"auto","background-attachment":"scroll","background-type":"","background-media":"","overlay-type":"","overlay-color":"","overlay-opacity":"","overlay-gradient":""},"tablet":{"background-color":"var(--ast-global-color-5)","background-image":"","background-repeat":"repeat","background-position":"center center","background-size":"auto","background-attachment":"scroll","background-type":"","background-media":"","overlay-type":"","overlay-color":"","overlay-opacity":"","overlay-gradient":""},"mobile":{"background-color":"var(--ast-global-color-5)","background-image":"","background-repeat":"repeat","background-position":"center center","background-size":"auto","background-attachment":"scroll","background-type":"","background-media":"","overlay-type":"","overlay-color":"","overlay-opacity":"","overlay-gradient":""}}},"product_brand":[322],"product_cat":[320,89,161,29,475],"product_tag":[174,173],"class_list":{"0":"post-13316","1":"product","2":"type-product","3":"status-publish","4":"has-post-thumbnail","6":"product_brand-floclo","7":"product_cat-floclo-jakne","8":"product_cat-zenske-jakne","9":"product_cat-leather-jackets","10":"product_cat-odeca","11":"product_cat-prolece","12":"product_tag-flo-clo","13":"product_tag-kozna-jakna","14":"desktop-align-center","15":"tablet-align-left","16":"mobile-align-left","18":"first","19":"instock","20":"shipping-taxable","21":"purchasable","22":"product-type-simple"},"yoast_head":"<!-- This site is optimized with the Yoast SEO plugin v27.4 - https:\/\/yoast.com\/product\/yoast-seo-wordpress\/ -->\n<title>Flo Clo zelena prole\u0107na ko\u017ena jakna - Red Carpet Novi Sad<\/title>\n<meta name=\"robots\" content=\"index, follow, max-snippet:-1, max-image-preview:large, max-video-preview:-1\" \/>\n<link rel=\"canonical\" href=\"https:\/\/red-carpet.rs\/en\/product\/flo-clo-zelena-prolecna-kozna-jakna\/\" \/>\n<meta property=\"og:locale\" content=\"en_GB\" \/>\n<meta property=\"og:type\" content=\"article\" \/>\n<meta property=\"og:title\" content=\"Flo Clo zelena prole\u0107na ko\u017ena jakna - Red Carpet Novi Sad\" \/>\n<meta property=\"og:description\" content=\"Flo Clo zelena prole\u0107na ko\u017ena jakna Moderan kroj koji isti\u010de siluetuSavr\u0161ena za prelazne sezone \u2022 poreklo: Made in Italy \u2022 Manekenka je 1.80 m visoka i nosi S Sastav: prirodna koza\" \/>\n<meta property=\"og:url\" content=\"https:\/\/red-carpet.rs\/en\/product\/flo-clo-zelena-prolecna-kozna-jakna\/\" \/>\n<meta property=\"og:site_name\" content=\"Red Carpet Novi Sad\" \/>\n<meta property=\"article:publisher\" content=\"https:\/\/www.facebook.com\/RedCarpetItalianFashionStore\/\" \/>\n<meta property=\"article:modified_time\" content=\"2026-03-22T17:25:14+00:00\" \/>\n<meta property=\"og:image\" content=\"https:\/\/red-carpet.rs\/wp-content\/uploads\/2026\/03\/resizeplus-photo-2026-03-17-17-46-42.jpg\" \/>\n\t<meta property=\"og:image:width\" content=\"960\" \/>\n\t<meta property=\"og:image:height\" content=\"1280\" \/>\n\t<meta property=\"og:image:type\" content=\"image\/jpeg\" \/>\n<meta name=\"twitter:card\" content=\"summary_large_image\" \/>\n<script type=\"application\/ld+json\" class=\"yoast-schema-graph\">{\"@context\":\"https:\\\/\\\/schema.org\",\"@graph\":[{\"@type\":\"WebPage\",\"@id\":\"https:\\\/\\\/red-carpet.rs\\\/product\\\/flo-clo-zelena-prolecna-kozna-jakna\\\/\",\"url\":\"https:\\\/\\\/red-carpet.rs\\\/product\\\/flo-clo-zelena-prolecna-kozna-jakna\\\/\",\"name\":\"Flo Clo zelena prole\u0107na ko\u017ena jakna - Red Carpet Novi Sad\",\"isPartOf\":{\"@id\":\"https:\\\/\\\/alu.zyc.temporary.site\\\/#website\"},\"primaryImageOfPage\":{\"@id\":\"https:\\\/\\\/red-carpet.rs\\\/product\\\/flo-clo-zelena-prolecna-kozna-jakna\\\/#primaryimage\"},\"image\":{\"@id\":\"https:\\\/\\\/red-carpet.rs\\\/product\\\/flo-clo-zelena-prolecna-kozna-jakna\\\/#primaryimage\"},\"thumbnailUrl\":\"https:\\\/\\\/i0.wp.com\\\/red-carpet.rs\\\/wp-content\\\/uploads\\\/2026\\\/03\\\/resizeplus-photo-2026-03-17-17-46-42.jpg?fit=960%2C1280&ssl=1\",\"datePublished\":\"2026-03-17T17:07:09+00:00\",\"dateModified\":\"2026-03-22T17:25:14+00:00\",\"breadcrumb\":{\"@id\":\"https:\\\/\\\/red-carpet.rs\\\/product\\\/flo-clo-zelena-prolecna-kozna-jakna\\\/#breadcrumb\"},\"inLanguage\":\"en-GB\",\"potentialAction\":[{\"@type\":\"ReadAction\",\"target\":[\"https:\\\/\\\/red-carpet.rs\\\/product\\\/flo-clo-zelena-prolecna-kozna-jakna\\\/\"]}]},{\"@type\":\"ImageObject\",\"inLanguage\":\"en-GB\",\"@id\":\"https:\\\/\\\/red-carpet.rs\\\/product\\\/flo-clo-zelena-prolecna-kozna-jakna\\\/#primaryimage\",\"url\":\"https:\\\/\\\/i0.wp.com\\\/red-carpet.rs\\\/wp-content\\\/uploads\\\/2026\\\/03\\\/resizeplus-photo-2026-03-17-17-46-42.jpg?fit=960%2C1280&ssl=1\",\"contentUrl\":\"https:\\\/\\\/i0.wp.com\\\/red-carpet.rs\\\/wp-content\\\/uploads\\\/2026\\\/03\\\/resizeplus-photo-2026-03-17-17-46-42.jpg?fit=960%2C1280&ssl=1\",\"width\":960,\"height\":1280},{\"@type\":\"BreadcrumbList\",\"@id\":\"https:\\\/\\\/red-carpet.rs\\\/product\\\/flo-clo-zelena-prolecna-kozna-jakna\\\/#breadcrumb\",\"itemListElement\":[{\"@type\":\"ListItem\",\"position\":1,\"name\":\"Home\",\"item\":\"https:\\\/\\\/red-carpet.rs\\\/\"},{\"@type\":\"ListItem\",\"position\":2,\"name\":\"Kupovina\",\"item\":\"https:\\\/\\\/red-carpet.rs\\\/kupovina\\\/\"},{\"@type\":\"ListItem\",\"position\":3,\"name\":\"Flo Clo zelena prole\u0107na ko\u017ena jakna\"}]},{\"@type\":\"WebSite\",\"@id\":\"https:\\\/\\\/alu.zyc.temporary.site\\\/#website\",\"url\":\"https:\\\/\\\/alu.zyc.temporary.site\\\/\",\"name\":\"Red Carpet Novi Sad\",\"description\":\"italijanska odeca i obuca Novi Sad\",\"publisher\":{\"@id\":\"https:\\\/\\\/alu.zyc.temporary.site\\\/#organization\"},\"potentialAction\":[{\"@type\":\"SearchAction\",\"target\":{\"@type\":\"EntryPoint\",\"urlTemplate\":\"https:\\\/\\\/alu.zyc.temporary.site\\\/?s={search_term_string}\"},\"query-input\":{\"@type\":\"PropertyValueSpecification\",\"valueRequired\":true,\"valueName\":\"search_term_string\"}}],\"inLanguage\":\"en-GB\"},{\"@type\":\"Organization\",\"@id\":\"https:\\\/\\\/alu.zyc.temporary.site\\\/#organization\",\"name\":\"Red Carpet Novi Sad\",\"url\":\"https:\\\/\\\/alu.zyc.temporary.site\\\/\",\"logo\":{\"@type\":\"ImageObject\",\"inLanguage\":\"en-GB\",\"@id\":\"https:\\\/\\\/alu.zyc.temporary.site\\\/#\\\/schema\\\/logo\\\/image\\\/\",\"url\":\"https:\\\/\\\/i0.wp.com\\\/red-carpet.rs\\\/wp-content\\\/uploads\\\/2025\\\/06\\\/cropped-cropped-red-carpet-izmene-scaled-2.jpg?fit=1307%2C1117&ssl=1\",\"contentUrl\":\"https:\\\/\\\/i0.wp.com\\\/red-carpet.rs\\\/wp-content\\\/uploads\\\/2025\\\/06\\\/cropped-cropped-red-carpet-izmene-scaled-2.jpg?fit=1307%2C1117&ssl=1\",\"width\":1307,\"height\":1117,\"caption\":\"Red Carpet Novi Sad\"},\"image\":{\"@id\":\"https:\\\/\\\/alu.zyc.temporary.site\\\/#\\\/schema\\\/logo\\\/image\\\/\"},\"sameAs\":[\"https:\\\/\\\/www.facebook.com\\\/RedCarpetItalianFashionStore\\\/\",\"https:\\\/\\\/www.instagram.com\\\/redcarpetfashionstore\\\/\"]}]}<\/script>\n<!-- \/ Yoast SEO plugin. -->","yoast_head_json":{"title":"Flo Clo zelena prole\u0107na ko\u017ena jakna - Red Carpet Novi Sad","robots":{"index":"index","follow":"follow","max-snippet":"max-snippet:-1","max-image-preview":"max-image-preview:large","max-video-preview":"max-video-preview:-1"},"canonical":"https:\/\/red-carpet.rs\/en\/product\/flo-clo-zelena-prolecna-kozna-jakna\/","og_locale":"en_GB","og_type":"article","og_title":"Flo Clo zelena prole\u0107na ko\u017ena jakna - Red Carpet Novi Sad","og_description":"Flo Clo zelena prole\u0107na ko\u017ena jakna Moderan kroj koji isti\u010de siluetuSavr\u0161ena za prelazne sezone \u2022 poreklo: Made in Italy \u2022 Manekenka je 1.80 m visoka i nosi S Sastav: prirodna koza","og_url":"https:\/\/red-carpet.rs\/en\/product\/flo-clo-zelena-prolecna-kozna-jakna\/","og_site_name":"Red Carpet Novi Sad","article_publisher":"https:\/\/www.facebook.com\/RedCarpetItalianFashionStore\/","article_modified_time":"2026-03-22T17:25:14+00:00","og_image":[{"width":960,"height":1280,"url":"https:\/\/red-carpet.rs\/wp-content\/uploads\/2026\/03\/resizeplus-photo-2026-03-17-17-46-42.jpg","type":"image\/jpeg"}],"twitter_card":"summary_large_image","schema":{"@context":"https:\/\/schema.org","@graph":[{"@type":"WebPage","@id":"https:\/\/red-carpet.rs\/product\/flo-clo-zelena-prolecna-kozna-jakna\/","url":"https:\/\/red-carpet.rs\/product\/flo-clo-zelena-prolecna-kozna-jakna\/","name":"Flo Clo zelena prole\u0107na ko\u017ena jakna - Red Carpet Novi Sad","isPartOf":{"@id":"https:\/\/alu.zyc.temporary.site\/#website"},"primaryImageOfPage":{"@id":"https:\/\/red-carpet.rs\/product\/flo-clo-zelena-prolecna-kozna-jakna\/#primaryimage"},"image":{"@id":"https:\/\/red-carpet.rs\/product\/flo-clo-zelena-prolecna-kozna-jakna\/#primaryimage"},"thumbnailUrl":"https:\/\/i0.wp.com\/red-carpet.rs\/wp-content\/uploads\/2026\/03\/resizeplus-photo-2026-03-17-17-46-42.jpg?fit=960%2C1280&ssl=1","datePublished":"2026-03-17T17:07:09+00:00","dateModified":"2026-03-22T17:25:14+00:00","breadcrumb":{"@id":"https:\/\/red-carpet.rs\/product\/flo-clo-zelena-prolecna-kozna-jakna\/#breadcrumb"},"inLanguage":"en-GB","potentialAction":[{"@type":"ReadAction","target":["https:\/\/red-carpet.rs\/product\/flo-clo-zelena-prolecna-kozna-jakna\/"]}]},{"@type":"ImageObject","inLanguage":"en-GB","@id":"https:\/\/red-carpet.rs\/product\/flo-clo-zelena-prolecna-kozna-jakna\/#primaryimage","url":"https:\/\/i0.wp.com\/red-carpet.rs\/wp-content\/uploads\/2026\/03\/resizeplus-photo-2026-03-17-17-46-42.jpg?fit=960%2C1280&ssl=1","contentUrl":"https:\/\/i0.wp.com\/red-carpet.rs\/wp-content\/uploads\/2026\/03\/resizeplus-photo-2026-03-17-17-46-42.jpg?fit=960%2C1280&ssl=1","width":960,"height":1280},{"@type":"BreadcrumbList","@id":"https:\/\/red-carpet.rs\/product\/flo-clo-zelena-prolecna-kozna-jakna\/#breadcrumb","itemListElement":[{"@type":"ListItem","position":1,"name":"Home","item":"https:\/\/red-carpet.rs\/"},{"@type":"ListItem","position":2,"name":"Kupovina","item":"https:\/\/red-carpet.rs\/kupovina\/"},{"@type":"ListItem","position":3,"name":"Flo Clo zelena prole\u0107na ko\u017ena jakna"}]},{"@type":"WebSite","@id":"https:\/\/alu.zyc.temporary.site\/#website","url":"https:\/\/alu.zyc.temporary.site\/","name":"Red Carpet Novi Sad","description":"italijanska odeca i obuca Novi Sad","publisher":{"@id":"https:\/\/alu.zyc.temporary.site\/#organization"},"potentialAction":[{"@type":"SearchAction","target":{"@type":"EntryPoint","urlTemplate":"https:\/\/alu.zyc.temporary.site\/?s={search_term_string}"},"query-input":{"@type":"PropertyValueSpecification","valueRequired":true,"valueName":"search_term_string"}}],"inLanguage":"en-GB"},{"@type":"Organization","@id":"https:\/\/alu.zyc.temporary.site\/#organization","name":"Red Carpet Novi Sad","url":"https:\/\/alu.zyc.temporary.site\/","logo":{"@type":"ImageObject","inLanguage":"en-GB","@id":"https:\/\/alu.zyc.temporary.site\/#\/schema\/logo\/image\/","url":"https:\/\/i0.wp.com\/red-carpet.rs\/wp-content\/uploads\/2025\/06\/cropped-cropped-red-carpet-izmene-scaled-2.jpg?fit=1307%2C1117&ssl=1","contentUrl":"https:\/\/i0.wp.com\/red-carpet.rs\/wp-content\/uploads\/2025\/06\/cropped-cropped-red-carpet-izmene-scaled-2.jpg?fit=1307%2C1117&ssl=1","width":1307,"height":1117,"caption":"Red Carpet Novi Sad"},"image":{"@id":"https:\/\/alu.zyc.temporary.site\/#\/schema\/logo\/image\/"},"sameAs":["https:\/\/www.facebook.com\/RedCarpetItalianFashionStore\/","https:\/\/www.instagram.com\/redcarpetfashionstore\/"]}]}},"jetpack_sharing_enabled":true,"_links":{"self":[{"href":"https:\/\/red-carpet.rs\/en\/wp-json\/wp\/v2\/product\/13316","targetHints":{"allow":["GET"]}}],"collection":[{"href":"https:\/\/red-carpet.rs\/en\/wp-json\/wp\/v2\/product"}],"about":[{"href":"https:\/\/red-carpet.rs\/en\/wp-json\/wp\/v2\/types\/product"}],"replies":[{"embeddable":true,"href":"https:\/\/red-carpet.rs\/en\/wp-json\/wp\/v2\/comments?post=13316"}],"wp:featuredmedia":[{"embeddable":true,"href":"https:\/\/red-carpet.rs\/en\/wp-json\/wp\/v2\/media\/13318"}],"wp:attachment":[{"href":"https:\/\/red-carpet.rs\/en\/wp-json\/wp\/v2\/media?parent=13316"}],"wp:term":[{"taxonomy":"product_brand","embeddable":true,"href":"https:\/\/red-carpet.rs\/en\/wp-json\/wp\/v2\/product_brand?post=13316"},{"taxonomy":"product_cat","embeddable":true,"href":"https:\/\/red-carpet.rs\/en\/wp-json\/wp\/v2\/product_cat?post=13316"},{"taxonomy":"product_tag","embeddable":true,"href":"https:\/\/red-carpet.rs\/en\/wp-json\/wp\/v2\/product_tag?post=13316"}],"curies":[{"name":"wp","href":"https:\/\/api.w.org\/{rel}","templated":true}]}}