{"id":13476,"date":"2026-03-23T16:29:54","date_gmt":"2026-03-23T16:29:54","guid":{"rendered":"https:\/\/red-carpet.rs\/?post_type=product&#038;p=13476"},"modified":"2026-03-28T21:55:48","modified_gmt":"2026-03-28T21:55:48","slug":"bele-kozne-patike-sa-plavim-detaljima","status":"publish","type":"product","link":"https:\/\/red-carpet.rs\/en\/product\/bele-kozne-patike-sa-plavim-detaljima\/","title":{"rendered":"bele kozne patike sa plavim detaljima"},"content":{"rendered":"<p>bele ko\u017ene zenske patike sa plavim detaljima<\/p>\n<p>Preporu\u010dujemo da pratite ova uputstva za odr\u017eavanje ovih cipela.<\/p>\n<p>Izbegavajte kontakt sa vodom, supstancama koje sadr\u017ee alkohol i uop\u0161te svim abrazivnim proizvodima. Ako do\u0111u u kontakt sa vodom, neophodno je da se patike potpuno osu\u0161e pre \u010di\u0161c\u0301enja.<\/p>\n<p>O\u010distite glatku ili teksturiranu ko\u017eu mekom, vla\u017enom krpom. Kada se ko\u017ea potpuno osu\u0161i, nanesite neutralnu kremu i kvalitetno sredstvo za poliranje mekom krpom, koristec\u0301i male, kru\u017ene pokrete.<\/p>\n<p>Za \u010di\u0161c\u0301enje ko\u017enih delova koristite suvu \u010detku sa mekim vlaknima i pa\u017eljivo \u010detknite svaki ko\u017eni deo.<\/p>","protected":false},"excerpt":{"rendered":"<p>bele ko\u017ene zenske patike sa plavim detaljima Preporu\u010dujemo da pratite ova uputstva za odr\u017eavanje ovih cipela. Izbegavajte kontakt sa vodom, supstancama koje sadr\u017ee alkohol i uop\u0161te svim abrazivnim proizvodima. Ako do\u0111u u kontakt sa vodom, neophodno je da se patike potpuno osu\u0161e pre \u010di\u0161c\u0301enja. O\u010distite glatku ili teksturiranu ko\u017eu mekom, vla\u017enom krpom. Kada se ko\u017ea [&hellip;]<\/p>\n","protected":false},"featured_media":13585,"comment_status":"open","ping_status":"closed","template":"","meta":{"site-sidebar-layout":"default","site-content-layout":"","ast-site-content-layout":"default","site-content-style":"default","site-sidebar-style":"default","ast-global-header-display":"","ast-banner-title-visibility":"","ast-main-header-display":"","ast-hfb-above-header-display":"","ast-hfb-below-header-display":"","ast-hfb-mobile-header-display":"","site-post-title":"","ast-breadcrumbs-content":"","ast-featured-img":"","footer-sml-layout":"","theme-transparent-header-meta":"default","adv-header-id-meta":"","stick-header-meta":"","header-above-stick-meta":"","header-main-stick-meta":"","header-below-stick-meta":"","astra-migrate-meta-layouts":"set","ast-page-background-enabled":"default","ast-page-background-meta":{"desktop":{"background-color":"var(--ast-global-color-4)","background-image":"","background-repeat":"repeat","background-position":"center center","background-size":"auto","background-attachment":"scroll","background-type":"","background-media":"","overlay-type":"","overlay-color":"","overlay-opacity":"","overlay-gradient":""},"tablet":{"background-color":"","background-image":"","background-repeat":"repeat","background-position":"center center","background-size":"auto","background-attachment":"scroll","background-type":"","background-media":"","overlay-type":"","overlay-color":"","overlay-opacity":"","overlay-gradient":""},"mobile":{"background-color":"","background-image":"","background-repeat":"repeat","background-position":"center center","background-size":"auto","background-attachment":"scroll","background-type":"","background-media":"","overlay-type":"","overlay-color":"","overlay-opacity":"","overlay-gradient":""}},"ast-content-background-meta":{"desktop":{"background-color":"var(--ast-global-color-5)","background-image":"","background-repeat":"repeat","background-position":"center center","background-size":"auto","background-attachment":"scroll","background-type":"","background-media":"","overlay-type":"","overlay-color":"","overlay-opacity":"","overlay-gradient":""},"tablet":{"background-color":"var(--ast-global-color-5)","background-image":"","background-repeat":"repeat","background-position":"center center","background-size":"auto","background-attachment":"scroll","background-type":"","background-media":"","overlay-type":"","overlay-color":"","overlay-opacity":"","overlay-gradient":""},"mobile":{"background-color":"var(--ast-global-color-5)","background-image":"","background-repeat":"repeat","background-position":"center center","background-size":"auto","background-attachment":"scroll","background-type":"","background-media":"","overlay-type":"","overlay-color":"","overlay-opacity":"","overlay-gradient":""}}},"product_brand":[32],"product_cat":[30,110,475],"product_tag":[37,297],"class_list":{"0":"post-13476","1":"product","2":"type-product","3":"status-publish","4":"has-post-thumbnail","6":"product_brand-riccianera","7":"product_cat-zenska-obuca","8":"product_cat-sneakers","9":"product_cat-prolece","10":"product_tag-kozne-patike","11":"product_tag-patike","12":"pa_broj-211","13":"pa_broj-212","14":"pa_broj-213","15":"pa_broj-214","16":"desktop-align-center","17":"tablet-align-left","18":"mobile-align-left","20":"first","21":"instock","22":"shipping-taxable","23":"purchasable","24":"product-type-variable"},"yoast_head":"<!-- This site is optimized with the Yoast SEO plugin v27.4 - https:\/\/yoast.com\/product\/yoast-seo-wordpress\/ -->\n<title>bele kozne patike sa plavim detaljima - Red Carpet Novi Sad<\/title>\n<meta name=\"robots\" content=\"index, follow, max-snippet:-1, max-image-preview:large, max-video-preview:-1\" \/>\n<link rel=\"canonical\" href=\"https:\/\/red-carpet.rs\/en\/product\/bele-kozne-patike-sa-plavim-detaljima\/\" \/>\n<meta property=\"og:locale\" content=\"en_GB\" \/>\n<meta property=\"og:type\" content=\"article\" \/>\n<meta property=\"og:title\" content=\"bele kozne patike sa plavim detaljima - Red Carpet Novi Sad\" \/>\n<meta property=\"og:description\" content=\"bele ko\u017ene zenske patike sa plavim detaljima Preporu\u010dujemo da pratite ova uputstva za odr\u017eavanje ovih cipela. Izbegavajte kontakt sa vodom, supstancama koje sadr\u017ee alkohol i uop\u0161te svim abrazivnim proizvodima. Ako do\u0111u u kontakt sa vodom, neophodno je da se patike potpuno osu\u0161e pre \u010di\u0161c\u0301enja. O\u010distite glatku ili teksturiranu ko\u017eu mekom, vla\u017enom krpom. Kada se ko\u017ea [&hellip;]\" \/>\n<meta property=\"og:url\" content=\"https:\/\/red-carpet.rs\/en\/product\/bele-kozne-patike-sa-plavim-detaljima\/\" \/>\n<meta property=\"og:site_name\" content=\"Red Carpet Novi Sad\" \/>\n<meta property=\"article:publisher\" content=\"https:\/\/www.facebook.com\/RedCarpetItalianFashionStore\/\" \/>\n<meta property=\"article:modified_time\" content=\"2026-03-28T21:55:48+00:00\" \/>\n<meta property=\"og:image\" content=\"https:\/\/red-carpet.rs\/wp-content\/uploads\/2026\/03\/photo-2026-03-28-22-46-32-2.jpg\" \/>\n\t<meta property=\"og:image:width\" content=\"1231\" \/>\n\t<meta property=\"og:image:height\" content=\"768\" \/>\n\t<meta property=\"og:image:type\" content=\"image\/jpeg\" \/>\n<meta name=\"twitter:card\" content=\"summary_large_image\" \/>\n<meta name=\"twitter:label1\" content=\"Estimated reading time\" \/>\n\t<meta name=\"twitter:data1\" content=\"1 minute\" \/>\n<script type=\"application\/ld+json\" class=\"yoast-schema-graph\">{\"@context\":\"https:\\\/\\\/schema.org\",\"@graph\":[{\"@type\":\"WebPage\",\"@id\":\"https:\\\/\\\/red-carpet.rs\\\/product\\\/bele-kozne-patike-sa-plavim-detaljima\\\/\",\"url\":\"https:\\\/\\\/red-carpet.rs\\\/product\\\/bele-kozne-patike-sa-plavim-detaljima\\\/\",\"name\":\"bele kozne patike sa plavim detaljima - Red Carpet Novi Sad\",\"isPartOf\":{\"@id\":\"https:\\\/\\\/alu.zyc.temporary.site\\\/#website\"},\"primaryImageOfPage\":{\"@id\":\"https:\\\/\\\/red-carpet.rs\\\/product\\\/bele-kozne-patike-sa-plavim-detaljima\\\/#primaryimage\"},\"image\":{\"@id\":\"https:\\\/\\\/red-carpet.rs\\\/product\\\/bele-kozne-patike-sa-plavim-detaljima\\\/#primaryimage\"},\"thumbnailUrl\":\"https:\\\/\\\/i0.wp.com\\\/red-carpet.rs\\\/wp-content\\\/uploads\\\/2026\\\/03\\\/photo-2026-03-28-22-46-32-2.jpg?fit=1231%2C768&ssl=1\",\"datePublished\":\"2026-03-23T16:29:54+00:00\",\"dateModified\":\"2026-03-28T21:55:48+00:00\",\"breadcrumb\":{\"@id\":\"https:\\\/\\\/red-carpet.rs\\\/product\\\/bele-kozne-patike-sa-plavim-detaljima\\\/#breadcrumb\"},\"inLanguage\":\"en-GB\",\"potentialAction\":[{\"@type\":\"ReadAction\",\"target\":[\"https:\\\/\\\/red-carpet.rs\\\/product\\\/bele-kozne-patike-sa-plavim-detaljima\\\/\"]}]},{\"@type\":\"ImageObject\",\"inLanguage\":\"en-GB\",\"@id\":\"https:\\\/\\\/red-carpet.rs\\\/product\\\/bele-kozne-patike-sa-plavim-detaljima\\\/#primaryimage\",\"url\":\"https:\\\/\\\/i0.wp.com\\\/red-carpet.rs\\\/wp-content\\\/uploads\\\/2026\\\/03\\\/photo-2026-03-28-22-46-32-2.jpg?fit=1231%2C768&ssl=1\",\"contentUrl\":\"https:\\\/\\\/i0.wp.com\\\/red-carpet.rs\\\/wp-content\\\/uploads\\\/2026\\\/03\\\/photo-2026-03-28-22-46-32-2.jpg?fit=1231%2C768&ssl=1\",\"width\":1231,\"height\":768},{\"@type\":\"BreadcrumbList\",\"@id\":\"https:\\\/\\\/red-carpet.rs\\\/product\\\/bele-kozne-patike-sa-plavim-detaljima\\\/#breadcrumb\",\"itemListElement\":[{\"@type\":\"ListItem\",\"position\":1,\"name\":\"Home\",\"item\":\"https:\\\/\\\/red-carpet.rs\\\/\"},{\"@type\":\"ListItem\",\"position\":2,\"name\":\"Kupovina\",\"item\":\"https:\\\/\\\/red-carpet.rs\\\/kupovina\\\/\"},{\"@type\":\"ListItem\",\"position\":3,\"name\":\"bele kozne patike sa plavim detaljima\"}]},{\"@type\":\"WebSite\",\"@id\":\"https:\\\/\\\/alu.zyc.temporary.site\\\/#website\",\"url\":\"https:\\\/\\\/alu.zyc.temporary.site\\\/\",\"name\":\"Red Carpet Novi Sad\",\"description\":\"italijanska odeca i obuca Novi Sad\",\"publisher\":{\"@id\":\"https:\\\/\\\/alu.zyc.temporary.site\\\/#organization\"},\"potentialAction\":[{\"@type\":\"SearchAction\",\"target\":{\"@type\":\"EntryPoint\",\"urlTemplate\":\"https:\\\/\\\/alu.zyc.temporary.site\\\/?s={search_term_string}\"},\"query-input\":{\"@type\":\"PropertyValueSpecification\",\"valueRequired\":true,\"valueName\":\"search_term_string\"}}],\"inLanguage\":\"en-GB\"},{\"@type\":\"Organization\",\"@id\":\"https:\\\/\\\/alu.zyc.temporary.site\\\/#organization\",\"name\":\"Red Carpet Novi Sad\",\"url\":\"https:\\\/\\\/alu.zyc.temporary.site\\\/\",\"logo\":{\"@type\":\"ImageObject\",\"inLanguage\":\"en-GB\",\"@id\":\"https:\\\/\\\/alu.zyc.temporary.site\\\/#\\\/schema\\\/logo\\\/image\\\/\",\"url\":\"https:\\\/\\\/i0.wp.com\\\/red-carpet.rs\\\/wp-content\\\/uploads\\\/2025\\\/06\\\/cropped-cropped-red-carpet-izmene-scaled-2.jpg?fit=1307%2C1117&ssl=1\",\"contentUrl\":\"https:\\\/\\\/i0.wp.com\\\/red-carpet.rs\\\/wp-content\\\/uploads\\\/2025\\\/06\\\/cropped-cropped-red-carpet-izmene-scaled-2.jpg?fit=1307%2C1117&ssl=1\",\"width\":1307,\"height\":1117,\"caption\":\"Red Carpet Novi Sad\"},\"image\":{\"@id\":\"https:\\\/\\\/alu.zyc.temporary.site\\\/#\\\/schema\\\/logo\\\/image\\\/\"},\"sameAs\":[\"https:\\\/\\\/www.facebook.com\\\/RedCarpetItalianFashionStore\\\/\",\"https:\\\/\\\/www.instagram.com\\\/redcarpetfashionstore\\\/\"]}]}<\/script>\n<!-- \/ Yoast SEO plugin. -->","yoast_head_json":{"title":"bele kozne patike sa plavim detaljima - Red Carpet Novi Sad","robots":{"index":"index","follow":"follow","max-snippet":"max-snippet:-1","max-image-preview":"max-image-preview:large","max-video-preview":"max-video-preview:-1"},"canonical":"https:\/\/red-carpet.rs\/en\/product\/bele-kozne-patike-sa-plavim-detaljima\/","og_locale":"en_GB","og_type":"article","og_title":"bele kozne patike sa plavim detaljima - Red Carpet Novi Sad","og_description":"bele ko\u017ene zenske patike sa plavim detaljima Preporu\u010dujemo da pratite ova uputstva za odr\u017eavanje ovih cipela. Izbegavajte kontakt sa vodom, supstancama koje sadr\u017ee alkohol i uop\u0161te svim abrazivnim proizvodima. Ako do\u0111u u kontakt sa vodom, neophodno je da se patike potpuno osu\u0161e pre \u010di\u0161c\u0301enja. O\u010distite glatku ili teksturiranu ko\u017eu mekom, vla\u017enom krpom. Kada se ko\u017ea [&hellip;]","og_url":"https:\/\/red-carpet.rs\/en\/product\/bele-kozne-patike-sa-plavim-detaljima\/","og_site_name":"Red Carpet Novi Sad","article_publisher":"https:\/\/www.facebook.com\/RedCarpetItalianFashionStore\/","article_modified_time":"2026-03-28T21:55:48+00:00","og_image":[{"width":1231,"height":768,"url":"https:\/\/red-carpet.rs\/wp-content\/uploads\/2026\/03\/photo-2026-03-28-22-46-32-2.jpg","type":"image\/jpeg"}],"twitter_card":"summary_large_image","twitter_misc":{"Estimated reading time":"1 minute"},"schema":{"@context":"https:\/\/schema.org","@graph":[{"@type":"WebPage","@id":"https:\/\/red-carpet.rs\/product\/bele-kozne-patike-sa-plavim-detaljima\/","url":"https:\/\/red-carpet.rs\/product\/bele-kozne-patike-sa-plavim-detaljima\/","name":"bele kozne patike sa plavim detaljima - Red Carpet Novi Sad","isPartOf":{"@id":"https:\/\/alu.zyc.temporary.site\/#website"},"primaryImageOfPage":{"@id":"https:\/\/red-carpet.rs\/product\/bele-kozne-patike-sa-plavim-detaljima\/#primaryimage"},"image":{"@id":"https:\/\/red-carpet.rs\/product\/bele-kozne-patike-sa-plavim-detaljima\/#primaryimage"},"thumbnailUrl":"https:\/\/i0.wp.com\/red-carpet.rs\/wp-content\/uploads\/2026\/03\/photo-2026-03-28-22-46-32-2.jpg?fit=1231%2C768&ssl=1","datePublished":"2026-03-23T16:29:54+00:00","dateModified":"2026-03-28T21:55:48+00:00","breadcrumb":{"@id":"https:\/\/red-carpet.rs\/product\/bele-kozne-patike-sa-plavim-detaljima\/#breadcrumb"},"inLanguage":"en-GB","potentialAction":[{"@type":"ReadAction","target":["https:\/\/red-carpet.rs\/product\/bele-kozne-patike-sa-plavim-detaljima\/"]}]},{"@type":"ImageObject","inLanguage":"en-GB","@id":"https:\/\/red-carpet.rs\/product\/bele-kozne-patike-sa-plavim-detaljima\/#primaryimage","url":"https:\/\/i0.wp.com\/red-carpet.rs\/wp-content\/uploads\/2026\/03\/photo-2026-03-28-22-46-32-2.jpg?fit=1231%2C768&ssl=1","contentUrl":"https:\/\/i0.wp.com\/red-carpet.rs\/wp-content\/uploads\/2026\/03\/photo-2026-03-28-22-46-32-2.jpg?fit=1231%2C768&ssl=1","width":1231,"height":768},{"@type":"BreadcrumbList","@id":"https:\/\/red-carpet.rs\/product\/bele-kozne-patike-sa-plavim-detaljima\/#breadcrumb","itemListElement":[{"@type":"ListItem","position":1,"name":"Home","item":"https:\/\/red-carpet.rs\/"},{"@type":"ListItem","position":2,"name":"Kupovina","item":"https:\/\/red-carpet.rs\/kupovina\/"},{"@type":"ListItem","position":3,"name":"bele kozne patike sa plavim detaljima"}]},{"@type":"WebSite","@id":"https:\/\/alu.zyc.temporary.site\/#website","url":"https:\/\/alu.zyc.temporary.site\/","name":"Red Carpet Novi Sad","description":"italijanska odeca i obuca Novi Sad","publisher":{"@id":"https:\/\/alu.zyc.temporary.site\/#organization"},"potentialAction":[{"@type":"SearchAction","target":{"@type":"EntryPoint","urlTemplate":"https:\/\/alu.zyc.temporary.site\/?s={search_term_string}"},"query-input":{"@type":"PropertyValueSpecification","valueRequired":true,"valueName":"search_term_string"}}],"inLanguage":"en-GB"},{"@type":"Organization","@id":"https:\/\/alu.zyc.temporary.site\/#organization","name":"Red Carpet Novi Sad","url":"https:\/\/alu.zyc.temporary.site\/","logo":{"@type":"ImageObject","inLanguage":"en-GB","@id":"https:\/\/alu.zyc.temporary.site\/#\/schema\/logo\/image\/","url":"https:\/\/i0.wp.com\/red-carpet.rs\/wp-content\/uploads\/2025\/06\/cropped-cropped-red-carpet-izmene-scaled-2.jpg?fit=1307%2C1117&ssl=1","contentUrl":"https:\/\/i0.wp.com\/red-carpet.rs\/wp-content\/uploads\/2025\/06\/cropped-cropped-red-carpet-izmene-scaled-2.jpg?fit=1307%2C1117&ssl=1","width":1307,"height":1117,"caption":"Red Carpet Novi Sad"},"image":{"@id":"https:\/\/alu.zyc.temporary.site\/#\/schema\/logo\/image\/"},"sameAs":["https:\/\/www.facebook.com\/RedCarpetItalianFashionStore\/","https:\/\/www.instagram.com\/redcarpetfashionstore\/"]}]}},"jetpack_sharing_enabled":true,"_links":{"self":[{"href":"https:\/\/red-carpet.rs\/en\/wp-json\/wp\/v2\/product\/13476","targetHints":{"allow":["GET"]}}],"collection":[{"href":"https:\/\/red-carpet.rs\/en\/wp-json\/wp\/v2\/product"}],"about":[{"href":"https:\/\/red-carpet.rs\/en\/wp-json\/wp\/v2\/types\/product"}],"replies":[{"embeddable":true,"href":"https:\/\/red-carpet.rs\/en\/wp-json\/wp\/v2\/comments?post=13476"}],"wp:featuredmedia":[{"embeddable":true,"href":"https:\/\/red-carpet.rs\/en\/wp-json\/wp\/v2\/media\/13585"}],"wp:attachment":[{"href":"https:\/\/red-carpet.rs\/en\/wp-json\/wp\/v2\/media?parent=13476"}],"wp:term":[{"taxonomy":"product_brand","embeddable":true,"href":"https:\/\/red-carpet.rs\/en\/wp-json\/wp\/v2\/product_brand?post=13476"},{"taxonomy":"product_cat","embeddable":true,"href":"https:\/\/red-carpet.rs\/en\/wp-json\/wp\/v2\/product_cat?post=13476"},{"taxonomy":"product_tag","embeddable":true,"href":"https:\/\/red-carpet.rs\/en\/wp-json\/wp\/v2\/product_tag?post=13476"}],"curies":[{"name":"wp","href":"https:\/\/api.w.org\/{rel}","templated":true}]}}