{"id":4127,"date":"2025-06-08T21:33:27","date_gmt":"2025-06-08T21:33:27","guid":{"rendered":"https:\/\/red-carpet.rs\/?post_type=product&#038;p=4127"},"modified":"2026-01-10T00:06:59","modified_gmt":"2026-01-10T00:06:59","slug":"komplet-pantalone-sa-crnim-detaljima-motel","status":"publish","type":"product","link":"https:\/\/red-carpet.rs\/en\/product\/komplet-pantalone-sa-crnim-detaljima-motel\/","title":{"rendered":"luxury set pants and sleevless vest"},"content":{"rendered":"<pre class=\"tw-data-text tw-text-small tw-ta\" dir=\"ltr\"><span class=\"Y2IQFc\">Luxurious set of vest and trousers made of a cotton and linen blend, \nperfectly balanced ng<\/span><span class=\"Y2IQFc\">between transparency and opacity,\nlightness and structure,<\/span><span class=\"Y2IQFc\">luxurious embroidery of black thread in a boho style\n\n\u2022 Cotton black lace vertically on the middle of the back 54 cm <\/span><span class=\"Y2IQFc\">\r\n<\/span><span class=\"Y2IQFc\">\u2022 external lace Fastening of the vest with bows \n\u2022 Cotton black lace vertically on the side of the legs \n\u2022 Fastening of the vest with bows\n\u2022 The model is 180 cm tall and wears a size 42 IT\n\u2022 Made in Italy\n\nComposition: 60% cotton, 40% linen\n\nItalian manufacturer of modern suits Motel,\n\nonline shopping for Italian women's clothing<\/span><\/pre>\n<p class=\"tw-data-text tw-text-small tw-ta\" dir=\"ltr\">\n<pre class=\"tw-data-text tw-text-small tw-ta\" dir=\"ltr\"><span class=\"Y2IQFc\">\u00a0Composition: 60% cotton, 40% linen\n\nItalian manufacturer of modern suits Motel,\n\nonline shopping for Italian women's clothing<\/span>\r\n\r\nItalijanski proizvodjac\u00a0 modernih kopleta<a href=\"https:\/\/www.moteldiffusionemoda.it\/it\/\"> Motel<\/a>,\r\n\r\n online kupovina italijanska zenska odeca<\/pre>","protected":false},"excerpt":{"rendered":"<p>Luksuzni komplet prsluk i pantalone od me\u0161avine pamuka i lana, sjajno izbalansiran izme\u0111u providnosti i neprozirnosti, lakoc\u0301e i strukture,luksuzni vez od crnog konca u boho stilu \u2022 Pamu\u010dna crna \u010dipka vertikalno po sredini le\u0111a 54 cm \u2022 Struk sa platnenim kai\u0161em visine 5 cm i unutra\u0161njom elasti\u010dnom trakom \u2022 spolja\u0161nja vezica Zakop\u010davanje prsluka sa ma\u0161nicama [&hellip;]<\/p>\n","protected":false},"featured_media":3908,"comment_status":"open","ping_status":"closed","template":"","meta":{"site-sidebar-layout":"default","site-content-layout":"","ast-site-content-layout":"default","site-content-style":"default","site-sidebar-style":"default","ast-global-header-display":"","ast-banner-title-visibility":"","ast-main-header-display":"","ast-hfb-above-header-display":"","ast-hfb-below-header-display":"","ast-hfb-mobile-header-display":"","site-post-title":"","ast-breadcrumbs-content":"","ast-featured-img":"","footer-sml-layout":"","theme-transparent-header-meta":"default","adv-header-id-meta":"","stick-header-meta":"","header-above-stick-meta":"","header-main-stick-meta":"","header-below-stick-meta":"","astra-migrate-meta-layouts":"set","ast-page-background-enabled":"default","ast-page-background-meta":{"desktop":{"background-color":"var(--ast-global-color-4)","background-image":"","background-repeat":"repeat","background-position":"center center","background-size":"auto","background-attachment":"scroll","background-type":"","background-media":"","overlay-type":"","overlay-color":"","overlay-opacity":"","overlay-gradient":""},"tablet":{"background-color":"","background-image":"","background-repeat":"repeat","background-position":"center center","background-size":"auto","background-attachment":"scroll","background-type":"","background-media":"","overlay-type":"","overlay-color":"","overlay-opacity":"","overlay-gradient":""},"mobile":{"background-color":"","background-image":"","background-repeat":"repeat","background-position":"center center","background-size":"auto","background-attachment":"scroll","background-type":"","background-media":"","overlay-type":"","overlay-color":"","overlay-opacity":"","overlay-gradient":""}},"ast-content-background-meta":{"desktop":{"background-color":"var(--ast-global-color-5)","background-image":"","background-repeat":"repeat","background-position":"center center","background-size":"auto","background-attachment":"scroll","background-type":"","background-media":"","overlay-type":"","overlay-color":"","overlay-opacity":"","overlay-gradient":""},"tablet":{"background-color":"var(--ast-global-color-5)","background-image":"","background-repeat":"repeat","background-position":"center center","background-size":"auto","background-attachment":"scroll","background-type":"","background-media":"","overlay-type":"","overlay-color":"","overlay-opacity":"","overlay-gradient":""},"mobile":{"background-color":"var(--ast-global-color-5)","background-image":"","background-repeat":"repeat","background-position":"center center","background-size":"auto","background-attachment":"scroll","background-type":"","background-media":"","overlay-type":"","overlay-color":"","overlay-opacity":"","overlay-gradient":""}}},"product_brand":[94],"product_cat":[81],"product_tag":[204,205],"class_list":{"0":"post-4127","1":"product","2":"type-product","3":"status-publish","4":"has-post-thumbnail","6":"product_brand-motel","7":"product_cat-kompleti","8":"product_tag-komplet-lan","9":"product_tag-komplet-motel","10":"desktop-align-center","11":"tablet-align-left","12":"mobile-align-left","14":"first","15":"instock","16":"sale","17":"shipping-taxable","18":"purchasable","19":"product-type-simple"},"yoast_head":"<!-- This site is optimized with the Yoast SEO plugin v27.4 - https:\/\/yoast.com\/product\/yoast-seo-wordpress\/ -->\n<title>Komplet pantalone i prsluk luksuzne izrade Motel - Red Carpet Novi Sad<\/title>\n<meta name=\"robots\" content=\"index, follow, max-snippet:-1, max-image-preview:large, max-video-preview:-1\" \/>\n<link rel=\"canonical\" href=\"https:\/\/red-carpet.rs\/en\/product\/komplet-pantalone-sa-crnim-detaljima-motel\/\" \/>\n<meta property=\"og:locale\" content=\"en_GB\" \/>\n<meta property=\"og:type\" content=\"article\" \/>\n<meta property=\"og:title\" content=\"Komplet pantalone i prsluk luksuzne izrade Motel - Red Carpet Novi Sad\" \/>\n<meta property=\"og:description\" content=\"Luksuzni komplet prsluk i pantalone od me\u0161avine pamuka i lana, sjajno izbalansiran izme\u0111u providnosti i neprozirnosti, lakoc\u0301e i strukture,luksuzni vez od crnog konca u boho stilu \u2022 Pamu\u010dna crna \u010dipka vertikalno po sredini le\u0111a 54 cm \u2022 Struk sa platnenim kai\u0161em visine 5 cm i unutra\u0161njom elasti\u010dnom trakom \u2022 spolja\u0161nja vezica Zakop\u010davanje prsluka sa ma\u0161nicama [&hellip;]\" \/>\n<meta property=\"og:url\" content=\"https:\/\/red-carpet.rs\/en\/product\/komplet-pantalone-sa-crnim-detaljima-motel\/\" \/>\n<meta property=\"og:site_name\" content=\"Red Carpet Novi Sad\" \/>\n<meta property=\"article:publisher\" content=\"https:\/\/www.facebook.com\/RedCarpetItalianFashionStore\/\" \/>\n<meta property=\"article:modified_time\" content=\"2026-01-10T00:06:59+00:00\" \/>\n<meta property=\"og:image\" content=\"https:\/\/red-carpet.rs\/wp-content\/uploads\/2025\/06\/photo_2025-06-03_14-00-05-4.jpg\" \/>\n\t<meta property=\"og:image:width\" content=\"1024\" \/>\n\t<meta property=\"og:image:height\" content=\"1280\" \/>\n\t<meta property=\"og:image:type\" content=\"image\/jpeg\" \/>\n<meta name=\"twitter:card\" content=\"summary_large_image\" \/>\n<meta name=\"twitter:label1\" content=\"Estimated reading time\" \/>\n\t<meta name=\"twitter:data1\" content=\"1 minute\" \/>\n<script type=\"application\/ld+json\" class=\"yoast-schema-graph\">{\"@context\":\"https:\\\/\\\/schema.org\",\"@graph\":[{\"@type\":\"WebPage\",\"@id\":\"https:\\\/\\\/red-carpet.rs\\\/product\\\/komplet-pantalone-sa-crnim-detaljima-motel\\\/\",\"url\":\"https:\\\/\\\/red-carpet.rs\\\/product\\\/komplet-pantalone-sa-crnim-detaljima-motel\\\/\",\"name\":\"Komplet pantalone i prsluk luksuzne izrade Motel - Red Carpet Novi Sad\",\"isPartOf\":{\"@id\":\"https:\\\/\\\/alu.zyc.temporary.site\\\/#website\"},\"primaryImageOfPage\":{\"@id\":\"https:\\\/\\\/red-carpet.rs\\\/product\\\/komplet-pantalone-sa-crnim-detaljima-motel\\\/#primaryimage\"},\"image\":{\"@id\":\"https:\\\/\\\/red-carpet.rs\\\/product\\\/komplet-pantalone-sa-crnim-detaljima-motel\\\/#primaryimage\"},\"thumbnailUrl\":\"https:\\\/\\\/i0.wp.com\\\/red-carpet.rs\\\/wp-content\\\/uploads\\\/2025\\\/06\\\/photo_2025-06-03_14-00-05-4.jpg?fit=1024%2C1280&ssl=1\",\"datePublished\":\"2025-06-08T21:33:27+00:00\",\"dateModified\":\"2026-01-10T00:06:59+00:00\",\"breadcrumb\":{\"@id\":\"https:\\\/\\\/red-carpet.rs\\\/product\\\/komplet-pantalone-sa-crnim-detaljima-motel\\\/#breadcrumb\"},\"inLanguage\":\"en-GB\",\"potentialAction\":[{\"@type\":\"ReadAction\",\"target\":[\"https:\\\/\\\/red-carpet.rs\\\/product\\\/komplet-pantalone-sa-crnim-detaljima-motel\\\/\"]}]},{\"@type\":\"ImageObject\",\"inLanguage\":\"en-GB\",\"@id\":\"https:\\\/\\\/red-carpet.rs\\\/product\\\/komplet-pantalone-sa-crnim-detaljima-motel\\\/#primaryimage\",\"url\":\"https:\\\/\\\/i0.wp.com\\\/red-carpet.rs\\\/wp-content\\\/uploads\\\/2025\\\/06\\\/photo_2025-06-03_14-00-05-4.jpg?fit=1024%2C1280&ssl=1\",\"contentUrl\":\"https:\\\/\\\/i0.wp.com\\\/red-carpet.rs\\\/wp-content\\\/uploads\\\/2025\\\/06\\\/photo_2025-06-03_14-00-05-4.jpg?fit=1024%2C1280&ssl=1\",\"width\":1024,\"height\":1280},{\"@type\":\"BreadcrumbList\",\"@id\":\"https:\\\/\\\/red-carpet.rs\\\/product\\\/komplet-pantalone-sa-crnim-detaljima-motel\\\/#breadcrumb\",\"itemListElement\":[{\"@type\":\"ListItem\",\"position\":1,\"name\":\"Home\",\"item\":\"https:\\\/\\\/red-carpet.rs\\\/\"},{\"@type\":\"ListItem\",\"position\":2,\"name\":\"Kupovina\",\"item\":\"https:\\\/\\\/red-carpet.rs\\\/kupovina\\\/\"},{\"@type\":\"ListItem\",\"position\":3,\"name\":\"Komplet pantalone i prsluk luksuzne izrade Motel\"}]},{\"@type\":\"WebSite\",\"@id\":\"https:\\\/\\\/alu.zyc.temporary.site\\\/#website\",\"url\":\"https:\\\/\\\/alu.zyc.temporary.site\\\/\",\"name\":\"Red Carpet Novi Sad\",\"description\":\"italijanska odeca i obuca Novi Sad\",\"publisher\":{\"@id\":\"https:\\\/\\\/alu.zyc.temporary.site\\\/#organization\"},\"potentialAction\":[{\"@type\":\"SearchAction\",\"target\":{\"@type\":\"EntryPoint\",\"urlTemplate\":\"https:\\\/\\\/alu.zyc.temporary.site\\\/?s={search_term_string}\"},\"query-input\":{\"@type\":\"PropertyValueSpecification\",\"valueRequired\":true,\"valueName\":\"search_term_string\"}}],\"inLanguage\":\"en-GB\"},{\"@type\":\"Organization\",\"@id\":\"https:\\\/\\\/alu.zyc.temporary.site\\\/#organization\",\"name\":\"Red Carpet Novi Sad\",\"url\":\"https:\\\/\\\/alu.zyc.temporary.site\\\/\",\"logo\":{\"@type\":\"ImageObject\",\"inLanguage\":\"en-GB\",\"@id\":\"https:\\\/\\\/alu.zyc.temporary.site\\\/#\\\/schema\\\/logo\\\/image\\\/\",\"url\":\"https:\\\/\\\/i0.wp.com\\\/red-carpet.rs\\\/wp-content\\\/uploads\\\/2025\\\/06\\\/cropped-cropped-red-carpet-izmene-scaled-2.jpg?fit=1307%2C1117&ssl=1\",\"contentUrl\":\"https:\\\/\\\/i0.wp.com\\\/red-carpet.rs\\\/wp-content\\\/uploads\\\/2025\\\/06\\\/cropped-cropped-red-carpet-izmene-scaled-2.jpg?fit=1307%2C1117&ssl=1\",\"width\":1307,\"height\":1117,\"caption\":\"Red Carpet Novi Sad\"},\"image\":{\"@id\":\"https:\\\/\\\/alu.zyc.temporary.site\\\/#\\\/schema\\\/logo\\\/image\\\/\"},\"sameAs\":[\"https:\\\/\\\/www.facebook.com\\\/RedCarpetItalianFashionStore\\\/\",\"https:\\\/\\\/www.instagram.com\\\/redcarpetfashionstore\\\/\"]}]}<\/script>\n<!-- \/ Yoast SEO plugin. -->","yoast_head_json":{"title":"Komplet pantalone i prsluk luksuzne izrade Motel - Red Carpet Novi Sad","robots":{"index":"index","follow":"follow","max-snippet":"max-snippet:-1","max-image-preview":"max-image-preview:large","max-video-preview":"max-video-preview:-1"},"canonical":"https:\/\/red-carpet.rs\/en\/product\/komplet-pantalone-sa-crnim-detaljima-motel\/","og_locale":"en_GB","og_type":"article","og_title":"Komplet pantalone i prsluk luksuzne izrade Motel - Red Carpet Novi Sad","og_description":"Luksuzni komplet prsluk i pantalone od me\u0161avine pamuka i lana, sjajno izbalansiran izme\u0111u providnosti i neprozirnosti, lakoc\u0301e i strukture,luksuzni vez od crnog konca u boho stilu \u2022 Pamu\u010dna crna \u010dipka vertikalno po sredini le\u0111a 54 cm \u2022 Struk sa platnenim kai\u0161em visine 5 cm i unutra\u0161njom elasti\u010dnom trakom \u2022 spolja\u0161nja vezica Zakop\u010davanje prsluka sa ma\u0161nicama [&hellip;]","og_url":"https:\/\/red-carpet.rs\/en\/product\/komplet-pantalone-sa-crnim-detaljima-motel\/","og_site_name":"Red Carpet Novi Sad","article_publisher":"https:\/\/www.facebook.com\/RedCarpetItalianFashionStore\/","article_modified_time":"2026-01-10T00:06:59+00:00","og_image":[{"width":1024,"height":1280,"url":"https:\/\/red-carpet.rs\/wp-content\/uploads\/2025\/06\/photo_2025-06-03_14-00-05-4.jpg","type":"image\/jpeg"}],"twitter_card":"summary_large_image","twitter_misc":{"Estimated reading time":"1 minute"},"schema":{"@context":"https:\/\/schema.org","@graph":[{"@type":"WebPage","@id":"https:\/\/red-carpet.rs\/product\/komplet-pantalone-sa-crnim-detaljima-motel\/","url":"https:\/\/red-carpet.rs\/product\/komplet-pantalone-sa-crnim-detaljima-motel\/","name":"Komplet pantalone i prsluk luksuzne izrade Motel - Red Carpet Novi Sad","isPartOf":{"@id":"https:\/\/alu.zyc.temporary.site\/#website"},"primaryImageOfPage":{"@id":"https:\/\/red-carpet.rs\/product\/komplet-pantalone-sa-crnim-detaljima-motel\/#primaryimage"},"image":{"@id":"https:\/\/red-carpet.rs\/product\/komplet-pantalone-sa-crnim-detaljima-motel\/#primaryimage"},"thumbnailUrl":"https:\/\/i0.wp.com\/red-carpet.rs\/wp-content\/uploads\/2025\/06\/photo_2025-06-03_14-00-05-4.jpg?fit=1024%2C1280&ssl=1","datePublished":"2025-06-08T21:33:27+00:00","dateModified":"2026-01-10T00:06:59+00:00","breadcrumb":{"@id":"https:\/\/red-carpet.rs\/product\/komplet-pantalone-sa-crnim-detaljima-motel\/#breadcrumb"},"inLanguage":"en-GB","potentialAction":[{"@type":"ReadAction","target":["https:\/\/red-carpet.rs\/product\/komplet-pantalone-sa-crnim-detaljima-motel\/"]}]},{"@type":"ImageObject","inLanguage":"en-GB","@id":"https:\/\/red-carpet.rs\/product\/komplet-pantalone-sa-crnim-detaljima-motel\/#primaryimage","url":"https:\/\/i0.wp.com\/red-carpet.rs\/wp-content\/uploads\/2025\/06\/photo_2025-06-03_14-00-05-4.jpg?fit=1024%2C1280&ssl=1","contentUrl":"https:\/\/i0.wp.com\/red-carpet.rs\/wp-content\/uploads\/2025\/06\/photo_2025-06-03_14-00-05-4.jpg?fit=1024%2C1280&ssl=1","width":1024,"height":1280},{"@type":"BreadcrumbList","@id":"https:\/\/red-carpet.rs\/product\/komplet-pantalone-sa-crnim-detaljima-motel\/#breadcrumb","itemListElement":[{"@type":"ListItem","position":1,"name":"Home","item":"https:\/\/red-carpet.rs\/"},{"@type":"ListItem","position":2,"name":"Kupovina","item":"https:\/\/red-carpet.rs\/kupovina\/"},{"@type":"ListItem","position":3,"name":"Komplet pantalone i prsluk luksuzne izrade Motel"}]},{"@type":"WebSite","@id":"https:\/\/alu.zyc.temporary.site\/#website","url":"https:\/\/alu.zyc.temporary.site\/","name":"Red Carpet Novi Sad","description":"italijanska odeca i obuca Novi Sad","publisher":{"@id":"https:\/\/alu.zyc.temporary.site\/#organization"},"potentialAction":[{"@type":"SearchAction","target":{"@type":"EntryPoint","urlTemplate":"https:\/\/alu.zyc.temporary.site\/?s={search_term_string}"},"query-input":{"@type":"PropertyValueSpecification","valueRequired":true,"valueName":"search_term_string"}}],"inLanguage":"en-GB"},{"@type":"Organization","@id":"https:\/\/alu.zyc.temporary.site\/#organization","name":"Red Carpet Novi Sad","url":"https:\/\/alu.zyc.temporary.site\/","logo":{"@type":"ImageObject","inLanguage":"en-GB","@id":"https:\/\/alu.zyc.temporary.site\/#\/schema\/logo\/image\/","url":"https:\/\/i0.wp.com\/red-carpet.rs\/wp-content\/uploads\/2025\/06\/cropped-cropped-red-carpet-izmene-scaled-2.jpg?fit=1307%2C1117&ssl=1","contentUrl":"https:\/\/i0.wp.com\/red-carpet.rs\/wp-content\/uploads\/2025\/06\/cropped-cropped-red-carpet-izmene-scaled-2.jpg?fit=1307%2C1117&ssl=1","width":1307,"height":1117,"caption":"Red Carpet Novi Sad"},"image":{"@id":"https:\/\/alu.zyc.temporary.site\/#\/schema\/logo\/image\/"},"sameAs":["https:\/\/www.facebook.com\/RedCarpetItalianFashionStore\/","https:\/\/www.instagram.com\/redcarpetfashionstore\/"]}]}},"jetpack_sharing_enabled":true,"_links":{"self":[{"href":"https:\/\/red-carpet.rs\/en\/wp-json\/wp\/v2\/product\/4127","targetHints":{"allow":["GET"]}}],"collection":[{"href":"https:\/\/red-carpet.rs\/en\/wp-json\/wp\/v2\/product"}],"about":[{"href":"https:\/\/red-carpet.rs\/en\/wp-json\/wp\/v2\/types\/product"}],"replies":[{"embeddable":true,"href":"https:\/\/red-carpet.rs\/en\/wp-json\/wp\/v2\/comments?post=4127"}],"wp:featuredmedia":[{"embeddable":true,"href":"https:\/\/red-carpet.rs\/en\/wp-json\/wp\/v2\/media\/3908"}],"wp:attachment":[{"href":"https:\/\/red-carpet.rs\/en\/wp-json\/wp\/v2\/media?parent=4127"}],"wp:term":[{"taxonomy":"product_brand","embeddable":true,"href":"https:\/\/red-carpet.rs\/en\/wp-json\/wp\/v2\/product_brand?post=4127"},{"taxonomy":"product_cat","embeddable":true,"href":"https:\/\/red-carpet.rs\/en\/wp-json\/wp\/v2\/product_cat?post=4127"},{"taxonomy":"product_tag","embeddable":true,"href":"https:\/\/red-carpet.rs\/en\/wp-json\/wp\/v2\/product_tag?post=4127"}],"curies":[{"name":"wp","href":"https:\/\/api.w.org\/{rel}","templated":true}]}}