{"id":6377,"date":"2025-07-30T15:06:04","date_gmt":"2025-07-30T15:06:04","guid":{"rendered":"https:\/\/red-carpet.rs\/?post_type=product&#038;p=6377"},"modified":"2026-03-18T15:59:14","modified_gmt":"2026-03-18T15:59:14","slug":"tasna-od-prirodne-koze-baenciaga-forme-le-city","status":"publish","type":"product","link":"https:\/\/red-carpet.rs\/en\/product\/tasna-od-prirodne-koze-baenciaga-forme-le-city\/","title":{"rendered":"Ta\u0161na od prirodne ko\u017ee baenciaga forme le city"},"content":{"rendered":"<div id=\"accordion-product-details\" class=\"product-details-nav-product-details accordion-item accordion-item-mutually-exclusive accordion-item-default accordion-item-standard accordion-item-medium accordion-item-small _close _ready\">\n<p data-start=\"90\" data-end=\"171\"><strong data-start=\"123\" data-end=\"171\">Ta\u0161na od prirodne ko\u017ee, srednje veli\u010dine \u2013<\/strong><\/p>\n<p data-start=\"173\" data-end=\"330\">Tra\u017eite savr\u0161eni spoj stila, prakti\u010dnosti i kvaliteta? Na\u0161a ta\u0161na srednje veli\u010dine izra\u0111ena od 100% prirodne ko\u017ee je pravi izbor za \u017eene koje znaju \u0161ta \u017eele.<\/p>\n<p data-start=\"332\" data-end=\"728\">\u00a0<strong data-start=\"335\" data-end=\"367\">Za svaki dan i svaku priliku<\/strong> \u2013 dovoljno prostrana za sve va\u0161e svakodnevne potrep\u0161tine, a dovoljno elegantna za ve\u010dernji izlazak.<\/p>\n<div id=\"tw-container\" class=\"nev7se\" data-cp=\"1\" data-nnttsvi=\"1\" data-ntl-fpwrite=\"true\" data-ntl-tooltip=\"true\" data-sletp=\"false\" data-ssbp=\"true\" data-sugg-time=\"500\" data-sugg-url=\"https:\/\/clients1.google.com\/complete\/search\" data-uilc=\"it\" data-vil=\",af,af-ZA,am,am-ET,ar-EG,ar-AE,ar-KW,ar-QA,ar,ar-IL,ar-JO,ar-LB,ar-PS,az,az-AZ,bg,bg-BG,bn,bn-BD,bn-IN,ca,ca-es,cs,cs-CZ,de,de-DE,de-CH,de-AT,de-LI,en,en-US,en-CA,en-AU,en-NZ,en-GB,en-IN,en-KE,en-TZ,en-NG,en-GH,en-PH,en-ZA,es,es-ES,es-AR,es-UY,es-419,es-BO,es-CL,es-CR,es-CO,es-DO,es-EC,es-GT,es-HN,es-NI,es-PA,es-PE,es-PR,es-PY,es-SV,es-VE,es-MX,es-US,eu,eu-ES,fi,fi-FI,fr,fr-FR,fr-CH,fr-BE,gl,gl-ES,gu,gu-IN,he,he-IL,iw,iw-IL,hu,hu-HU,hy,hy-AM,id,id-ID,is,is-IS,it,it-IT,it-CH,ja,ja-JP,jv,jv-ID,ka,ka-GE,km,km-KH,kn,kn-IN,ko,ko-KR,la,lo,lo-LA,lv,lv-LV,ml,ml-IN,mr,mr-IN,ms,ms-MY,nl,nl-NL,nb,nb-NO,ne,ne-NP,pl,pl-PL,pt,pt-BR,pt-PT,ro,ro-RO,ru,ru-RU,si-LK,sk,sk-SK,sr,sr-RS,su,su-ID,sv,sv-SE,sw,sw-TZ,sw-KE,ta,ta-IN,ta-SG,ta-LK,ta-MY,te,te-IN,tr,tr-TR,ur,ur-PK,ur-IN,yue,yue-HK,yue-Hant-HK,zh-HK,zh,zh-CN,zh-cmn,zh-cmn-CN,zh-Hans,zh-Hans-CN,zh-cmn-Hans,zh-cmn-Hans-CN,cmn-CN,cmn-Hans,cmn-Hans-CN,zh-TW,zh-Hant-TW,cmn-TW,cmn-Hant-TW,zh-cmn-TW,zh-cmn-Hant-TW,zu,zu-ZA,hi,hi-IN,tl,tl-PH,pa,pa-IN\">\n<div>\n<div>\n<div id=\"tw-ob\" class=\"tw-src-ltr\">\n<div class=\"oSioSc\">\n<div id=\"tw-target\">\n<div id=\"kAz1tf\" class=\"g9WsWb PZPZlf\" data-attrid=\"tw-targetArea\" data-entityname=\"Google Translate\">\n<div id=\"tw-target-rmn-container\" class=\"tw-target-rmn tw-ta-container tw-nfl\" role=\"text\">\n<pre id=\"tw-target-rmn\" class=\"tw-data-text tw-text-small tw-ta\" dir=\"ltr\" data-placeholder=\"\"><span class=\"Y2IQFc\">\u2022 Dimenzije: D 11,8 x V 7,5 x \u0160 3,9 in\u010da\r\n\u2022 Jagnjec\u0301a ko\u017ea Arena Storico\r\n\u2022 Dve ru\u010dno pletene ru\u010dke od ko\u017ee\r\n\u2022 Uklonjiva i podesiva naramenica (du\u017eina: 19,7 in\u010da)\r\n\u2022 Mesingani okovi\r\n\u2022 Zatvaranje sa patentnim zatvara\u010dem i ko\u017enom trakom sa \u010dvorovima\r\n\u2022 Prednji d\u017eep sa patentnim zatvara\u010dem i ko\u017enom trakom sa \u010dvorovima\r\n\u2022 1 unutra\u0161nji d\u017eep sa patentnim zatvara\u010dem\r\n\u2022 Postava od pamu\u010dnog platna\r\n\u2022 Proizvedeno u Italiji\r\n\u2022 Imajte u vidu da se torba prodaje bez privesaka\r\nMaterijal: jagnjec\u0301a ko\u017ea<\/span><\/pre>\n<\/div>\n<\/div>\n<\/div>\n<\/div>\n<\/div>\n<\/div>\n<\/div>\n<\/div>\n<ul>\n<li>Proizvedeno u Italiji<br \/>\nOdgovara za iPhone Pro Max\/Plus, Airpods, futrolu za kartice i karmin<\/li>\n<\/ul>\n<div id=\"product-details\" class=\"accordion-drawer\">\n<div class=\"product-detail\">\n<ul>\n<li style=\"list-style-type: none\"><\/li>\n<\/ul>\n<div id=\"appProdDetailTab\" data-v-app=\"\">\n<div class=\"\"><\/div>\n<\/div>\n<\/div>\n<\/div>\n<\/div>","protected":false},"excerpt":{"rendered":"<p>Ta\u0161na od prirodne ko\u017ee, srednje veli\u010dine \u2013 Tra\u017eite savr\u0161eni spoj stila, prakti\u010dnosti i kvaliteta? Na\u0161a ta\u0161na srednje veli\u010dine izra\u0111ena od 100% prirodne ko\u017ee je pravi izbor za \u017eene koje znaju \u0161ta \u017eele. \u00a0Za svaki dan i svaku priliku \u2013 dovoljno prostrana za sve va\u0161e svakodnevne potrep\u0161tine, a dovoljno elegantna za ve\u010dernji izlazak. \u2022 Dimenzije: D [&hellip;]<\/p>\n","protected":false},"featured_media":5981,"comment_status":"open","ping_status":"closed","template":"","meta":{"site-sidebar-layout":"default","site-content-layout":"","ast-site-content-layout":"default","site-content-style":"default","site-sidebar-style":"default","ast-global-header-display":"","ast-banner-title-visibility":"","ast-main-header-display":"","ast-hfb-above-header-display":"","ast-hfb-below-header-display":"","ast-hfb-mobile-header-display":"","site-post-title":"","ast-breadcrumbs-content":"","ast-featured-img":"","footer-sml-layout":"","theme-transparent-header-meta":"default","adv-header-id-meta":"","stick-header-meta":"","header-above-stick-meta":"","header-main-stick-meta":"","header-below-stick-meta":"","astra-migrate-meta-layouts":"set","ast-page-background-enabled":"default","ast-page-background-meta":{"desktop":{"background-color":"var(--ast-global-color-4)","background-image":"","background-repeat":"repeat","background-position":"center center","background-size":"auto","background-attachment":"scroll","background-type":"","background-media":"","overlay-type":"","overlay-color":"","overlay-opacity":"","overlay-gradient":""},"tablet":{"background-color":"","background-image":"","background-repeat":"repeat","background-position":"center center","background-size":"auto","background-attachment":"scroll","background-type":"","background-media":"","overlay-type":"","overlay-color":"","overlay-opacity":"","overlay-gradient":""},"mobile":{"background-color":"","background-image":"","background-repeat":"repeat","background-position":"center center","background-size":"auto","background-attachment":"scroll","background-type":"","background-media":"","overlay-type":"","overlay-color":"","overlay-opacity":"","overlay-gradient":""}},"ast-content-background-meta":{"desktop":{"background-color":"var(--ast-global-color-5)","background-image":"","background-repeat":"repeat","background-position":"center center","background-size":"auto","background-attachment":"scroll","background-type":"","background-media":"","overlay-type":"","overlay-color":"","overlay-opacity":"","overlay-gradient":""},"tablet":{"background-color":"var(--ast-global-color-5)","background-image":"","background-repeat":"repeat","background-position":"center center","background-size":"auto","background-attachment":"scroll","background-type":"","background-media":"","overlay-type":"","overlay-color":"","overlay-opacity":"","overlay-gradient":""},"mobile":{"background-color":"var(--ast-global-color-5)","background-image":"","background-repeat":"repeat","background-position":"center center","background-size":"auto","background-attachment":"scroll","background-type":"","background-media":"","overlay-type":"","overlay-color":"","overlay-opacity":"","overlay-gradient":""}}},"product_brand":[],"product_cat":[454,121],"product_tag":[118,119],"class_list":{"0":"post-6377","1":"product","2":"type-product","3":"status-publish","4":"has-post-thumbnail","6":"product_cat-outlet","7":"product_cat-zenske-torbe","8":"product_tag-kozna-tasna","9":"product_tag-leather-bag","10":"desktop-align-center","11":"tablet-align-left","12":"mobile-align-left","14":"first","15":"instock","16":"shipping-taxable","17":"purchasable","18":"product-type-variable"},"yoast_head":"<!-- This site is optimized with the Yoast SEO plugin v27.4 - https:\/\/yoast.com\/product\/yoast-seo-wordpress\/ -->\n<title>Ta\u0161na od prirodne ko\u017ee baenciaga forme le city - Red Carpet Novi Sad<\/title>\n<meta name=\"robots\" content=\"index, follow, max-snippet:-1, max-image-preview:large, max-video-preview:-1\" \/>\n<link rel=\"canonical\" href=\"https:\/\/red-carpet.rs\/en\/product\/tasna-od-prirodne-koze-baenciaga-forme-le-city\/\" \/>\n<meta property=\"og:locale\" content=\"en_GB\" \/>\n<meta property=\"og:type\" content=\"article\" \/>\n<meta property=\"og:title\" content=\"Ta\u0161na od prirodne ko\u017ee baenciaga forme le city - Red Carpet Novi Sad\" \/>\n<meta property=\"og:description\" content=\"Ta\u0161na od prirodne ko\u017ee, srednje veli\u010dine \u2013 Tra\u017eite savr\u0161eni spoj stila, prakti\u010dnosti i kvaliteta? Na\u0161a ta\u0161na srednje veli\u010dine izra\u0111ena od 100% prirodne ko\u017ee je pravi izbor za \u017eene koje znaju \u0161ta \u017eele. \u00a0Za svaki dan i svaku priliku \u2013 dovoljno prostrana za sve va\u0161e svakodnevne potrep\u0161tine, a dovoljno elegantna za ve\u010dernji izlazak. \u2022 Dimenzije: D [&hellip;]\" \/>\n<meta property=\"og:url\" content=\"https:\/\/red-carpet.rs\/en\/product\/tasna-od-prirodne-koze-baenciaga-forme-le-city\/\" \/>\n<meta property=\"og:site_name\" content=\"Red Carpet Novi Sad\" \/>\n<meta property=\"article:publisher\" content=\"https:\/\/www.facebook.com\/RedCarpetItalianFashionStore\/\" \/>\n<meta property=\"article:modified_time\" content=\"2026-03-18T15:59:14+00:00\" \/>\n<meta property=\"og:image\" content=\"https:\/\/red-carpet.rs\/wp-content\/uploads\/2025\/05\/photo-2025-05-31-05-09-26-2.jpg\" \/>\n\t<meta property=\"og:image:width\" content=\"1280\" \/>\n\t<meta property=\"og:image:height\" content=\"1280\" \/>\n\t<meta property=\"og:image:type\" content=\"image\/jpeg\" \/>\n<meta name=\"twitter:card\" content=\"summary_large_image\" \/>\n<meta name=\"twitter:label1\" content=\"Estimated reading time\" \/>\n\t<meta name=\"twitter:data1\" content=\"1 minute\" \/>\n<script type=\"application\/ld+json\" class=\"yoast-schema-graph\">{\"@context\":\"https:\\\/\\\/schema.org\",\"@graph\":[{\"@type\":\"WebPage\",\"@id\":\"https:\\\/\\\/red-carpet.rs\\\/product\\\/tasna-od-prirodne-koze-baenciaga-forme-le-city\\\/\",\"url\":\"https:\\\/\\\/red-carpet.rs\\\/product\\\/tasna-od-prirodne-koze-baenciaga-forme-le-city\\\/\",\"name\":\"Ta\u0161na od prirodne ko\u017ee baenciaga forme le city - Red Carpet Novi Sad\",\"isPartOf\":{\"@id\":\"https:\\\/\\\/alu.zyc.temporary.site\\\/#website\"},\"primaryImageOfPage\":{\"@id\":\"https:\\\/\\\/red-carpet.rs\\\/product\\\/tasna-od-prirodne-koze-baenciaga-forme-le-city\\\/#primaryimage\"},\"image\":{\"@id\":\"https:\\\/\\\/red-carpet.rs\\\/product\\\/tasna-od-prirodne-koze-baenciaga-forme-le-city\\\/#primaryimage\"},\"thumbnailUrl\":\"https:\\\/\\\/i0.wp.com\\\/red-carpet.rs\\\/wp-content\\\/uploads\\\/2025\\\/05\\\/photo-2025-05-31-05-09-26-2.jpg?fit=1280%2C1280&ssl=1\",\"datePublished\":\"2025-07-30T15:06:04+00:00\",\"dateModified\":\"2026-03-18T15:59:14+00:00\",\"breadcrumb\":{\"@id\":\"https:\\\/\\\/red-carpet.rs\\\/product\\\/tasna-od-prirodne-koze-baenciaga-forme-le-city\\\/#breadcrumb\"},\"inLanguage\":\"en-GB\",\"potentialAction\":[{\"@type\":\"ReadAction\",\"target\":[\"https:\\\/\\\/red-carpet.rs\\\/product\\\/tasna-od-prirodne-koze-baenciaga-forme-le-city\\\/\"]}]},{\"@type\":\"ImageObject\",\"inLanguage\":\"en-GB\",\"@id\":\"https:\\\/\\\/red-carpet.rs\\\/product\\\/tasna-od-prirodne-koze-baenciaga-forme-le-city\\\/#primaryimage\",\"url\":\"https:\\\/\\\/i0.wp.com\\\/red-carpet.rs\\\/wp-content\\\/uploads\\\/2025\\\/05\\\/photo-2025-05-31-05-09-26-2.jpg?fit=1280%2C1280&ssl=1\",\"contentUrl\":\"https:\\\/\\\/i0.wp.com\\\/red-carpet.rs\\\/wp-content\\\/uploads\\\/2025\\\/05\\\/photo-2025-05-31-05-09-26-2.jpg?fit=1280%2C1280&ssl=1\",\"width\":1280,\"height\":1280},{\"@type\":\"BreadcrumbList\",\"@id\":\"https:\\\/\\\/red-carpet.rs\\\/product\\\/tasna-od-prirodne-koze-baenciaga-forme-le-city\\\/#breadcrumb\",\"itemListElement\":[{\"@type\":\"ListItem\",\"position\":1,\"name\":\"Home\",\"item\":\"https:\\\/\\\/red-carpet.rs\\\/\"},{\"@type\":\"ListItem\",\"position\":2,\"name\":\"Kupovina\",\"item\":\"https:\\\/\\\/red-carpet.rs\\\/kupovina\\\/\"},{\"@type\":\"ListItem\",\"position\":3,\"name\":\"Ta\u0161na od prirodne ko\u017ee baenciaga forme le city\"}]},{\"@type\":\"WebSite\",\"@id\":\"https:\\\/\\\/alu.zyc.temporary.site\\\/#website\",\"url\":\"https:\\\/\\\/alu.zyc.temporary.site\\\/\",\"name\":\"Red Carpet Novi Sad\",\"description\":\"italijanska odeca i obuca Novi Sad\",\"publisher\":{\"@id\":\"https:\\\/\\\/alu.zyc.temporary.site\\\/#organization\"},\"potentialAction\":[{\"@type\":\"SearchAction\",\"target\":{\"@type\":\"EntryPoint\",\"urlTemplate\":\"https:\\\/\\\/alu.zyc.temporary.site\\\/?s={search_term_string}\"},\"query-input\":{\"@type\":\"PropertyValueSpecification\",\"valueRequired\":true,\"valueName\":\"search_term_string\"}}],\"inLanguage\":\"en-GB\"},{\"@type\":\"Organization\",\"@id\":\"https:\\\/\\\/alu.zyc.temporary.site\\\/#organization\",\"name\":\"Red Carpet Novi Sad\",\"url\":\"https:\\\/\\\/alu.zyc.temporary.site\\\/\",\"logo\":{\"@type\":\"ImageObject\",\"inLanguage\":\"en-GB\",\"@id\":\"https:\\\/\\\/alu.zyc.temporary.site\\\/#\\\/schema\\\/logo\\\/image\\\/\",\"url\":\"https:\\\/\\\/i0.wp.com\\\/red-carpet.rs\\\/wp-content\\\/uploads\\\/2025\\\/06\\\/cropped-cropped-red-carpet-izmene-scaled-2.jpg?fit=1307%2C1117&ssl=1\",\"contentUrl\":\"https:\\\/\\\/i0.wp.com\\\/red-carpet.rs\\\/wp-content\\\/uploads\\\/2025\\\/06\\\/cropped-cropped-red-carpet-izmene-scaled-2.jpg?fit=1307%2C1117&ssl=1\",\"width\":1307,\"height\":1117,\"caption\":\"Red Carpet Novi Sad\"},\"image\":{\"@id\":\"https:\\\/\\\/alu.zyc.temporary.site\\\/#\\\/schema\\\/logo\\\/image\\\/\"},\"sameAs\":[\"https:\\\/\\\/www.facebook.com\\\/RedCarpetItalianFashionStore\\\/\",\"https:\\\/\\\/www.instagram.com\\\/redcarpetfashionstore\\\/\"]}]}<\/script>\n<!-- \/ Yoast SEO plugin. -->","yoast_head_json":{"title":"Ta\u0161na od prirodne ko\u017ee baenciaga forme le city - Red Carpet Novi Sad","robots":{"index":"index","follow":"follow","max-snippet":"max-snippet:-1","max-image-preview":"max-image-preview:large","max-video-preview":"max-video-preview:-1"},"canonical":"https:\/\/red-carpet.rs\/en\/product\/tasna-od-prirodne-koze-baenciaga-forme-le-city\/","og_locale":"en_GB","og_type":"article","og_title":"Ta\u0161na od prirodne ko\u017ee baenciaga forme le city - Red Carpet Novi Sad","og_description":"Ta\u0161na od prirodne ko\u017ee, srednje veli\u010dine \u2013 Tra\u017eite savr\u0161eni spoj stila, prakti\u010dnosti i kvaliteta? Na\u0161a ta\u0161na srednje veli\u010dine izra\u0111ena od 100% prirodne ko\u017ee je pravi izbor za \u017eene koje znaju \u0161ta \u017eele. \u00a0Za svaki dan i svaku priliku \u2013 dovoljno prostrana za sve va\u0161e svakodnevne potrep\u0161tine, a dovoljno elegantna za ve\u010dernji izlazak. \u2022 Dimenzije: D [&hellip;]","og_url":"https:\/\/red-carpet.rs\/en\/product\/tasna-od-prirodne-koze-baenciaga-forme-le-city\/","og_site_name":"Red Carpet Novi Sad","article_publisher":"https:\/\/www.facebook.com\/RedCarpetItalianFashionStore\/","article_modified_time":"2026-03-18T15:59:14+00:00","og_image":[{"width":1280,"height":1280,"url":"https:\/\/red-carpet.rs\/wp-content\/uploads\/2025\/05\/photo-2025-05-31-05-09-26-2.jpg","type":"image\/jpeg"}],"twitter_card":"summary_large_image","twitter_misc":{"Estimated reading time":"1 minute"},"schema":{"@context":"https:\/\/schema.org","@graph":[{"@type":"WebPage","@id":"https:\/\/red-carpet.rs\/product\/tasna-od-prirodne-koze-baenciaga-forme-le-city\/","url":"https:\/\/red-carpet.rs\/product\/tasna-od-prirodne-koze-baenciaga-forme-le-city\/","name":"Ta\u0161na od prirodne ko\u017ee baenciaga forme le city - Red Carpet Novi Sad","isPartOf":{"@id":"https:\/\/alu.zyc.temporary.site\/#website"},"primaryImageOfPage":{"@id":"https:\/\/red-carpet.rs\/product\/tasna-od-prirodne-koze-baenciaga-forme-le-city\/#primaryimage"},"image":{"@id":"https:\/\/red-carpet.rs\/product\/tasna-od-prirodne-koze-baenciaga-forme-le-city\/#primaryimage"},"thumbnailUrl":"https:\/\/i0.wp.com\/red-carpet.rs\/wp-content\/uploads\/2025\/05\/photo-2025-05-31-05-09-26-2.jpg?fit=1280%2C1280&ssl=1","datePublished":"2025-07-30T15:06:04+00:00","dateModified":"2026-03-18T15:59:14+00:00","breadcrumb":{"@id":"https:\/\/red-carpet.rs\/product\/tasna-od-prirodne-koze-baenciaga-forme-le-city\/#breadcrumb"},"inLanguage":"en-GB","potentialAction":[{"@type":"ReadAction","target":["https:\/\/red-carpet.rs\/product\/tasna-od-prirodne-koze-baenciaga-forme-le-city\/"]}]},{"@type":"ImageObject","inLanguage":"en-GB","@id":"https:\/\/red-carpet.rs\/product\/tasna-od-prirodne-koze-baenciaga-forme-le-city\/#primaryimage","url":"https:\/\/i0.wp.com\/red-carpet.rs\/wp-content\/uploads\/2025\/05\/photo-2025-05-31-05-09-26-2.jpg?fit=1280%2C1280&ssl=1","contentUrl":"https:\/\/i0.wp.com\/red-carpet.rs\/wp-content\/uploads\/2025\/05\/photo-2025-05-31-05-09-26-2.jpg?fit=1280%2C1280&ssl=1","width":1280,"height":1280},{"@type":"BreadcrumbList","@id":"https:\/\/red-carpet.rs\/product\/tasna-od-prirodne-koze-baenciaga-forme-le-city\/#breadcrumb","itemListElement":[{"@type":"ListItem","position":1,"name":"Home","item":"https:\/\/red-carpet.rs\/"},{"@type":"ListItem","position":2,"name":"Kupovina","item":"https:\/\/red-carpet.rs\/kupovina\/"},{"@type":"ListItem","position":3,"name":"Ta\u0161na od prirodne ko\u017ee baenciaga forme le city"}]},{"@type":"WebSite","@id":"https:\/\/alu.zyc.temporary.site\/#website","url":"https:\/\/alu.zyc.temporary.site\/","name":"Red Carpet Novi Sad","description":"italijanska odeca i obuca Novi Sad","publisher":{"@id":"https:\/\/alu.zyc.temporary.site\/#organization"},"potentialAction":[{"@type":"SearchAction","target":{"@type":"EntryPoint","urlTemplate":"https:\/\/alu.zyc.temporary.site\/?s={search_term_string}"},"query-input":{"@type":"PropertyValueSpecification","valueRequired":true,"valueName":"search_term_string"}}],"inLanguage":"en-GB"},{"@type":"Organization","@id":"https:\/\/alu.zyc.temporary.site\/#organization","name":"Red Carpet Novi Sad","url":"https:\/\/alu.zyc.temporary.site\/","logo":{"@type":"ImageObject","inLanguage":"en-GB","@id":"https:\/\/alu.zyc.temporary.site\/#\/schema\/logo\/image\/","url":"https:\/\/i0.wp.com\/red-carpet.rs\/wp-content\/uploads\/2025\/06\/cropped-cropped-red-carpet-izmene-scaled-2.jpg?fit=1307%2C1117&ssl=1","contentUrl":"https:\/\/i0.wp.com\/red-carpet.rs\/wp-content\/uploads\/2025\/06\/cropped-cropped-red-carpet-izmene-scaled-2.jpg?fit=1307%2C1117&ssl=1","width":1307,"height":1117,"caption":"Red Carpet Novi Sad"},"image":{"@id":"https:\/\/alu.zyc.temporary.site\/#\/schema\/logo\/image\/"},"sameAs":["https:\/\/www.facebook.com\/RedCarpetItalianFashionStore\/","https:\/\/www.instagram.com\/redcarpetfashionstore\/"]}]}},"jetpack_sharing_enabled":true,"_links":{"self":[{"href":"https:\/\/red-carpet.rs\/en\/wp-json\/wp\/v2\/product\/6377","targetHints":{"allow":["GET"]}}],"collection":[{"href":"https:\/\/red-carpet.rs\/en\/wp-json\/wp\/v2\/product"}],"about":[{"href":"https:\/\/red-carpet.rs\/en\/wp-json\/wp\/v2\/types\/product"}],"replies":[{"embeddable":true,"href":"https:\/\/red-carpet.rs\/en\/wp-json\/wp\/v2\/comments?post=6377"}],"wp:featuredmedia":[{"embeddable":true,"href":"https:\/\/red-carpet.rs\/en\/wp-json\/wp\/v2\/media\/5981"}],"wp:attachment":[{"href":"https:\/\/red-carpet.rs\/en\/wp-json\/wp\/v2\/media?parent=6377"}],"wp:term":[{"taxonomy":"product_brand","embeddable":true,"href":"https:\/\/red-carpet.rs\/en\/wp-json\/wp\/v2\/product_brand?post=6377"},{"taxonomy":"product_cat","embeddable":true,"href":"https:\/\/red-carpet.rs\/en\/wp-json\/wp\/v2\/product_cat?post=6377"},{"taxonomy":"product_tag","embeddable":true,"href":"https:\/\/red-carpet.rs\/en\/wp-json\/wp\/v2\/product_tag?post=6377"}],"curies":[{"name":"wp","href":"https:\/\/api.w.org\/{rel}","templated":true}]}}