{"id":7405,"date":"2025-10-04T16:08:22","date_gmt":"2025-10-04T16:08:22","guid":{"rendered":"https:\/\/red-carpet.rs\/?post_type=product&#038;p=7405"},"modified":"2026-02-12T12:04:20","modified_gmt":"2026-02-12T12:04:20","slug":"crna-floclo-jakna-jamile","status":"publish","type":"product","link":"https:\/\/red-carpet.rs\/en\/product\/crna-floclo-jakna-jamile\/","title":{"rendered":"Crna Flo&amp;Clo jakna Joelle"},"content":{"rendered":"<pre><span class=\"Y2IQFc\">Ova rasko\u0161na parka, izra\u0111ena poput perjane jakne od vodotpornee tkanine, punjena je 100% gu\u0161\u010djim perjem i lisi\u010djim krznom u skladu sa bojom. Nudi veoma \u017eenstven sportski izgled sa notom glamura, tipi\u010dnog za italijanske kreacije. FLO&amp;CLO stru\u010dnost je predstavljena u ovom neuporedivom komadu, koji je 100% proizveden u Italiji.\r\n\r\nDetalji koje treba znati:\r\n\r\nVodootporna tkanina sa punjenjem 100% gu\u0161\u010djeg paperja\r\nLisi\u010dje krzno u skladu sa bojom obla\u017ee ceo komad za glamurozan, \u017eenstven sportski izgled\r\nSrebrni metalni patent zatvara\u010d, prekriven dugmadima\r\nDva na\u0161ivena d\u017eepa sa preklopom, podesiva u struku\r\nPodesive man\u017eetne sa kop\u010dama, vrpca za nabiranje u struku i na dnu jakne\r\nKapulja\u010da ukra\u0161ena krznom finske lisice koje se prote\u017ee sve do ivica za da\u0161ak luksuza\r\nUnutra\u0161nja postava od satenskog poliestera za odli\u010dnu udobnost, ukra\u0161ena 100% gu\u0161\u010djim perjem za optimalnu toplinu.\r\nVisina grudi:\r\n\r\n95 cm (T38)\r\nDu\u017eina jakne: 108cm\r\n\r\nSavet za veli\u010dinu:\r\n\r\nOdaberite svoju uobi\u010dajenu veli\u010dinu.\r\n\r\nReference: JAMILE\r\nMaterijal: Lisica \/ Poliester \/ Gu\u0161\u010dije perje\r\nMarka: Flo Clo\r\nBoja: Crna<\/span><\/pre>","protected":false},"excerpt":{"rendered":"<p>Ova rasko\u0161na parka, izra\u0111ena poput perjane jakne od vodotpornee tkanine, punjena je 100% gu\u0161\u010djim perjem i lisi\u010djim krznom u skladu sa bojom. Nudi veoma \u017eenstven sportski izgled sa notom glamura, tipi\u010dnog za italijanske kreacije. FLO&amp;CLO stru\u010dnost je predstavljena u ovom neuporedivom komadu, koji je 100% proizveden u Italiji. Detalji koje treba znati: Vodootporna tkanina sa [&hellip;]<\/p>\n","protected":false},"featured_media":9463,"comment_status":"open","ping_status":"closed","template":"","meta":{"site-sidebar-layout":"default","site-content-layout":"","ast-site-content-layout":"default","site-content-style":"default","site-sidebar-style":"default","ast-global-header-display":"","ast-banner-title-visibility":"","ast-main-header-display":"","ast-hfb-above-header-display":"","ast-hfb-below-header-display":"","ast-hfb-mobile-header-display":"","site-post-title":"","ast-breadcrumbs-content":"","ast-featured-img":"","footer-sml-layout":"","theme-transparent-header-meta":"default","adv-header-id-meta":"","stick-header-meta":"","header-above-stick-meta":"","header-main-stick-meta":"","header-below-stick-meta":"","astra-migrate-meta-layouts":"set","ast-page-background-enabled":"default","ast-page-background-meta":{"desktop":{"background-color":"var(--ast-global-color-4)","background-image":"","background-repeat":"repeat","background-position":"center center","background-size":"auto","background-attachment":"scroll","background-type":"","background-media":"","overlay-type":"","overlay-color":"","overlay-opacity":"","overlay-gradient":""},"tablet":{"background-color":"","background-image":"","background-repeat":"repeat","background-position":"center center","background-size":"auto","background-attachment":"scroll","background-type":"","background-media":"","overlay-type":"","overlay-color":"","overlay-opacity":"","overlay-gradient":""},"mobile":{"background-color":"","background-image":"","background-repeat":"repeat","background-position":"center center","background-size":"auto","background-attachment":"scroll","background-type":"","background-media":"","overlay-type":"","overlay-color":"","overlay-opacity":"","overlay-gradient":""}},"ast-content-background-meta":{"desktop":{"background-color":"var(--ast-global-color-5)","background-image":"","background-repeat":"repeat","background-position":"center center","background-size":"auto","background-attachment":"scroll","background-type":"","background-media":"","overlay-type":"","overlay-color":"","overlay-opacity":"","overlay-gradient":""},"tablet":{"background-color":"var(--ast-global-color-5)","background-image":"","background-repeat":"repeat","background-position":"center center","background-size":"auto","background-attachment":"scroll","background-type":"","background-media":"","overlay-type":"","overlay-color":"","overlay-opacity":"","overlay-gradient":""},"mobile":{"background-color":"var(--ast-global-color-5)","background-image":"","background-repeat":"repeat","background-position":"center center","background-size":"auto","background-attachment":"scroll","background-type":"","background-media":"","overlay-type":"","overlay-color":"","overlay-opacity":"","overlay-gradient":""}}},"product_brand":[322],"product_cat":[320],"product_tag":[310,321],"class_list":{"0":"post-7405","1":"product","2":"type-product","3":"status-publish","4":"has-post-thumbnail","6":"product_brand-floclo","7":"product_cat-floclo-jakne","8":"product_tag-flo-clo-jakna","9":"product_tag-floclo-jacket","10":"desktop-align-center","11":"tablet-align-left","12":"mobile-align-left","14":"first","15":"instock","16":"sale","17":"shipping-taxable","18":"purchasable","19":"product-type-simple"},"yoast_head":"<!-- This site is optimized with the Yoast SEO plugin v27.4 - https:\/\/yoast.com\/product\/yoast-seo-wordpress\/ -->\n<title>Crna Flo&amp;Clo jakna Joelle - Red Carpet Novi Sad<\/title>\n<meta name=\"robots\" content=\"index, follow, max-snippet:-1, max-image-preview:large, max-video-preview:-1\" \/>\n<link rel=\"canonical\" href=\"https:\/\/red-carpet.rs\/en\/product\/crna-floclo-jakna-jamile\/\" \/>\n<meta property=\"og:locale\" content=\"en_GB\" \/>\n<meta property=\"og:type\" content=\"article\" \/>\n<meta property=\"og:title\" content=\"Crna Flo&amp;Clo jakna Joelle - Red Carpet Novi Sad\" \/>\n<meta property=\"og:description\" content=\"Ova rasko\u0161na parka, izra\u0111ena poput perjane jakne od vodotpornee tkanine, punjena je 100% gu\u0161\u010djim perjem i lisi\u010djim krznom u skladu sa bojom. Nudi veoma \u017eenstven sportski izgled sa notom glamura, tipi\u010dnog za italijanske kreacije. FLO&amp;CLO stru\u010dnost je predstavljena u ovom neuporedivom komadu, koji je 100% proizveden u Italiji. Detalji koje treba znati: Vodootporna tkanina sa [&hellip;]\" \/>\n<meta property=\"og:url\" content=\"https:\/\/red-carpet.rs\/en\/product\/crna-floclo-jakna-jamile\/\" \/>\n<meta property=\"og:site_name\" content=\"Red Carpet Novi Sad\" \/>\n<meta property=\"article:publisher\" content=\"https:\/\/www.facebook.com\/RedCarpetItalianFashionStore\/\" \/>\n<meta property=\"article:modified_time\" content=\"2026-02-12T12:04:20+00:00\" \/>\n<meta property=\"og:image\" content=\"https:\/\/red-carpet.rs\/wp-content\/uploads\/2025\/10\/photo_2025-11-09_12-06-22-2.jpg\" \/>\n\t<meta property=\"og:image:width\" content=\"960\" \/>\n\t<meta property=\"og:image:height\" content=\"1280\" \/>\n\t<meta property=\"og:image:type\" content=\"image\/jpeg\" \/>\n<meta name=\"twitter:card\" content=\"summary_large_image\" \/>\n<meta name=\"twitter:label1\" content=\"Estimated reading time\" \/>\n\t<meta name=\"twitter:data1\" content=\"1 minute\" \/>\n<script type=\"application\/ld+json\" class=\"yoast-schema-graph\">{\"@context\":\"https:\\\/\\\/schema.org\",\"@graph\":[{\"@type\":\"WebPage\",\"@id\":\"https:\\\/\\\/red-carpet.rs\\\/product\\\/crna-floclo-jakna-jamile\\\/\",\"url\":\"https:\\\/\\\/red-carpet.rs\\\/product\\\/crna-floclo-jakna-jamile\\\/\",\"name\":\"Crna Flo&amp;Clo jakna Joelle - Red Carpet Novi Sad\",\"isPartOf\":{\"@id\":\"https:\\\/\\\/alu.zyc.temporary.site\\\/#website\"},\"primaryImageOfPage\":{\"@id\":\"https:\\\/\\\/red-carpet.rs\\\/product\\\/crna-floclo-jakna-jamile\\\/#primaryimage\"},\"image\":{\"@id\":\"https:\\\/\\\/red-carpet.rs\\\/product\\\/crna-floclo-jakna-jamile\\\/#primaryimage\"},\"thumbnailUrl\":\"https:\\\/\\\/i0.wp.com\\\/red-carpet.rs\\\/wp-content\\\/uploads\\\/2025\\\/10\\\/photo_2025-11-09_12-06-22-2.jpg?fit=960%2C1280&ssl=1\",\"datePublished\":\"2025-10-04T16:08:22+00:00\",\"dateModified\":\"2026-02-12T12:04:20+00:00\",\"breadcrumb\":{\"@id\":\"https:\\\/\\\/red-carpet.rs\\\/product\\\/crna-floclo-jakna-jamile\\\/#breadcrumb\"},\"inLanguage\":\"en-GB\",\"potentialAction\":[{\"@type\":\"ReadAction\",\"target\":[\"https:\\\/\\\/red-carpet.rs\\\/product\\\/crna-floclo-jakna-jamile\\\/\"]}]},{\"@type\":\"ImageObject\",\"inLanguage\":\"en-GB\",\"@id\":\"https:\\\/\\\/red-carpet.rs\\\/product\\\/crna-floclo-jakna-jamile\\\/#primaryimage\",\"url\":\"https:\\\/\\\/i0.wp.com\\\/red-carpet.rs\\\/wp-content\\\/uploads\\\/2025\\\/10\\\/photo_2025-11-09_12-06-22-2.jpg?fit=960%2C1280&ssl=1\",\"contentUrl\":\"https:\\\/\\\/i0.wp.com\\\/red-carpet.rs\\\/wp-content\\\/uploads\\\/2025\\\/10\\\/photo_2025-11-09_12-06-22-2.jpg?fit=960%2C1280&ssl=1\",\"width\":960,\"height\":1280},{\"@type\":\"BreadcrumbList\",\"@id\":\"https:\\\/\\\/red-carpet.rs\\\/product\\\/crna-floclo-jakna-jamile\\\/#breadcrumb\",\"itemListElement\":[{\"@type\":\"ListItem\",\"position\":1,\"name\":\"Home\",\"item\":\"https:\\\/\\\/red-carpet.rs\\\/\"},{\"@type\":\"ListItem\",\"position\":2,\"name\":\"Kupovina\",\"item\":\"https:\\\/\\\/red-carpet.rs\\\/kupovina\\\/\"},{\"@type\":\"ListItem\",\"position\":3,\"name\":\"Crna Flo&amp;Clo jakna Joelle\"}]},{\"@type\":\"WebSite\",\"@id\":\"https:\\\/\\\/alu.zyc.temporary.site\\\/#website\",\"url\":\"https:\\\/\\\/alu.zyc.temporary.site\\\/\",\"name\":\"Red Carpet Novi Sad\",\"description\":\"italijanska odeca i obuca Novi Sad\",\"publisher\":{\"@id\":\"https:\\\/\\\/alu.zyc.temporary.site\\\/#organization\"},\"potentialAction\":[{\"@type\":\"SearchAction\",\"target\":{\"@type\":\"EntryPoint\",\"urlTemplate\":\"https:\\\/\\\/alu.zyc.temporary.site\\\/?s={search_term_string}\"},\"query-input\":{\"@type\":\"PropertyValueSpecification\",\"valueRequired\":true,\"valueName\":\"search_term_string\"}}],\"inLanguage\":\"en-GB\"},{\"@type\":\"Organization\",\"@id\":\"https:\\\/\\\/alu.zyc.temporary.site\\\/#organization\",\"name\":\"Red Carpet Novi Sad\",\"url\":\"https:\\\/\\\/alu.zyc.temporary.site\\\/\",\"logo\":{\"@type\":\"ImageObject\",\"inLanguage\":\"en-GB\",\"@id\":\"https:\\\/\\\/alu.zyc.temporary.site\\\/#\\\/schema\\\/logo\\\/image\\\/\",\"url\":\"https:\\\/\\\/i0.wp.com\\\/red-carpet.rs\\\/wp-content\\\/uploads\\\/2025\\\/06\\\/cropped-cropped-red-carpet-izmene-scaled-2.jpg?fit=1307%2C1117&ssl=1\",\"contentUrl\":\"https:\\\/\\\/i0.wp.com\\\/red-carpet.rs\\\/wp-content\\\/uploads\\\/2025\\\/06\\\/cropped-cropped-red-carpet-izmene-scaled-2.jpg?fit=1307%2C1117&ssl=1\",\"width\":1307,\"height\":1117,\"caption\":\"Red Carpet Novi Sad\"},\"image\":{\"@id\":\"https:\\\/\\\/alu.zyc.temporary.site\\\/#\\\/schema\\\/logo\\\/image\\\/\"},\"sameAs\":[\"https:\\\/\\\/www.facebook.com\\\/RedCarpetItalianFashionStore\\\/\",\"https:\\\/\\\/www.instagram.com\\\/redcarpetfashionstore\\\/\"]}]}<\/script>\n<!-- \/ Yoast SEO plugin. -->","yoast_head_json":{"title":"Crna Flo&amp;Clo jakna Joelle - Red Carpet Novi Sad","robots":{"index":"index","follow":"follow","max-snippet":"max-snippet:-1","max-image-preview":"max-image-preview:large","max-video-preview":"max-video-preview:-1"},"canonical":"https:\/\/red-carpet.rs\/en\/product\/crna-floclo-jakna-jamile\/","og_locale":"en_GB","og_type":"article","og_title":"Crna Flo&amp;Clo jakna Joelle - Red Carpet Novi Sad","og_description":"Ova rasko\u0161na parka, izra\u0111ena poput perjane jakne od vodotpornee tkanine, punjena je 100% gu\u0161\u010djim perjem i lisi\u010djim krznom u skladu sa bojom. Nudi veoma \u017eenstven sportski izgled sa notom glamura, tipi\u010dnog za italijanske kreacije. FLO&amp;CLO stru\u010dnost je predstavljena u ovom neuporedivom komadu, koji je 100% proizveden u Italiji. Detalji koje treba znati: Vodootporna tkanina sa [&hellip;]","og_url":"https:\/\/red-carpet.rs\/en\/product\/crna-floclo-jakna-jamile\/","og_site_name":"Red Carpet Novi Sad","article_publisher":"https:\/\/www.facebook.com\/RedCarpetItalianFashionStore\/","article_modified_time":"2026-02-12T12:04:20+00:00","og_image":[{"width":960,"height":1280,"url":"https:\/\/red-carpet.rs\/wp-content\/uploads\/2025\/10\/photo_2025-11-09_12-06-22-2.jpg","type":"image\/jpeg"}],"twitter_card":"summary_large_image","twitter_misc":{"Estimated reading time":"1 minute"},"schema":{"@context":"https:\/\/schema.org","@graph":[{"@type":"WebPage","@id":"https:\/\/red-carpet.rs\/product\/crna-floclo-jakna-jamile\/","url":"https:\/\/red-carpet.rs\/product\/crna-floclo-jakna-jamile\/","name":"Crna Flo&amp;Clo jakna Joelle - Red Carpet Novi Sad","isPartOf":{"@id":"https:\/\/alu.zyc.temporary.site\/#website"},"primaryImageOfPage":{"@id":"https:\/\/red-carpet.rs\/product\/crna-floclo-jakna-jamile\/#primaryimage"},"image":{"@id":"https:\/\/red-carpet.rs\/product\/crna-floclo-jakna-jamile\/#primaryimage"},"thumbnailUrl":"https:\/\/i0.wp.com\/red-carpet.rs\/wp-content\/uploads\/2025\/10\/photo_2025-11-09_12-06-22-2.jpg?fit=960%2C1280&ssl=1","datePublished":"2025-10-04T16:08:22+00:00","dateModified":"2026-02-12T12:04:20+00:00","breadcrumb":{"@id":"https:\/\/red-carpet.rs\/product\/crna-floclo-jakna-jamile\/#breadcrumb"},"inLanguage":"en-GB","potentialAction":[{"@type":"ReadAction","target":["https:\/\/red-carpet.rs\/product\/crna-floclo-jakna-jamile\/"]}]},{"@type":"ImageObject","inLanguage":"en-GB","@id":"https:\/\/red-carpet.rs\/product\/crna-floclo-jakna-jamile\/#primaryimage","url":"https:\/\/i0.wp.com\/red-carpet.rs\/wp-content\/uploads\/2025\/10\/photo_2025-11-09_12-06-22-2.jpg?fit=960%2C1280&ssl=1","contentUrl":"https:\/\/i0.wp.com\/red-carpet.rs\/wp-content\/uploads\/2025\/10\/photo_2025-11-09_12-06-22-2.jpg?fit=960%2C1280&ssl=1","width":960,"height":1280},{"@type":"BreadcrumbList","@id":"https:\/\/red-carpet.rs\/product\/crna-floclo-jakna-jamile\/#breadcrumb","itemListElement":[{"@type":"ListItem","position":1,"name":"Home","item":"https:\/\/red-carpet.rs\/"},{"@type":"ListItem","position":2,"name":"Kupovina","item":"https:\/\/red-carpet.rs\/kupovina\/"},{"@type":"ListItem","position":3,"name":"Crna Flo&amp;Clo jakna Joelle"}]},{"@type":"WebSite","@id":"https:\/\/alu.zyc.temporary.site\/#website","url":"https:\/\/alu.zyc.temporary.site\/","name":"Red Carpet Novi Sad","description":"italijanska odeca i obuca Novi Sad","publisher":{"@id":"https:\/\/alu.zyc.temporary.site\/#organization"},"potentialAction":[{"@type":"SearchAction","target":{"@type":"EntryPoint","urlTemplate":"https:\/\/alu.zyc.temporary.site\/?s={search_term_string}"},"query-input":{"@type":"PropertyValueSpecification","valueRequired":true,"valueName":"search_term_string"}}],"inLanguage":"en-GB"},{"@type":"Organization","@id":"https:\/\/alu.zyc.temporary.site\/#organization","name":"Red Carpet Novi Sad","url":"https:\/\/alu.zyc.temporary.site\/","logo":{"@type":"ImageObject","inLanguage":"en-GB","@id":"https:\/\/alu.zyc.temporary.site\/#\/schema\/logo\/image\/","url":"https:\/\/i0.wp.com\/red-carpet.rs\/wp-content\/uploads\/2025\/06\/cropped-cropped-red-carpet-izmene-scaled-2.jpg?fit=1307%2C1117&ssl=1","contentUrl":"https:\/\/i0.wp.com\/red-carpet.rs\/wp-content\/uploads\/2025\/06\/cropped-cropped-red-carpet-izmene-scaled-2.jpg?fit=1307%2C1117&ssl=1","width":1307,"height":1117,"caption":"Red Carpet Novi Sad"},"image":{"@id":"https:\/\/alu.zyc.temporary.site\/#\/schema\/logo\/image\/"},"sameAs":["https:\/\/www.facebook.com\/RedCarpetItalianFashionStore\/","https:\/\/www.instagram.com\/redcarpetfashionstore\/"]}]}},"jetpack_sharing_enabled":true,"_links":{"self":[{"href":"https:\/\/red-carpet.rs\/en\/wp-json\/wp\/v2\/product\/7405","targetHints":{"allow":["GET"]}}],"collection":[{"href":"https:\/\/red-carpet.rs\/en\/wp-json\/wp\/v2\/product"}],"about":[{"href":"https:\/\/red-carpet.rs\/en\/wp-json\/wp\/v2\/types\/product"}],"replies":[{"embeddable":true,"href":"https:\/\/red-carpet.rs\/en\/wp-json\/wp\/v2\/comments?post=7405"}],"wp:featuredmedia":[{"embeddable":true,"href":"https:\/\/red-carpet.rs\/en\/wp-json\/wp\/v2\/media\/9463"}],"wp:attachment":[{"href":"https:\/\/red-carpet.rs\/en\/wp-json\/wp\/v2\/media?parent=7405"}],"wp:term":[{"taxonomy":"product_brand","embeddable":true,"href":"https:\/\/red-carpet.rs\/en\/wp-json\/wp\/v2\/product_brand?post=7405"},{"taxonomy":"product_cat","embeddable":true,"href":"https:\/\/red-carpet.rs\/en\/wp-json\/wp\/v2\/product_cat?post=7405"},{"taxonomy":"product_tag","embeddable":true,"href":"https:\/\/red-carpet.rs\/en\/wp-json\/wp\/v2\/product_tag?post=7405"}],"curies":[{"name":"wp","href":"https:\/\/api.w.org\/{rel}","templated":true}]}}