{"id":8278,"date":"2025-10-20T01:08:32","date_gmt":"2025-10-20T01:08:32","guid":{"rendered":"https:\/\/red-carpet.rs\/?post_type=product&#038;p=8278"},"modified":"2026-01-16T00:03:38","modified_gmt":"2026-01-16T00:03:38","slug":"blejzer-rinascimento-dvoredno-kopcanje","status":"publish","type":"product","link":"https:\/\/red-carpet.rs\/en\/product\/blejzer-rinascimento-dvoredno-kopcanje\/","title":{"rendered":"Blejzer rinascimento dvoredno kopcanje"},"content":{"rendered":"<div class=\"product attribute description\">\n<div class=\"value\">\n<pre class=\"tw-data-text tw-text-small tw-ta\" dir=\"ltr\" tabindex=\"-1\" role=\"text\" data-placeholder=\"\">Dvoredni sako od tehni\u010dke tkanine je smelo dizajniran komad, dizajniran da stilski upotpuni formalniji izgled ove sezone. Izra\u0111en od tehni\u010dke tkanine, odlikuje se dvorednim zakop\u010davanjem sa vidljivim dugmadima, dodatnim ravnim unutra\u0161njim dugmetom, d\u017eepovima sa preklopima, unutra\u0161njom postavom, smelim zlatnim dugmadima, podstavljenim ramenima i \u0161iljatim reverima. Dvoredni sako od tehni\u010dke tkanine savr\u0161eno se sla\u017ee sa odgovarajuc\u0301im pantalonama poput CFC0125425003 ili drugim modelima od tehni\u010dke tkanine sa skrivenim patentnim zatvara\u010dem. Upotpunite ga obuc\u0301om i dodacima iz kolekcije, a za besprekorno pristajanje, izaberite kolekciju Rinascimento Lingerie. Nosite dvoredni sako od tehni\u010dke tkanine u kancelariju, na maturu ili bilo koju drugu priliku gde \u017eelite prefinjen i profesionalan stil. Ovaj odevni predmet je proizveden u Italiji. Model je visok 1,74 m i nosi veli\u010dinu S.<\/pre>\n<\/div>\n<\/div>","protected":false},"excerpt":{"rendered":"<p>Dvoredni sako od tehni\u010dke tkanine je smelo dizajniran komad, dizajniran da stilski upotpuni formalniji izgled ove sezone. Izra\u0111en od tehni\u010dke tkanine, odlikuje se dvorednim zakop\u010davanjem sa vidljivim dugmadima, dodatnim ravnim unutra\u0161njim dugmetom, d\u017eepovima sa preklopima, unutra\u0161njom postavom, smelim zlatnim dugmadima, podstavljenim ramenima i \u0161iljatim reverima. Dvoredni sako od tehni\u010dke tkanine savr\u0161eno se sla\u017ee sa odgovarajuc\u0301im [&hellip;]<\/p>\n","protected":false},"featured_media":8283,"comment_status":"open","ping_status":"closed","template":"","meta":{"site-sidebar-layout":"default","site-content-layout":"","ast-site-content-layout":"default","site-content-style":"default","site-sidebar-style":"default","ast-global-header-display":"","ast-banner-title-visibility":"","ast-main-header-display":"","ast-hfb-above-header-display":"","ast-hfb-below-header-display":"","ast-hfb-mobile-header-display":"","site-post-title":"","ast-breadcrumbs-content":"","ast-featured-img":"","footer-sml-layout":"","theme-transparent-header-meta":"default","adv-header-id-meta":"","stick-header-meta":"","header-above-stick-meta":"","header-main-stick-meta":"","header-below-stick-meta":"","astra-migrate-meta-layouts":"set","ast-page-background-enabled":"default","ast-page-background-meta":{"desktop":{"background-color":"var(--ast-global-color-4)","background-image":"","background-repeat":"repeat","background-position":"center center","background-size":"auto","background-attachment":"scroll","background-type":"","background-media":"","overlay-type":"","overlay-color":"","overlay-opacity":"","overlay-gradient":""},"tablet":{"background-color":"","background-image":"","background-repeat":"repeat","background-position":"center center","background-size":"auto","background-attachment":"scroll","background-type":"","background-media":"","overlay-type":"","overlay-color":"","overlay-opacity":"","overlay-gradient":""},"mobile":{"background-color":"","background-image":"","background-repeat":"repeat","background-position":"center center","background-size":"auto","background-attachment":"scroll","background-type":"","background-media":"","overlay-type":"","overlay-color":"","overlay-opacity":"","overlay-gradient":""}},"ast-content-background-meta":{"desktop":{"background-color":"var(--ast-global-color-5)","background-image":"","background-repeat":"repeat","background-position":"center center","background-size":"auto","background-attachment":"scroll","background-type":"","background-media":"","overlay-type":"","overlay-color":"","overlay-opacity":"","overlay-gradient":""},"tablet":{"background-color":"var(--ast-global-color-5)","background-image":"","background-repeat":"repeat","background-position":"center center","background-size":"auto","background-attachment":"scroll","background-type":"","background-media":"","overlay-type":"","overlay-color":"","overlay-opacity":"","overlay-gradient":""},"mobile":{"background-color":"var(--ast-global-color-5)","background-image":"","background-repeat":"repeat","background-position":"center center","background-size":"auto","background-attachment":"scroll","background-type":"","background-media":"","overlay-type":"","overlay-color":"","overlay-opacity":"","overlay-gradient":""}}},"product_brand":[128],"product_cat":[83],"product_tag":[147,102,146,148],"class_list":{"0":"post-8278","1":"product","2":"type-product","3":"status-publish","4":"has-post-thumbnail","6":"product_brand-rinascimento","7":"product_cat-blejzeri","8":"product_tag-blazer","9":"product_tag-italijanske-odeca","10":"product_tag-jacket","11":"product_tag-sako","12":"desktop-align-center","13":"tablet-align-left","14":"mobile-align-left","16":"first","17":"instock","18":"shipping-taxable","19":"purchasable","20":"product-type-variable"},"yoast_head":"<!-- This site is optimized with the Yoast SEO plugin v27.4 - https:\/\/yoast.com\/product\/yoast-seo-wordpress\/ -->\n<title>Blejzer rinascimento dvoredno kopcanje - Red Carpet Novi Sad<\/title>\n<meta name=\"robots\" content=\"index, follow, max-snippet:-1, max-image-preview:large, max-video-preview:-1\" \/>\n<link rel=\"canonical\" href=\"https:\/\/red-carpet.rs\/en\/product\/blejzer-rinascimento-dvoredno-kopcanje\/\" \/>\n<meta property=\"og:locale\" content=\"en_GB\" \/>\n<meta property=\"og:type\" content=\"article\" \/>\n<meta property=\"og:title\" content=\"Blejzer rinascimento dvoredno kopcanje - Red Carpet Novi Sad\" \/>\n<meta property=\"og:description\" content=\"Dvoredni sako od tehni\u010dke tkanine je smelo dizajniran komad, dizajniran da stilski upotpuni formalniji izgled ove sezone. Izra\u0111en od tehni\u010dke tkanine, odlikuje se dvorednim zakop\u010davanjem sa vidljivim dugmadima, dodatnim ravnim unutra\u0161njim dugmetom, d\u017eepovima sa preklopima, unutra\u0161njom postavom, smelim zlatnim dugmadima, podstavljenim ramenima i \u0161iljatim reverima. Dvoredni sako od tehni\u010dke tkanine savr\u0161eno se sla\u017ee sa odgovarajuc\u0301im [&hellip;]\" \/>\n<meta property=\"og:url\" content=\"https:\/\/red-carpet.rs\/en\/product\/blejzer-rinascimento-dvoredno-kopcanje\/\" \/>\n<meta property=\"og:site_name\" content=\"Red Carpet Novi Sad\" \/>\n<meta property=\"article:publisher\" content=\"https:\/\/www.facebook.com\/RedCarpetItalianFashionStore\/\" \/>\n<meta property=\"article:modified_time\" content=\"2026-01-16T00:03:38+00:00\" \/>\n<meta property=\"og:image\" content=\"https:\/\/red-carpet.rs\/wp-content\/uploads\/2025\/10\/CFC0125438003B604-103-M.jpg\" \/>\n\t<meta property=\"og:image:width\" content=\"487\" \/>\n\t<meta property=\"og:image:height\" content=\"649\" \/>\n\t<meta property=\"og:image:type\" content=\"image\/jpeg\" \/>\n<meta name=\"twitter:card\" content=\"summary_large_image\" \/>\n<meta name=\"twitter:label1\" content=\"Estimated reading time\" \/>\n\t<meta name=\"twitter:data1\" content=\"1 minute\" \/>\n<script type=\"application\/ld+json\" class=\"yoast-schema-graph\">{\"@context\":\"https:\\\/\\\/schema.org\",\"@graph\":[{\"@type\":\"WebPage\",\"@id\":\"https:\\\/\\\/red-carpet.rs\\\/product\\\/blejzer-rinascimento-dvoredno-kopcanje\\\/\",\"url\":\"https:\\\/\\\/red-carpet.rs\\\/product\\\/blejzer-rinascimento-dvoredno-kopcanje\\\/\",\"name\":\"Blejzer rinascimento dvoredno kopcanje - Red Carpet Novi Sad\",\"isPartOf\":{\"@id\":\"https:\\\/\\\/alu.zyc.temporary.site\\\/#website\"},\"primaryImageOfPage\":{\"@id\":\"https:\\\/\\\/red-carpet.rs\\\/product\\\/blejzer-rinascimento-dvoredno-kopcanje\\\/#primaryimage\"},\"image\":{\"@id\":\"https:\\\/\\\/red-carpet.rs\\\/product\\\/blejzer-rinascimento-dvoredno-kopcanje\\\/#primaryimage\"},\"thumbnailUrl\":\"https:\\\/\\\/i0.wp.com\\\/red-carpet.rs\\\/wp-content\\\/uploads\\\/2025\\\/10\\\/CFC0125438003B604-103-M.jpg?fit=487%2C649&ssl=1\",\"datePublished\":\"2025-10-20T01:08:32+00:00\",\"dateModified\":\"2026-01-16T00:03:38+00:00\",\"breadcrumb\":{\"@id\":\"https:\\\/\\\/red-carpet.rs\\\/product\\\/blejzer-rinascimento-dvoredno-kopcanje\\\/#breadcrumb\"},\"inLanguage\":\"en-GB\",\"potentialAction\":[{\"@type\":\"ReadAction\",\"target\":[\"https:\\\/\\\/red-carpet.rs\\\/product\\\/blejzer-rinascimento-dvoredno-kopcanje\\\/\"]}]},{\"@type\":\"ImageObject\",\"inLanguage\":\"en-GB\",\"@id\":\"https:\\\/\\\/red-carpet.rs\\\/product\\\/blejzer-rinascimento-dvoredno-kopcanje\\\/#primaryimage\",\"url\":\"https:\\\/\\\/i0.wp.com\\\/red-carpet.rs\\\/wp-content\\\/uploads\\\/2025\\\/10\\\/CFC0125438003B604-103-M.jpg?fit=487%2C649&ssl=1\",\"contentUrl\":\"https:\\\/\\\/i0.wp.com\\\/red-carpet.rs\\\/wp-content\\\/uploads\\\/2025\\\/10\\\/CFC0125438003B604-103-M.jpg?fit=487%2C649&ssl=1\",\"width\":487,\"height\":649},{\"@type\":\"BreadcrumbList\",\"@id\":\"https:\\\/\\\/red-carpet.rs\\\/product\\\/blejzer-rinascimento-dvoredno-kopcanje\\\/#breadcrumb\",\"itemListElement\":[{\"@type\":\"ListItem\",\"position\":1,\"name\":\"Home\",\"item\":\"https:\\\/\\\/red-carpet.rs\\\/\"},{\"@type\":\"ListItem\",\"position\":2,\"name\":\"Kupovina\",\"item\":\"https:\\\/\\\/red-carpet.rs\\\/kupovina\\\/\"},{\"@type\":\"ListItem\",\"position\":3,\"name\":\"Blejzer rinascimento dvoredno kopcanje\"}]},{\"@type\":\"WebSite\",\"@id\":\"https:\\\/\\\/alu.zyc.temporary.site\\\/#website\",\"url\":\"https:\\\/\\\/alu.zyc.temporary.site\\\/\",\"name\":\"Red Carpet Novi Sad\",\"description\":\"italijanska odeca i obuca Novi Sad\",\"publisher\":{\"@id\":\"https:\\\/\\\/alu.zyc.temporary.site\\\/#organization\"},\"potentialAction\":[{\"@type\":\"SearchAction\",\"target\":{\"@type\":\"EntryPoint\",\"urlTemplate\":\"https:\\\/\\\/alu.zyc.temporary.site\\\/?s={search_term_string}\"},\"query-input\":{\"@type\":\"PropertyValueSpecification\",\"valueRequired\":true,\"valueName\":\"search_term_string\"}}],\"inLanguage\":\"en-GB\"},{\"@type\":\"Organization\",\"@id\":\"https:\\\/\\\/alu.zyc.temporary.site\\\/#organization\",\"name\":\"Red Carpet Novi Sad\",\"url\":\"https:\\\/\\\/alu.zyc.temporary.site\\\/\",\"logo\":{\"@type\":\"ImageObject\",\"inLanguage\":\"en-GB\",\"@id\":\"https:\\\/\\\/alu.zyc.temporary.site\\\/#\\\/schema\\\/logo\\\/image\\\/\",\"url\":\"https:\\\/\\\/i0.wp.com\\\/red-carpet.rs\\\/wp-content\\\/uploads\\\/2025\\\/06\\\/cropped-cropped-red-carpet-izmene-scaled-2.jpg?fit=1307%2C1117&ssl=1\",\"contentUrl\":\"https:\\\/\\\/i0.wp.com\\\/red-carpet.rs\\\/wp-content\\\/uploads\\\/2025\\\/06\\\/cropped-cropped-red-carpet-izmene-scaled-2.jpg?fit=1307%2C1117&ssl=1\",\"width\":1307,\"height\":1117,\"caption\":\"Red Carpet Novi Sad\"},\"image\":{\"@id\":\"https:\\\/\\\/alu.zyc.temporary.site\\\/#\\\/schema\\\/logo\\\/image\\\/\"},\"sameAs\":[\"https:\\\/\\\/www.facebook.com\\\/RedCarpetItalianFashionStore\\\/\",\"https:\\\/\\\/www.instagram.com\\\/redcarpetfashionstore\\\/\"]}]}<\/script>\n<!-- \/ Yoast SEO plugin. -->","yoast_head_json":{"title":"Blejzer rinascimento dvoredno kopcanje - Red Carpet Novi Sad","robots":{"index":"index","follow":"follow","max-snippet":"max-snippet:-1","max-image-preview":"max-image-preview:large","max-video-preview":"max-video-preview:-1"},"canonical":"https:\/\/red-carpet.rs\/en\/product\/blejzer-rinascimento-dvoredno-kopcanje\/","og_locale":"en_GB","og_type":"article","og_title":"Blejzer rinascimento dvoredno kopcanje - Red Carpet Novi Sad","og_description":"Dvoredni sako od tehni\u010dke tkanine je smelo dizajniran komad, dizajniran da stilski upotpuni formalniji izgled ove sezone. Izra\u0111en od tehni\u010dke tkanine, odlikuje se dvorednim zakop\u010davanjem sa vidljivim dugmadima, dodatnim ravnim unutra\u0161njim dugmetom, d\u017eepovima sa preklopima, unutra\u0161njom postavom, smelim zlatnim dugmadima, podstavljenim ramenima i \u0161iljatim reverima. Dvoredni sako od tehni\u010dke tkanine savr\u0161eno se sla\u017ee sa odgovarajuc\u0301im [&hellip;]","og_url":"https:\/\/red-carpet.rs\/en\/product\/blejzer-rinascimento-dvoredno-kopcanje\/","og_site_name":"Red Carpet Novi Sad","article_publisher":"https:\/\/www.facebook.com\/RedCarpetItalianFashionStore\/","article_modified_time":"2026-01-16T00:03:38+00:00","og_image":[{"width":487,"height":649,"url":"https:\/\/red-carpet.rs\/wp-content\/uploads\/2025\/10\/CFC0125438003B604-103-M.jpg","type":"image\/jpeg"}],"twitter_card":"summary_large_image","twitter_misc":{"Estimated reading time":"1 minute"},"schema":{"@context":"https:\/\/schema.org","@graph":[{"@type":"WebPage","@id":"https:\/\/red-carpet.rs\/product\/blejzer-rinascimento-dvoredno-kopcanje\/","url":"https:\/\/red-carpet.rs\/product\/blejzer-rinascimento-dvoredno-kopcanje\/","name":"Blejzer rinascimento dvoredno kopcanje - Red Carpet Novi Sad","isPartOf":{"@id":"https:\/\/alu.zyc.temporary.site\/#website"},"primaryImageOfPage":{"@id":"https:\/\/red-carpet.rs\/product\/blejzer-rinascimento-dvoredno-kopcanje\/#primaryimage"},"image":{"@id":"https:\/\/red-carpet.rs\/product\/blejzer-rinascimento-dvoredno-kopcanje\/#primaryimage"},"thumbnailUrl":"https:\/\/i0.wp.com\/red-carpet.rs\/wp-content\/uploads\/2025\/10\/CFC0125438003B604-103-M.jpg?fit=487%2C649&ssl=1","datePublished":"2025-10-20T01:08:32+00:00","dateModified":"2026-01-16T00:03:38+00:00","breadcrumb":{"@id":"https:\/\/red-carpet.rs\/product\/blejzer-rinascimento-dvoredno-kopcanje\/#breadcrumb"},"inLanguage":"en-GB","potentialAction":[{"@type":"ReadAction","target":["https:\/\/red-carpet.rs\/product\/blejzer-rinascimento-dvoredno-kopcanje\/"]}]},{"@type":"ImageObject","inLanguage":"en-GB","@id":"https:\/\/red-carpet.rs\/product\/blejzer-rinascimento-dvoredno-kopcanje\/#primaryimage","url":"https:\/\/i0.wp.com\/red-carpet.rs\/wp-content\/uploads\/2025\/10\/CFC0125438003B604-103-M.jpg?fit=487%2C649&ssl=1","contentUrl":"https:\/\/i0.wp.com\/red-carpet.rs\/wp-content\/uploads\/2025\/10\/CFC0125438003B604-103-M.jpg?fit=487%2C649&ssl=1","width":487,"height":649},{"@type":"BreadcrumbList","@id":"https:\/\/red-carpet.rs\/product\/blejzer-rinascimento-dvoredno-kopcanje\/#breadcrumb","itemListElement":[{"@type":"ListItem","position":1,"name":"Home","item":"https:\/\/red-carpet.rs\/"},{"@type":"ListItem","position":2,"name":"Kupovina","item":"https:\/\/red-carpet.rs\/kupovina\/"},{"@type":"ListItem","position":3,"name":"Blejzer rinascimento dvoredno kopcanje"}]},{"@type":"WebSite","@id":"https:\/\/alu.zyc.temporary.site\/#website","url":"https:\/\/alu.zyc.temporary.site\/","name":"Red Carpet Novi Sad","description":"italijanska odeca i obuca Novi Sad","publisher":{"@id":"https:\/\/alu.zyc.temporary.site\/#organization"},"potentialAction":[{"@type":"SearchAction","target":{"@type":"EntryPoint","urlTemplate":"https:\/\/alu.zyc.temporary.site\/?s={search_term_string}"},"query-input":{"@type":"PropertyValueSpecification","valueRequired":true,"valueName":"search_term_string"}}],"inLanguage":"en-GB"},{"@type":"Organization","@id":"https:\/\/alu.zyc.temporary.site\/#organization","name":"Red Carpet Novi Sad","url":"https:\/\/alu.zyc.temporary.site\/","logo":{"@type":"ImageObject","inLanguage":"en-GB","@id":"https:\/\/alu.zyc.temporary.site\/#\/schema\/logo\/image\/","url":"https:\/\/i0.wp.com\/red-carpet.rs\/wp-content\/uploads\/2025\/06\/cropped-cropped-red-carpet-izmene-scaled-2.jpg?fit=1307%2C1117&ssl=1","contentUrl":"https:\/\/i0.wp.com\/red-carpet.rs\/wp-content\/uploads\/2025\/06\/cropped-cropped-red-carpet-izmene-scaled-2.jpg?fit=1307%2C1117&ssl=1","width":1307,"height":1117,"caption":"Red Carpet Novi Sad"},"image":{"@id":"https:\/\/alu.zyc.temporary.site\/#\/schema\/logo\/image\/"},"sameAs":["https:\/\/www.facebook.com\/RedCarpetItalianFashionStore\/","https:\/\/www.instagram.com\/redcarpetfashionstore\/"]}]}},"jetpack_sharing_enabled":true,"_links":{"self":[{"href":"https:\/\/red-carpet.rs\/en\/wp-json\/wp\/v2\/product\/8278","targetHints":{"allow":["GET"]}}],"collection":[{"href":"https:\/\/red-carpet.rs\/en\/wp-json\/wp\/v2\/product"}],"about":[{"href":"https:\/\/red-carpet.rs\/en\/wp-json\/wp\/v2\/types\/product"}],"replies":[{"embeddable":true,"href":"https:\/\/red-carpet.rs\/en\/wp-json\/wp\/v2\/comments?post=8278"}],"wp:featuredmedia":[{"embeddable":true,"href":"https:\/\/red-carpet.rs\/en\/wp-json\/wp\/v2\/media\/8283"}],"wp:attachment":[{"href":"https:\/\/red-carpet.rs\/en\/wp-json\/wp\/v2\/media?parent=8278"}],"wp:term":[{"taxonomy":"product_brand","embeddable":true,"href":"https:\/\/red-carpet.rs\/en\/wp-json\/wp\/v2\/product_brand?post=8278"},{"taxonomy":"product_cat","embeddable":true,"href":"https:\/\/red-carpet.rs\/en\/wp-json\/wp\/v2\/product_cat?post=8278"},{"taxonomy":"product_tag","embeddable":true,"href":"https:\/\/red-carpet.rs\/en\/wp-json\/wp\/v2\/product_tag?post=8278"}],"curies":[{"name":"wp","href":"https:\/\/api.w.org\/{rel}","templated":true}]}}