{"id":9015,"date":"2025-11-04T20:56:31","date_gmt":"2025-11-04T20:56:31","guid":{"rendered":"https:\/\/red-carpet.rs\/?post_type=product&#038;p=9015"},"modified":"2026-01-18T18:47:43","modified_gmt":"2026-01-18T18:47:43","slug":"strukirani-blejzer-kontatto","status":"publish","type":"product","link":"https:\/\/red-carpet.rs\/en\/product\/strukirani-blejzer-kontatto\/","title":{"rendered":"Strukirani blejzer Kontatto"},"content":{"rendered":"<div class=\"product attribute description\">\n<div class=\"value\">\n<p>Kontato blejzer ravnog kroja koji isti\u010de siluetu. Fluidna tkanina meke na dodir i blago rastegljiva za svakodnevnu udobnost. Dvoredno kop\u010danje sa definisanim reverima, na\u0161ivenim d\u017eepovima i prugastim bo\u010dnim trakama koje smanjuju struk. Idealan za kancelariju i ve\u010dernji izgled uz odgovarajuc\u0301e pantalone ili teksas.<\/p>\n<p>Sastav: 58% VI 32% NY 7% EA T2: 100% PL<\/p>\n<p>Kontato kolekcija jesen\/zima 2025\/26<\/p>\n<\/div>\n<\/div>","protected":false},"excerpt":{"rendered":"<p>Kontato blejzer ravnog kroja koji isti\u010de siluetu. Fluidna tkanina meke na dodir i blago rastegljiva za svakodnevnu udobnost. Dvoredno kop\u010danje sa definisanim reverima, na\u0161ivenim d\u017eepovima i prugastim bo\u010dnim trakama koje smanjuju struk. Idealan za kancelariju i ve\u010dernji izgled uz odgovarajuc\u0301e pantalone ili teksas.<\/p>\n<p>Sastav: 58% VI 32% NY 7% EA T2: 100% PL<\/p>\n<p>Kontato kolekcija jesen\/zima 2025\/26<\/p>","protected":false},"featured_media":9027,"comment_status":"open","ping_status":"closed","template":"","meta":{"site-sidebar-layout":"default","site-content-layout":"","ast-site-content-layout":"default","site-content-style":"default","site-sidebar-style":"default","ast-global-header-display":"","ast-banner-title-visibility":"","ast-main-header-display":"","ast-hfb-above-header-display":"","ast-hfb-below-header-display":"","ast-hfb-mobile-header-display":"","site-post-title":"","ast-breadcrumbs-content":"","ast-featured-img":"","footer-sml-layout":"","theme-transparent-header-meta":"default","adv-header-id-meta":"","stick-header-meta":"","header-above-stick-meta":"","header-main-stick-meta":"","header-below-stick-meta":"","astra-migrate-meta-layouts":"set","ast-page-background-enabled":"default","ast-page-background-meta":{"desktop":{"background-color":"var(--ast-global-color-4)","background-image":"","background-repeat":"repeat","background-position":"center center","background-size":"auto","background-attachment":"scroll","background-type":"","background-media":"","overlay-type":"","overlay-color":"","overlay-opacity":"","overlay-gradient":""},"tablet":{"background-color":"","background-image":"","background-repeat":"repeat","background-position":"center center","background-size":"auto","background-attachment":"scroll","background-type":"","background-media":"","overlay-type":"","overlay-color":"","overlay-opacity":"","overlay-gradient":""},"mobile":{"background-color":"","background-image":"","background-repeat":"repeat","background-position":"center center","background-size":"auto","background-attachment":"scroll","background-type":"","background-media":"","overlay-type":"","overlay-color":"","overlay-opacity":"","overlay-gradient":""}},"ast-content-background-meta":{"desktop":{"background-color":"var(--ast-global-color-5)","background-image":"","background-repeat":"repeat","background-position":"center center","background-size":"auto","background-attachment":"scroll","background-type":"","background-media":"","overlay-type":"","overlay-color":"","overlay-opacity":"","overlay-gradient":""},"tablet":{"background-color":"var(--ast-global-color-5)","background-image":"","background-repeat":"repeat","background-position":"center center","background-size":"auto","background-attachment":"scroll","background-type":"","background-media":"","overlay-type":"","overlay-color":"","overlay-opacity":"","overlay-gradient":""},"mobile":{"background-color":"var(--ast-global-color-5)","background-image":"","background-repeat":"repeat","background-position":"center center","background-size":"auto","background-attachment":"scroll","background-type":"","background-media":"","overlay-type":"","overlay-color":"","overlay-opacity":"","overlay-gradient":""}}},"product_brand":[166],"product_cat":[83],"product_tag":[147,102,146,148],"class_list":{"0":"post-9015","1":"product","2":"type-product","3":"status-publish","4":"has-post-thumbnail","6":"product_brand-kontatto","7":"product_cat-blejzeri","8":"product_tag-blazer","9":"product_tag-italijanske-odeca","10":"product_tag-jacket","11":"product_tag-sako","12":"desktop-align-center","13":"tablet-align-left","14":"mobile-align-left","16":"first","17":"instock","18":"sale","19":"shipping-taxable","20":"purchasable","21":"product-type-variable","22":"has-default-attributes"},"yoast_head":"<!-- This site is optimized with the Yoast SEO plugin v27.4 - https:\/\/yoast.com\/product\/yoast-seo-wordpress\/ -->\n<title>Strukirani blejzer Kontatto - Red Carpet Novi Sad<\/title>\n<meta name=\"robots\" content=\"index, follow, max-snippet:-1, max-image-preview:large, max-video-preview:-1\" \/>\n<link rel=\"canonical\" href=\"https:\/\/red-carpet.rs\/en\/product\/strukirani-blejzer-kontatto\/\" \/>\n<meta property=\"og:locale\" content=\"en_GB\" \/>\n<meta property=\"og:type\" content=\"article\" \/>\n<meta property=\"og:title\" content=\"Strukirani blejzer Kontatto - Red Carpet Novi Sad\" \/>\n<meta property=\"og:description\" content=\"Kontato blejzer ravnog kroja koji isti\u010de siluetu. Fluidna tkanina meke na dodir i blago rastegljiva za svakodnevnu udobnost. Dvoredno kop\u010danje sa definisanim reverima, na\u0161ivenim d\u017eepovima i prugastim bo\u010dnim trakama koje smanjuju struk. Idealan za kancelariju i ve\u010dernji izgled uz odgovarajuc\u0301e pantalone ili teksas.  Sastav: 58% VI 32% NY 7% EA T2: 100% PL  Kontato kolekcija jesen\/zima 2025\/26\" \/>\n<meta property=\"og:url\" content=\"https:\/\/red-carpet.rs\/en\/product\/strukirani-blejzer-kontatto\/\" \/>\n<meta property=\"og:site_name\" content=\"Red Carpet Novi Sad\" \/>\n<meta property=\"article:publisher\" content=\"https:\/\/www.facebook.com\/RedCarpetItalianFashionStore\/\" \/>\n<meta property=\"article:modified_time\" content=\"2026-01-18T18:47:43+00:00\" \/>\n<meta name=\"twitter:card\" content=\"summary_large_image\" \/>\n<script type=\"application\/ld+json\" class=\"yoast-schema-graph\">{\"@context\":\"https:\\\/\\\/schema.org\",\"@graph\":[{\"@type\":\"WebPage\",\"@id\":\"https:\\\/\\\/red-carpet.rs\\\/product\\\/strukirani-blejzer-kontatto\\\/\",\"url\":\"https:\\\/\\\/red-carpet.rs\\\/product\\\/strukirani-blejzer-kontatto\\\/\",\"name\":\"Strukirani blejzer Kontatto - Red Carpet Novi Sad\",\"isPartOf\":{\"@id\":\"https:\\\/\\\/alu.zyc.temporary.site\\\/#website\"},\"primaryImageOfPage\":{\"@id\":\"https:\\\/\\\/red-carpet.rs\\\/product\\\/strukirani-blejzer-kontatto\\\/#primaryimage\"},\"image\":{\"@id\":\"https:\\\/\\\/red-carpet.rs\\\/product\\\/strukirani-blejzer-kontatto\\\/#primaryimage\"},\"thumbnailUrl\":\"https:\\\/\\\/red-carpet.rs\\\/wp-content\\\/uploads\\\/2025\\\/11\\\/giacca-doppio-petto-banda-kontatto-hu805n-in-giacche.avif\",\"datePublished\":\"2025-11-04T20:56:31+00:00\",\"dateModified\":\"2026-01-18T18:47:43+00:00\",\"breadcrumb\":{\"@id\":\"https:\\\/\\\/red-carpet.rs\\\/product\\\/strukirani-blejzer-kontatto\\\/#breadcrumb\"},\"inLanguage\":\"en-GB\",\"potentialAction\":[{\"@type\":\"ReadAction\",\"target\":[\"https:\\\/\\\/red-carpet.rs\\\/product\\\/strukirani-blejzer-kontatto\\\/\"]}]},{\"@type\":\"ImageObject\",\"inLanguage\":\"en-GB\",\"@id\":\"https:\\\/\\\/red-carpet.rs\\\/product\\\/strukirani-blejzer-kontatto\\\/#primaryimage\",\"url\":\"https:\\\/\\\/red-carpet.rs\\\/wp-content\\\/uploads\\\/2025\\\/11\\\/giacca-doppio-petto-banda-kontatto-hu805n-in-giacche.avif\",\"contentUrl\":\"https:\\\/\\\/red-carpet.rs\\\/wp-content\\\/uploads\\\/2025\\\/11\\\/giacca-doppio-petto-banda-kontatto-hu805n-in-giacche.avif\",\"width\":900,\"height\":959},{\"@type\":\"BreadcrumbList\",\"@id\":\"https:\\\/\\\/red-carpet.rs\\\/product\\\/strukirani-blejzer-kontatto\\\/#breadcrumb\",\"itemListElement\":[{\"@type\":\"ListItem\",\"position\":1,\"name\":\"Home\",\"item\":\"https:\\\/\\\/red-carpet.rs\\\/\"},{\"@type\":\"ListItem\",\"position\":2,\"name\":\"Kupovina\",\"item\":\"https:\\\/\\\/red-carpet.rs\\\/kupovina\\\/\"},{\"@type\":\"ListItem\",\"position\":3,\"name\":\"Strukirani blejzer Kontatto\"}]},{\"@type\":\"WebSite\",\"@id\":\"https:\\\/\\\/alu.zyc.temporary.site\\\/#website\",\"url\":\"https:\\\/\\\/alu.zyc.temporary.site\\\/\",\"name\":\"Red Carpet Novi Sad\",\"description\":\"italijanska odeca i obuca Novi Sad\",\"publisher\":{\"@id\":\"https:\\\/\\\/alu.zyc.temporary.site\\\/#organization\"},\"potentialAction\":[{\"@type\":\"SearchAction\",\"target\":{\"@type\":\"EntryPoint\",\"urlTemplate\":\"https:\\\/\\\/alu.zyc.temporary.site\\\/?s={search_term_string}\"},\"query-input\":{\"@type\":\"PropertyValueSpecification\",\"valueRequired\":true,\"valueName\":\"search_term_string\"}}],\"inLanguage\":\"en-GB\"},{\"@type\":\"Organization\",\"@id\":\"https:\\\/\\\/alu.zyc.temporary.site\\\/#organization\",\"name\":\"Red Carpet Novi Sad\",\"url\":\"https:\\\/\\\/alu.zyc.temporary.site\\\/\",\"logo\":{\"@type\":\"ImageObject\",\"inLanguage\":\"en-GB\",\"@id\":\"https:\\\/\\\/alu.zyc.temporary.site\\\/#\\\/schema\\\/logo\\\/image\\\/\",\"url\":\"https:\\\/\\\/i0.wp.com\\\/red-carpet.rs\\\/wp-content\\\/uploads\\\/2025\\\/06\\\/cropped-cropped-red-carpet-izmene-scaled-2.jpg?fit=1307%2C1117&ssl=1\",\"contentUrl\":\"https:\\\/\\\/i0.wp.com\\\/red-carpet.rs\\\/wp-content\\\/uploads\\\/2025\\\/06\\\/cropped-cropped-red-carpet-izmene-scaled-2.jpg?fit=1307%2C1117&ssl=1\",\"width\":1307,\"height\":1117,\"caption\":\"Red Carpet Novi Sad\"},\"image\":{\"@id\":\"https:\\\/\\\/alu.zyc.temporary.site\\\/#\\\/schema\\\/logo\\\/image\\\/\"},\"sameAs\":[\"https:\\\/\\\/www.facebook.com\\\/RedCarpetItalianFashionStore\\\/\",\"https:\\\/\\\/www.instagram.com\\\/redcarpetfashionstore\\\/\"]}]}<\/script>\n<!-- \/ Yoast SEO plugin. -->","yoast_head_json":{"title":"Strukirani blejzer Kontatto - Red Carpet Novi Sad","robots":{"index":"index","follow":"follow","max-snippet":"max-snippet:-1","max-image-preview":"max-image-preview:large","max-video-preview":"max-video-preview:-1"},"canonical":"https:\/\/red-carpet.rs\/en\/product\/strukirani-blejzer-kontatto\/","og_locale":"en_GB","og_type":"article","og_title":"Strukirani blejzer Kontatto - Red Carpet Novi Sad","og_description":"Kontato blejzer ravnog kroja koji isti\u010de siluetu. Fluidna tkanina meke na dodir i blago rastegljiva za svakodnevnu udobnost. Dvoredno kop\u010danje sa definisanim reverima, na\u0161ivenim d\u017eepovima i prugastim bo\u010dnim trakama koje smanjuju struk. Idealan za kancelariju i ve\u010dernji izgled uz odgovarajuc\u0301e pantalone ili teksas.  Sastav: 58% VI 32% NY 7% EA T2: 100% PL  Kontato kolekcija jesen\/zima 2025\/26","og_url":"https:\/\/red-carpet.rs\/en\/product\/strukirani-blejzer-kontatto\/","og_site_name":"Red Carpet Novi Sad","article_publisher":"https:\/\/www.facebook.com\/RedCarpetItalianFashionStore\/","article_modified_time":"2026-01-18T18:47:43+00:00","twitter_card":"summary_large_image","schema":{"@context":"https:\/\/schema.org","@graph":[{"@type":"WebPage","@id":"https:\/\/red-carpet.rs\/product\/strukirani-blejzer-kontatto\/","url":"https:\/\/red-carpet.rs\/product\/strukirani-blejzer-kontatto\/","name":"Strukirani blejzer Kontatto - Red Carpet Novi Sad","isPartOf":{"@id":"https:\/\/alu.zyc.temporary.site\/#website"},"primaryImageOfPage":{"@id":"https:\/\/red-carpet.rs\/product\/strukirani-blejzer-kontatto\/#primaryimage"},"image":{"@id":"https:\/\/red-carpet.rs\/product\/strukirani-blejzer-kontatto\/#primaryimage"},"thumbnailUrl":"https:\/\/red-carpet.rs\/wp-content\/uploads\/2025\/11\/giacca-doppio-petto-banda-kontatto-hu805n-in-giacche.avif","datePublished":"2025-11-04T20:56:31+00:00","dateModified":"2026-01-18T18:47:43+00:00","breadcrumb":{"@id":"https:\/\/red-carpet.rs\/product\/strukirani-blejzer-kontatto\/#breadcrumb"},"inLanguage":"en-GB","potentialAction":[{"@type":"ReadAction","target":["https:\/\/red-carpet.rs\/product\/strukirani-blejzer-kontatto\/"]}]},{"@type":"ImageObject","inLanguage":"en-GB","@id":"https:\/\/red-carpet.rs\/product\/strukirani-blejzer-kontatto\/#primaryimage","url":"https:\/\/red-carpet.rs\/wp-content\/uploads\/2025\/11\/giacca-doppio-petto-banda-kontatto-hu805n-in-giacche.avif","contentUrl":"https:\/\/red-carpet.rs\/wp-content\/uploads\/2025\/11\/giacca-doppio-petto-banda-kontatto-hu805n-in-giacche.avif","width":900,"height":959},{"@type":"BreadcrumbList","@id":"https:\/\/red-carpet.rs\/product\/strukirani-blejzer-kontatto\/#breadcrumb","itemListElement":[{"@type":"ListItem","position":1,"name":"Home","item":"https:\/\/red-carpet.rs\/"},{"@type":"ListItem","position":2,"name":"Kupovina","item":"https:\/\/red-carpet.rs\/kupovina\/"},{"@type":"ListItem","position":3,"name":"Strukirani blejzer Kontatto"}]},{"@type":"WebSite","@id":"https:\/\/alu.zyc.temporary.site\/#website","url":"https:\/\/alu.zyc.temporary.site\/","name":"Red Carpet Novi Sad","description":"italijanska odeca i obuca Novi Sad","publisher":{"@id":"https:\/\/alu.zyc.temporary.site\/#organization"},"potentialAction":[{"@type":"SearchAction","target":{"@type":"EntryPoint","urlTemplate":"https:\/\/alu.zyc.temporary.site\/?s={search_term_string}"},"query-input":{"@type":"PropertyValueSpecification","valueRequired":true,"valueName":"search_term_string"}}],"inLanguage":"en-GB"},{"@type":"Organization","@id":"https:\/\/alu.zyc.temporary.site\/#organization","name":"Red Carpet Novi Sad","url":"https:\/\/alu.zyc.temporary.site\/","logo":{"@type":"ImageObject","inLanguage":"en-GB","@id":"https:\/\/alu.zyc.temporary.site\/#\/schema\/logo\/image\/","url":"https:\/\/i0.wp.com\/red-carpet.rs\/wp-content\/uploads\/2025\/06\/cropped-cropped-red-carpet-izmene-scaled-2.jpg?fit=1307%2C1117&ssl=1","contentUrl":"https:\/\/i0.wp.com\/red-carpet.rs\/wp-content\/uploads\/2025\/06\/cropped-cropped-red-carpet-izmene-scaled-2.jpg?fit=1307%2C1117&ssl=1","width":1307,"height":1117,"caption":"Red Carpet Novi Sad"},"image":{"@id":"https:\/\/alu.zyc.temporary.site\/#\/schema\/logo\/image\/"},"sameAs":["https:\/\/www.facebook.com\/RedCarpetItalianFashionStore\/","https:\/\/www.instagram.com\/redcarpetfashionstore\/"]}]}},"jetpack_sharing_enabled":true,"_links":{"self":[{"href":"https:\/\/red-carpet.rs\/en\/wp-json\/wp\/v2\/product\/9015","targetHints":{"allow":["GET"]}}],"collection":[{"href":"https:\/\/red-carpet.rs\/en\/wp-json\/wp\/v2\/product"}],"about":[{"href":"https:\/\/red-carpet.rs\/en\/wp-json\/wp\/v2\/types\/product"}],"replies":[{"embeddable":true,"href":"https:\/\/red-carpet.rs\/en\/wp-json\/wp\/v2\/comments?post=9015"}],"wp:featuredmedia":[{"embeddable":true,"href":"https:\/\/red-carpet.rs\/en\/wp-json\/wp\/v2\/media\/9027"}],"wp:attachment":[{"href":"https:\/\/red-carpet.rs\/en\/wp-json\/wp\/v2\/media?parent=9015"}],"wp:term":[{"taxonomy":"product_brand","embeddable":true,"href":"https:\/\/red-carpet.rs\/en\/wp-json\/wp\/v2\/product_brand?post=9015"},{"taxonomy":"product_cat","embeddable":true,"href":"https:\/\/red-carpet.rs\/en\/wp-json\/wp\/v2\/product_cat?post=9015"},{"taxonomy":"product_tag","embeddable":true,"href":"https:\/\/red-carpet.rs\/en\/wp-json\/wp\/v2\/product_tag?post=9015"}],"curies":[{"name":"wp","href":"https:\/\/api.w.org\/{rel}","templated":true}]}}